{"id":85,"date":"2023-11-18T19:50:31","date_gmt":"2023-11-18T16:50:31","guid":{"rendered":"http:\/\/1xbet.team-dignitas.net\/fr\/?page_id=85"},"modified":"2024-02-07T19:48:16","modified_gmt":"2024-02-07T16:48:16","slug":"bonus","status":"publish","type":"page","link":"https:\/\/1xbet.team-dignitas.net\/fr\/bonus\/","title":{"rendered":"Bonus et promotions sur 1xBet"},"content":{"rendered":"<p>1xBet est une plateforme populaire sur laquelle vous pouvez placer des paris sportifs. Une vari\u00e9t\u00e9 de jeux de casino sont \u00e9galement disponibles. La plus grande valeur est cependant le g\u00e9n\u00e9reux bonus de bienvenue. Chaque nouveau client a la possibilit\u00e9 de recevoir jusqu&rsquo;\u00e0 200$ imm\u00e9diatement apr\u00e8s son inscription. Cela vaut la peine d&rsquo;examiner de plus pr\u00e8s les promotions de recharge, les remises en argent et autres offres, qui seront discut\u00e9es plus en d\u00e9tail.<\/p>\n<p><img loading=\"lazy\" decoding=\"async\" class=\"alignnone size-full wp-image-621\" src=\"https:\/\/1xbet.team-dignitas.net\/fr\/wp-content\/uploads\/bonus-3.png\" alt=\"1bonus xbet\" width=\"1300\" height=\"735\" srcset=\"https:\/\/1xbet.team-dignitas.net\/fr\/wp-content\/uploads\/bonus-3.png 1300w, https:\/\/1xbet.team-dignitas.net\/fr\/wp-content\/uploads\/bonus-3-768x434.png 768w\" sizes=\"auto, (max-width: 1300px) 100vw, 1300px\" \/><\/p>\n<h2>Bonus de premier d\u00e9p\u00f4t 1x<\/h2>\n<p>Le bookmaker propose d\u2019excellents bonus de bienvenue, qui attirent de nombreux joueurs. Pour les amateurs de paris sportifs, un cadeau de 100$ est offert. Il suffit de cr\u00e9er un compte puis de recharger votre compte avec 1 dollar. N&rsquo;oubliez pas que l&rsquo;offre est ax\u00e9e uniquement sur les paris sportifs.<\/p>\n<p>Si vous aimez les jeux de casino, le bookmaker vous a pr\u00e9par\u00e9 une incitation alternative. Vous pourrez gagner jusqu&rsquo;\u00e0 1 500 euros et 150 tours gratuits. Il vous suffit de transf\u00e9rer au moins 10 euros sur votre compte de jeu.<\/p>\n<p>Vous n&rsquo;avez pas besoin de chercher un code promotionnel pour activer votre bonus de bienvenue. S\u00e9lectionnez simplement l&rsquo;une des deux promotions lors de la cr\u00e9ation de votre compte. Cela peut \u00e9galement \u00eatre fait dans votre compte personnel dans la section \u00ab\u00a0Profil\u00a0\u00bb.<\/p>\n<p>Ainsi, deux excellentes offres promotionnelles ont \u00e9t\u00e9 pr\u00e9par\u00e9es pour tous les nouveaux clients. Vous pouvez augmenter vos chances de gagner sur les machines \u00e0 sous en ligne populaires ou en pariant sur des \u00e9v\u00e9nements sportifs.<\/p>\n<h2>Autres bonus de d\u00e9p\u00f4t<\/h2>\n<p>En plus des bonus de bienvenue, d\u2019autres offres promotionnelles lucratives sont disponibles sur la plateforme :<\/p>\n<ul>\n<li>Lucky Friday : la promotion offre la possibilit\u00e9 de recevoir jusqu&rsquo;\u00e0 100 euros chaque vendredi avec un d\u00e9p\u00f4t de 1 euro. Pour participer, il vous suffit de recharger quotidiennement votre compte de jeu ;<\/li>\n<li>Promotion du mercredi : vous pouvez \u00e9galement gagner jusqu&rsquo;\u00e0 100 euros tous les mercredis. L&rsquo;offre sera disponible d\u00e8s que vous r\u00e9clamerez le bonus \u00ab Lucky Friday \u00bb et placerez au moins 10 paris sur des sports avec une cote de 1,4 ou plus.<\/li>\n<\/ul>\n<p>Gr\u00e2ce aux promotions de rechargement, vous pourrez augmenter la probabilit\u00e9 de gagner. Les offres s&rsquo;adressent \u00e0 tous les parieurs actifs.<\/p>\n<h2>Remboursement<\/h2>\n<p>De plus, le bookmaker propose une vari\u00e9t\u00e9 de bonus cashback, notamment du cashback VIP, qui d\u00e9pend du niveau de prime et peut atteindre 11 %. Il y a \u00e9galement une remise en argent de 10 % lors du r\u00e9approvisionnement de votre solde avec un montant de 20$ ou plus, mais lors de l&rsquo;utilisation de certains instruments de paiement. La liste des services se trouve dans les termes et conditions de la promotion.<\/p>\n<p>De plus, tous les parieurs ont acc\u00e8s \u00e0 un rendement hebdomadaire de 0,18 % du montant total des paris plac\u00e9s sur des \u00e9v\u00e9nements avec une cote de 1,8 ou plus.<\/p>\n<p>Avec ces bonus, le bookmaker 1xBet s&rsquo;efforce de maintenir l&rsquo;int\u00e9r\u00eat et la fid\u00e9lit\u00e9 des joueurs, et offre des chances suppl\u00e9mentaires de gagner. Pour en savoir plus sur les termes et conditions, contactez le support technique ou consultez la section \u00ab Promotions \u00bb.<\/p>\n<p><img loading=\"lazy\" decoding=\"async\" class=\"alignnone size-full wp-image-564\" src=\"https:\/\/1xbet.team-dignitas.net\/fr\/wp-content\/uploads\/moneyback.png\" alt=\"1xbet rembours\u00e9\" width=\"1300\" height=\"735\" srcset=\"https:\/\/1xbet.team-dignitas.net\/fr\/wp-content\/uploads\/moneyback.png 1300w, https:\/\/1xbet.team-dignitas.net\/fr\/wp-content\/uploads\/moneyback-768x434.png 768w\" sizes=\"auto, (max-width: 1300px) 100vw, 1300px\" \/><\/p>\n<h2>Actions<\/h2>\n<p>En plus de l&rsquo;incitation de bienvenue, il existe de nombreuses autres offres destin\u00e9es aux utilisateurs nouveaux et existants. Vous pouvez consulter toutes les promotions disponibles sur le site officiel. Il est \u00e9galement recommand\u00e9 de lire attentivement les termes et conditions pour vous assurer que vous serez en mesure de finaliser le pari dans le temps imparti.<\/p>\n<h3>Gagner x2<\/h3>\n<p>Profitez des jeux de casino et courez la chance de doubler vos gains. Pour participer \u00e0 la promotion, vous devez placer des paris de 1 $. Il faut cependant lancer certaines machines \u00e0 sous, qui sont pr\u00e9sent\u00e9es sur la page 1xGames. Si vous avez de la chance, vos gains seront augment\u00e9s de 100 %. Chaque jour, des milliers d&rsquo;utilisateurs al\u00e9atoires re\u00e7oivent ce bonus. Pour participer \u00e0 la promotion, rechargez simplement votre compte et commencez \u00e0 jouer avec de l&rsquo;argent.<\/p>\n<h3>Remboursement des paris sur le football<\/h3>\n<p>Comme vous pouvez le deviner, l\u2019offre est con\u00e7ue pour int\u00e9resser les fans de football. L&rsquo;astuce est que vous pouvez r\u00e9cup\u00e9rer jusqu&rsquo;\u00e0 20$ si le score final du match est de 0:0. Pour participer \u00e0 ce programme, vous devez placer un pari unique au format 1&#215;2. Si la premi\u00e8re mi-temps se termine par un match nul sans but marqu\u00e9 et que votre pari est perdant, le bookmaker transf\u00e9rera l&rsquo;argent du pari sur votre solde.<\/p>\n<p>Un pari gagnant-gagnant sur l\u2019eSport<\/p>\n<p>Comme son nom l\u2019indique, ce bonus de 1xBet est une excellente option pour les fans d\u2019eSports. Selon les conditions, vous \u00eates autoris\u00e9 \u00e0 faire un pari unique sur le r\u00e9sultat des matchs, qui sont pr\u00e9sent\u00e9s sur une page promotionnelle sp\u00e9ciale. En cas de pr\u00e9vision incorrecte, vous restituerez le montant du pari. De plus, vous pouvez parier en live et en pr\u00e9-match.<\/p>\n<h3>Casino<\/h3>\n<p>Pour les amateurs de jeux de casino, des offres promotionnelles non moins r\u00e9mun\u00e9ratrices sont propos\u00e9es. Inscrivez-vous sur le site officiel <a href=\"https:\/\/1xbet.team-dignitas.net\/fr\/\">du bookmaker 1xbet<\/a> et d\u00e9bloquez les promotions suivantes :<\/p>\n<ul>\n<li>Kit de bienvenue \u2013 jusqu&rsquo;\u00e0 1 500 euros et 150 tours gratuits pour le premier d\u00e9p\u00f4t ;<\/li>\n<li>Bonus de fid\u00e9lit\u00e9 \u2013 300 euros et 100 tours gratuits pour le 10\u00e8me d\u00e9p\u00f4t ;<\/li>\n<li>Jeu du jour \u2013 placez de vrais paris sur les machines \u00e0 sous et gagnez des tours gratuits\u00a0;<\/li>\n<li>Cashback VIP \u2013 effectuez des d\u00e9p\u00f4ts r\u00e9guli\u00e8rement et recevez des cashbacks chaque semaine<\/li>\n<\/ul>\n<p>De plus, l&rsquo;administration de la plateforme lance p\u00e9riodiquement des promotions temporaires, au cours desquelles vous pouvez gagner un multiplicateur de d\u00e9p\u00f4t, des tours gratuits et m\u00eame aucun d\u00e9p\u00f4t.<\/p>\n<p><img loading=\"lazy\" decoding=\"async\" class=\"alignnone size-full wp-image-630\" src=\"https:\/\/1xbet.team-dignitas.net\/fr\/wp-content\/uploads\/casino.png\" alt=\"Casino1xbet\" width=\"1300\" height=\"735\" srcset=\"https:\/\/1xbet.team-dignitas.net\/fr\/wp-content\/uploads\/casino.png 1300w, https:\/\/1xbet.team-dignitas.net\/fr\/wp-content\/uploads\/casino-768x434.png 768w\" sizes=\"auto, (max-width: 1300px) 100vw, 1300px\" \/><\/p>\n<h3>Poker<\/h3>\n<p>Des offres promotionnelles int\u00e9ressantes et rentables attendent les fans de poker. Par exemple, des tournois sp\u00e9ciaux dot\u00e9s d&rsquo;une cagnotte de 1 200 $ sont lanc\u00e9s quotidiennement. Si vous vous inscrivez \u00e0 l&rsquo;\u00e9v\u00e9nement JP-Spins, vous aurez la possibilit\u00e9 de gagner de g\u00e9n\u00e9reuses r\u00e9compenses en esp\u00e8ces. Bien que l&rsquo;\u00e9v\u00e9nement pr\u00e9f\u00e9r\u00e9 des joueurs soit le Jackpot de Monte Carlo. Il suffit de rejoindre une certaine table et de collecter une combinaison sp\u00e9cifi\u00e9e dans les conditions. Faites-le et recevez 200\u00a0$ en cadeau.<\/p>\n<h2>Comment obtenir un bonus de bienvenue<\/h2>\n<p>Pour r\u00e9cup\u00e9rer un cadeau d\u00e8s maintenant, suivez simplement quelques \u00e9tapes simples. Suivez les instructions:<\/p>\n<ol>\n<li>Inscrivez-vous sur le site officiel du bookmaker 1xbet ;<\/li>\n<li>Activez votre compte;<\/li>\n<li>Choisissez l&rsquo;une des deux offres promotionnelles\u00a0;<\/li>\n<li>Rechargez votre compte avec 1$.<\/li>\n<\/ol>\n<p>Lorsque vous remplissez toutes les conditions, l&rsquo;administration transf\u00e9rera la r\u00e9compense sur votre compte bonus. Augmentez votre bankroll de d\u00e9part ou r\u00e9clamez des tours gratuits, et vous \u00eates assur\u00e9 d&rsquo;augmenter vos chances de gagner\u00a0!<\/p>\n<h2>Bonus mobiles<\/h2>\n<p>La version mobile de 1xbet offre un acc\u00e8s complet \u00e0 tous les bonus fournis sur l&rsquo;ordinateur. Vous pouvez activer les promotions dont vous avez besoin sans restrictions. Une application sp\u00e9ciale est \u00e9galement disponible pour les appareils Android et iOS. Connectez-vous simplement \u00e0 votre compte existant sur n&rsquo;importe quel smartphone ou tablette, ou cr\u00e9ez un nouveau compte.<\/p>\n<h2>Avantages des bonus<\/h2>\n<p>Les offres promotionnelles disponibles sur le site du bookmaker sont id\u00e9ales pour les joueurs du monde entier. La plateforme propose une large s\u00e9lection de bonus pour tous les go\u00fbts. Malgr\u00e9 le fait que les conditions de mise soient un peu \u00e9lev\u00e9es, des milliers de parieurs utilisent toujours des cadeaux, ce qui contribue \u00e0 augmenter leurs gains. Il est conseill\u00e9 aux d\u00e9butants de regarder de plus pr\u00e8s le kit de bienvenue. De plus, il est facile \u00e0 obtenir, car il vous suffit de vous inscrire puis de recharger votre compte. Dans ce cas, vous n\u2019aurez pas \u00e0 effectuer un d\u00e9p\u00f4t d\u2019un montant important.<\/p>\n<h2>D\u00e9p\u00f4ts et retraits<\/h2>\n<p>Pour activer presque tous les bonus, vous devez d\u2019abord recharger votre solde de jeu. Vous pouvez transf\u00e9rer de l&rsquo;argent en utilisant des cartes bancaires Visa, Mastercard et des portefeuilles \u00e9lectroniques \u2013 Skrill, Neteller, ecoPayz, Bitcoin. Les paiements mobiles via Google Pay sont \u00e9galement disponibles. Veuillez noter que les retraits ne sont disponibles que pour les utilisateurs qui ont r\u00e9ussi la v\u00e9rification.<\/p>\n<p><img loading=\"lazy\" decoding=\"async\" class=\"alignnone size-full wp-image-535\" src=\"https:\/\/1xbet.team-dignitas.net\/fr\/wp-content\/uploads\/deposite.png\" alt=\"d\u00e9p\u00f4t\" width=\"1300\" height=\"735\" srcset=\"https:\/\/1xbet.team-dignitas.net\/fr\/wp-content\/uploads\/deposite.png 1300w, https:\/\/1xbet.team-dignitas.net\/fr\/wp-content\/uploads\/deposite-768x434.png 768w\" sizes=\"auto, (max-width: 1300px) 100vw, 1300px\" \/><\/p>\n<h2>Termes et conditions<\/h2>\n<p>Les informations sur les conditions d\u00e9taill\u00e9es de chaque bonus sont pr\u00e9sent\u00e9es sur la page \u00ab Promotions \u00bb. Malgr\u00e9 la vari\u00e9t\u00e9 des offres sur le site 1xbet, la plupart d\u2019entre elles vous plairont avec des r\u00e8gles similaires. Avant de pouvoir retirer vos gains, vous devrez remplir les conditions de mise et v\u00e9rifier votre identit\u00e9. Il est important de rappeler que le bonus de bienvenue doit \u00eatre activ\u00e9 dans les 30 jours suivant l\u2019inscription et que chaque utilisateur ne peut le recevoir qu\u2019une seule fois.<\/p>\n<h2>Coordonn\u00e9es<\/h2>\n<p>Contactez notre \u00e9quipe d&rsquo;assistance 24h\/24 et 7j\/7 pour toute question. Les op\u00e9rateurs vous aideront \u00e0 effectuer un d\u00e9p\u00f4t, \u00e0 cr\u00e9er une demande de retrait et \u00e0 subir une v\u00e9rification. Pour un retour rapide, utilisez le chat en ligne ou appelez la hotline. La communication par e-mail est \u00e9galement assur\u00e9e et il existe un formulaire sp\u00e9cial sur le site officiel dans la rubrique \u00ab Contacts \u00bb.<\/p>\n<h2>FAQ<\/h2>\n<div class=\"expert-review-faq expert-review-faq--style-simple-1 expert-review-faq--color-blue-1\"><div class=\"expert-review-faq-item\" itemscope itemprop=\"mainEntity\" itemtype=\"https:\/\/schema.org\/Question\">  <div class=\"expert-review-faq-item__question js-expert-review-faq-item-question\" itemprop=\"name\">Comment retirer ses gains ?<\/div>  <div class=\"expert-review-faq-item__answer js-expert-review-faq-item-answer\" style=\"display:none\" itemscope itemprop=\"acceptedAnswer\" itemtype=\"https:\/\/schema.org\/Answer\"><span itemprop=\"text\">Il est n\u00e9cessaire de confirmer votre identit\u00e9 en passant par une v\u00e9rification et de remplir les conditions de mise si vous avez utilis\u00e9 le bonus.<\/div><\/div><div class=\"expert-review-faq-item\" itemscope itemprop=\"mainEntity\" itemtype=\"https:\/\/schema.org\/Question\">  <div class=\"expert-review-faq-item__question js-expert-review-faq-item-question\" itemprop=\"name\">Pendant combien de temps mon bonus est-il disponible ?<\/div>  <div class=\"expert-review-faq-item__answer js-expert-review-faq-item-answer\" style=\"display:none\" itemscope itemprop=\"acceptedAnswer\" itemtype=\"https:\/\/schema.org\/Answer\"><span itemprop=\"text\">Les conditions de mise pour la plupart des bonus doivent \u00eatre remplies dans les 30 jours. Sinon, tout l\u2019argent suppl\u00e9mentaire et les gains obtenus gr\u00e2ce \u00e0 celui-ci seront perdus.<\/div><\/div><div class=\"expert-review-faq-item\" itemscope itemprop=\"mainEntity\" itemtype=\"https:\/\/schema.org\/Question\">  <div class=\"expert-review-faq-item__question js-expert-review-faq-item-question\" itemprop=\"name\">Le bonus de bienvenue est-il avantageux ?<\/div>  <div class=\"expert-review-faq-item__answer js-expert-review-faq-item-answer\" style=\"display:none\" itemscope itemprop=\"acceptedAnswer\" itemtype=\"https:\/\/schema.org\/Answer\"><span itemprop=\"text\">Vous pouvez gagner jusqu'\u00e0 100$ de bonus sur votre premier d\u00e9p\u00f4t, ce qui rend l'offre tr\u00e8s rentable pour les joueurs exp\u00e9riment\u00e9s. Vous pourrez remporter un gros jackpot si vous parvenez \u00e0 remplir les conditions de mise.<\/div><\/div><div class=\"expert-review-faq-item\" itemscope itemprop=\"mainEntity\" itemtype=\"https:\/\/schema.org\/Question\">  <div class=\"expert-review-faq-item__question js-expert-review-faq-item-question\" itemprop=\"name\">Quel est le montant minimum du d\u00e9p\u00f4t ?<\/div>  <div class=\"expert-review-faq-item__answer js-expert-review-faq-item-answer\" style=\"display:none\" itemscope itemprop=\"acceptedAnswer\" itemtype=\"https:\/\/schema.org\/Answer\"><span itemprop=\"text\">Le bureau du bookmaker convient \u00e0 tous les types de parieurs, puisque le montant minimum du d\u00e9p\u00f4t n'est que de 600 XOF.<\/div><\/div><\/div>\n","protected":false},"excerpt":{"rendered":"<p>1xBet est une plateforme populaire sur laquelle vous pouvez placer des paris sportifs. Une vari\u00e9t\u00e9 de jeux de casino sont \u00e9galement disponibles. La plus grande valeur est cependant le g\u00e9n\u00e9reux bonus de bienvenue. Chaque nouveau client a la possibilit\u00e9 de recevoir jusqu&rsquo;\u00e0 200$ imm\u00e9diatement apr\u00e8s son inscription. Cela vaut la peine d&rsquo;examiner de plus pr\u00e8s [&hellip;]<\/p>\n","protected":false},"author":1,"featured_media":621,"parent":0,"menu_order":0,"comment_status":"open","ping_status":"closed","template":"","meta":{"footnotes":""},"class_list":["post-85","page","type-page","status-publish","has-post-thumbnail","hentry"],"yoast_head":"<!-- This site is optimized with the Yoast SEO plugin v22.3 - https:\/\/yoast.com\/wordpress\/plugins\/seo\/ -->\n<title>Bonus 1xBet\u00a0: soyez r\u00e9compens\u00e9 pour vos paris en ligne<\/title>\n<meta name=\"description\" content=\"D\u00e9bloquez des r\u00e9compenses int\u00e9ressantes avec le programme de bonus 1xBet. Inscrivez-vous aujourd&#039;hui et profitez de g\u00e9n\u00e9reux bonus et promotions sur les paris et les casinos en ligne. Des bonus de bienvenue aux paris gratuits et r\u00e9compenses de fid\u00e9lit\u00e9, maximisez vos gains et am\u00e9liorez votre exp\u00e9rience de pari avec 1xBet.\" \/>\n<meta name=\"robots\" content=\"index, follow, max-snippet:-1, max-image-preview:large, max-video-preview:-1\" \/>\n<link rel=\"canonical\" href=\"https:\/\/1xbet.team-dignitas.net\/fr\/bonus\/\" \/>\n<meta property=\"og:type\" content=\"article\" \/>\n<meta property=\"og:title\" content=\"Bonus 1xBet\u00a0: soyez r\u00e9compens\u00e9 pour vos paris en ligne\" \/>\n<meta property=\"og:description\" content=\"D\u00e9bloquez des r\u00e9compenses int\u00e9ressantes avec le programme de bonus 1xBet. Inscrivez-vous aujourd&#039;hui et profitez de g\u00e9n\u00e9reux bonus et promotions sur les paris et les casinos en ligne. Des bonus de bienvenue aux paris gratuits et r\u00e9compenses de fid\u00e9lit\u00e9, maximisez vos gains et am\u00e9liorez votre exp\u00e9rience de pari avec 1xBet.\" \/>\n<meta property=\"og:url\" content=\"https:\/\/1xbet.team-dignitas.net\/fr\/bonus\/\" \/>\n<meta property=\"og:site_name\" content=\"1xBet\" \/>\n<meta property=\"article:publisher\" content=\"https:\/\/www.facebook.com\/groups\/krsk2019\/\" \/>\n<meta property=\"article:modified_time\" content=\"2024-02-07T16:48:16+00:00\" \/>\n<meta property=\"og:image\" content=\"https:\/\/1xbet.team-dignitas.net\/fr\/wp-content\/uploads\/bonus-3.png\" \/>\n\t<meta property=\"og:image:width\" content=\"1300\" \/>\n\t<meta property=\"og:image:height\" content=\"735\" \/>\n\t<meta property=\"og:image:type\" content=\"image\/png\" \/>\n<meta name=\"twitter:card\" content=\"summary_large_image\" \/>\n<meta name=\"twitter:site\" content=\"@xbet_casinos\" \/>\n<meta name=\"twitter:label1\" content=\"Dur\u00e9e de lecture estim\u00e9e\" \/>\n\t<meta name=\"twitter:data1\" content=\"8 minutes\" \/>\n<script type=\"application\/ld+json\" class=\"yoast-schema-graph\">{\"@context\":\"https:\/\/schema.org\",\"@graph\":[{\"@type\":\"WebPage\",\"@id\":\"https:\/\/1xbet.team-dignitas.net\/fr\/bonus\/\",\"url\":\"https:\/\/1xbet.team-dignitas.net\/fr\/bonus\/\",\"name\":\"Bonus 1xBet\u00a0: soyez r\u00e9compens\u00e9 pour vos paris en ligne\",\"isPartOf\":{\"@id\":\"https:\/\/1xbet.team-dignitas.net\/fr\/#website\"},\"primaryImageOfPage\":{\"@id\":\"https:\/\/1xbet.team-dignitas.net\/fr\/bonus\/#primaryimage\"},\"image\":{\"@id\":\"https:\/\/1xbet.team-dignitas.net\/fr\/bonus\/#primaryimage\"},\"thumbnailUrl\":\"https:\/\/1xbet.team-dignitas.net\/fr\/wp-content\/uploads\/bonus-3.png\",\"datePublished\":\"2023-11-18T16:50:31+00:00\",\"dateModified\":\"2024-02-07T16:48:16+00:00\",\"description\":\"D\u00e9bloquez des r\u00e9compenses int\u00e9ressantes avec le programme de bonus 1xBet. Inscrivez-vous aujourd'hui et profitez de g\u00e9n\u00e9reux bonus et promotions sur les paris et les casinos en ligne. Des bonus de bienvenue aux paris gratuits et r\u00e9compenses de fid\u00e9lit\u00e9, maximisez vos gains et am\u00e9liorez votre exp\u00e9rience de pari avec 1xBet.\",\"breadcrumb\":{\"@id\":\"https:\/\/1xbet.team-dignitas.net\/fr\/bonus\/#breadcrumb\"},\"inLanguage\":\"fr-FR\",\"potentialAction\":[{\"@type\":\"ReadAction\",\"target\":[\"https:\/\/1xbet.team-dignitas.net\/fr\/bonus\/\"]}]},{\"@type\":\"ImageObject\",\"inLanguage\":\"fr-FR\",\"@id\":\"https:\/\/1xbet.team-dignitas.net\/fr\/bonus\/#primaryimage\",\"url\":\"https:\/\/1xbet.team-dignitas.net\/fr\/wp-content\/uploads\/bonus-3.png\",\"contentUrl\":\"https:\/\/1xbet.team-dignitas.net\/fr\/wp-content\/uploads\/bonus-3.png\",\"width\":1300,\"height\":735,\"caption\":\"1xbet bonus\"},{\"@type\":\"BreadcrumbList\",\"@id\":\"https:\/\/1xbet.team-dignitas.net\/fr\/bonus\/#breadcrumb\",\"itemListElement\":[{\"@type\":\"ListItem\",\"position\":1,\"name\":\"Accueil\",\"item\":\"https:\/\/1xbet.team-dignitas.net\/fr\/\"},{\"@type\":\"ListItem\",\"position\":2,\"name\":\"Bonus et promotions sur 1xBet\"}]},{\"@type\":\"WebSite\",\"@id\":\"https:\/\/1xbet.team-dignitas.net\/fr\/#website\",\"url\":\"https:\/\/1xbet.team-dignitas.net\/fr\/\",\"name\":\"1xBet\",\"description\":\"1xBet est le meilleur bookmaker et casino\",\"potentialAction\":[{\"@type\":\"SearchAction\",\"target\":{\"@type\":\"EntryPoint\",\"urlTemplate\":\"https:\/\/1xbet.team-dignitas.net\/fr\/?s={search_term_string}\"},\"query-input\":\"required name=search_term_string\"}],\"inLanguage\":\"fr-FR\"}]}<\/script>\n<!-- \/ Yoast SEO plugin. -->","yoast_head_json":{"title":"Bonus 1xBet\u00a0: soyez r\u00e9compens\u00e9 pour vos paris en ligne","description":"D\u00e9bloquez des r\u00e9compenses int\u00e9ressantes avec le programme de bonus 1xBet. Inscrivez-vous aujourd'hui et profitez de g\u00e9n\u00e9reux bonus et promotions sur les paris et les casinos en ligne. Des bonus de bienvenue aux paris gratuits et r\u00e9compenses de fid\u00e9lit\u00e9, maximisez vos gains et am\u00e9liorez votre exp\u00e9rience de pari avec 1xBet.","robots":{"index":"index","follow":"follow","max-snippet":"max-snippet:-1","max-image-preview":"max-image-preview:large","max-video-preview":"max-video-preview:-1"},"canonical":"https:\/\/1xbet.team-dignitas.net\/fr\/bonus\/","og_type":"article","og_title":"Bonus 1xBet\u00a0: soyez r\u00e9compens\u00e9 pour vos paris en ligne","og_description":"D\u00e9bloquez des r\u00e9compenses int\u00e9ressantes avec le programme de bonus 1xBet. Inscrivez-vous aujourd'hui et profitez de g\u00e9n\u00e9reux bonus et promotions sur les paris et les casinos en ligne. Des bonus de bienvenue aux paris gratuits et r\u00e9compenses de fid\u00e9lit\u00e9, maximisez vos gains et am\u00e9liorez votre exp\u00e9rience de pari avec 1xBet.","og_url":"https:\/\/1xbet.team-dignitas.net\/fr\/bonus\/","og_site_name":"1xBet","article_publisher":"https:\/\/www.facebook.com\/groups\/krsk2019\/","article_modified_time":"2024-02-07T16:48:16+00:00","og_image":[{"width":1300,"height":735,"url":"https:\/\/1xbet.team-dignitas.net\/fr\/wp-content\/uploads\/bonus-3.png","type":"image\/png"}],"twitter_card":"summary_large_image","twitter_site":"@xbet_casinos","twitter_misc":{"Dur\u00e9e de lecture estim\u00e9e":"8 minutes"},"schema":{"@context":"https:\/\/schema.org","@graph":[{"@type":"WebPage","@id":"https:\/\/1xbet.team-dignitas.net\/fr\/bonus\/","url":"https:\/\/1xbet.team-dignitas.net\/fr\/bonus\/","name":"Bonus 1xBet\u00a0: soyez r\u00e9compens\u00e9 pour vos paris en ligne","isPartOf":{"@id":"https:\/\/1xbet.team-dignitas.net\/fr\/#website"},"primaryImageOfPage":{"@id":"https:\/\/1xbet.team-dignitas.net\/fr\/bonus\/#primaryimage"},"image":{"@id":"https:\/\/1xbet.team-dignitas.net\/fr\/bonus\/#primaryimage"},"thumbnailUrl":"https:\/\/1xbet.team-dignitas.net\/fr\/wp-content\/uploads\/bonus-3.png","datePublished":"2023-11-18T16:50:31+00:00","dateModified":"2024-02-07T16:48:16+00:00","description":"D\u00e9bloquez des r\u00e9compenses int\u00e9ressantes avec le programme de bonus 1xBet. Inscrivez-vous aujourd'hui et profitez de g\u00e9n\u00e9reux bonus et promotions sur les paris et les casinos en ligne. Des bonus de bienvenue aux paris gratuits et r\u00e9compenses de fid\u00e9lit\u00e9, maximisez vos gains et am\u00e9liorez votre exp\u00e9rience de pari avec 1xBet.","breadcrumb":{"@id":"https:\/\/1xbet.team-dignitas.net\/fr\/bonus\/#breadcrumb"},"inLanguage":"fr-FR","potentialAction":[{"@type":"ReadAction","target":["https:\/\/1xbet.team-dignitas.net\/fr\/bonus\/"]}]},{"@type":"ImageObject","inLanguage":"fr-FR","@id":"https:\/\/1xbet.team-dignitas.net\/fr\/bonus\/#primaryimage","url":"https:\/\/1xbet.team-dignitas.net\/fr\/wp-content\/uploads\/bonus-3.png","contentUrl":"https:\/\/1xbet.team-dignitas.net\/fr\/wp-content\/uploads\/bonus-3.png","width":1300,"height":735,"caption":"1xbet bonus"},{"@type":"BreadcrumbList","@id":"https:\/\/1xbet.team-dignitas.net\/fr\/bonus\/#breadcrumb","itemListElement":[{"@type":"ListItem","position":1,"name":"Accueil","item":"https:\/\/1xbet.team-dignitas.net\/fr\/"},{"@type":"ListItem","position":2,"name":"Bonus et promotions sur 1xBet"}]},{"@type":"WebSite","@id":"https:\/\/1xbet.team-dignitas.net\/fr\/#website","url":"https:\/\/1xbet.team-dignitas.net\/fr\/","name":"1xBet","description":"1xBet est le meilleur bookmaker et casino","potentialAction":[{"@type":"SearchAction","target":{"@type":"EntryPoint","urlTemplate":"https:\/\/1xbet.team-dignitas.net\/fr\/?s={search_term_string}"},"query-input":"required name=search_term_string"}],"inLanguage":"fr-FR"}]}},"_links":{"self":[{"href":"https:\/\/1xbet.team-dignitas.net\/fr\/wp-json\/wp\/v2\/pages\/85","targetHints":{"allow":["GET"]}}],"collection":[{"href":"https:\/\/1xbet.team-dignitas.net\/fr\/wp-json\/wp\/v2\/pages"}],"about":[{"href":"https:\/\/1xbet.team-dignitas.net\/fr\/wp-json\/wp\/v2\/types\/page"}],"author":[{"embeddable":true,"href":"https:\/\/1xbet.team-dignitas.net\/fr\/wp-json\/wp\/v2\/users\/1"}],"replies":[{"embeddable":true,"href":"https:\/\/1xbet.team-dignitas.net\/fr\/wp-json\/wp\/v2\/comments?post=85"}],"version-history":[{"count":12,"href":"https:\/\/1xbet.team-dignitas.net\/fr\/wp-json\/wp\/v2\/pages\/85\/revisions"}],"predecessor-version":[{"id":680,"href":"https:\/\/1xbet.team-dignitas.net\/fr\/wp-json\/wp\/v2\/pages\/85\/revisions\/680"}],"wp:featuredmedia":[{"embeddable":true,"href":"https:\/\/1xbet.team-dignitas.net\/fr\/wp-json\/wp\/v2\/media\/621"}],"wp:attachment":[{"href":"https:\/\/1xbet.team-dignitas.net\/fr\/wp-json\/wp\/v2\/media?parent=85"}],"curies":[{"name":"wp","href":"https:\/\/api.w.org\/{rel}","templated":true}]}}