{"id":77,"date":"2023-11-18T15:07:25","date_gmt":"2023-11-18T12:07:25","guid":{"rendered":"http:\/\/1xbet.team-dignitas.net\/fr\/?page_id=77"},"modified":"2026-01-15T13:05:00","modified_gmt":"2026-01-15T10:05:00","slug":"live","status":"publish","type":"page","link":"https:\/\/1xbet.team-dignitas.net\/fr\/live\/","title":{"rendered":"1xBet Live : paris, casino et esports"},"content":{"rendered":"<p>Les paris en direct sont l\u2019un des formats de paris sportifs les plus demand\u00e9s par les joueurs. Examinons les fonctionnalit\u00e9s des paris en temps r\u00e9el, expliquons comment placer un pari et examinons les principales m\u00e9thodes de paiement disponibles chez le bookmaker <a href=\"\/\">1 x Bet<\/a>.<\/p>\n<p><img loading=\"lazy\" decoding=\"async\" class=\"alignnone size-full wp-image-607\" src=\"https:\/\/1xbet.team-dignitas.net\/fr\/wp-content\/uploads\/1xbet-live-2.png\" alt=\"1xBet en direct\" width=\"1300\" height=\"735\" srcset=\"https:\/\/1xbet.team-dignitas.net\/fr\/wp-content\/uploads\/1xbet-live-2.png 1300w, https:\/\/1xbet.team-dignitas.net\/fr\/wp-content\/uploads\/1xbet-live-2-768x434.png 768w\" sizes=\"auto, (max-width: 1300px) 100vw, 1300px\" \/><\/p>\n<h2>Avantages des paris en direct sur 1xBet<\/h2>\n<p>La plateforme 1xBet dans la section \u00ab Live \u00bb offre aux joueurs une gamme \u00e9tendue avec de nombreux \u00e9v\u00e9nements et une riche liste de comp\u00e9titions, y compris les eSports. Ici, les invit\u00e9s ont acc\u00e8s \u00e0 des diffusions vid\u00e9o en direct avec des infographies de haute qualit\u00e9, et la fonctionnalit\u00e9 du service en ligne vous permet de combiner les paris en direct et d&rsquo;avant-match dans un coupon. La plateforme en ligne 1xBet offre aux utilisateurs de nombreux avantages :<\/p>\n<ul>\n<li>Cotes \u00e9lev\u00e9es<\/li>\n<li>Vari\u00e9t\u00e9 d&rsquo;\u00e9v\u00e9nements<\/li>\n<li>Diffusions en direct<\/li>\n<li>Bonus et promotions<\/li>\n<li>March\u00e9s alternatifs<\/li>\n<li>Acc\u00e8s aux retransmissions d&rsquo;\u00e9v\u00e9nements en direct<\/li>\n<li>Retrait rapide des gains<\/li>\n<li>Innovation<\/li>\n<\/ul>\n<p>Un avantage suppl\u00e9mentaire du site est la possibilit\u00e9 de placer des paris en direct 24 heures sur 24 avec plus de 30 types de paris pour la plupart des sports.<\/p>\n<h2>Calendrier de diffusion en direct 1xBet<\/h2>\n<p>Les diffusions en direct sur 1xBet se caract\u00e9risent par une qualit\u00e9 d\u2019image et une vitesse de transmission \u00e9lev\u00e9es. Pour activer la diffusion, l&rsquo;utilisateur doit recharger son compte avec un d\u00e9p\u00f4t minimum. Les syst\u00e8mes de streaming tels que KODI et Ace offrent aux clients la possibilit\u00e9 de regarder tous les \u00e9v\u00e9nements sportifs en qualit\u00e9 HD.<\/p>\n<p>En r\u00e8gle g\u00e9n\u00e9rale, plus de 200 \u00e9v\u00e9nements en direct sont disponibles sur le site sur lesquels les joueurs peuvent parier en temps r\u00e9el. Parmi eux:<\/p>\n<ul>\n<li>Criquet<\/li>\n<li>Tennis<\/li>\n<li>Football<\/li>\n<li>Le hockey<\/li>\n<li>Le golf<\/li>\n<li>Le rugby<\/li>\n<li>Handball<\/li>\n<li>Courses hippiques et autres<\/li>\n<\/ul>\n<p>Le bookmaker propose \u00e9galement des tournois de fantasy football uniques organis\u00e9s par le site lui-m\u00eame. Dans la section \u00ab\u00a0Live\u00a0\u00bb, diff\u00e9rents types de paris sont disponibles, tels que le handicap europ\u00e9en, l&rsquo;Asie, la s\u00e9quence, les r\u00e9sultats exacts, la premi\u00e8re \u00e9quipe \u00e0 marquer et bien plus encore.<\/p>\n<p><img loading=\"lazy\" decoding=\"async\" class=\"alignnone size-full wp-image-606\" src=\"https:\/\/1xbet.team-dignitas.net\/fr\/wp-content\/uploads\/1xbet-live.png\" alt=\"Calendrier de diffusion 1xbet\" width=\"1300\" height=\"735\" srcset=\"https:\/\/1xbet.team-dignitas.net\/fr\/wp-content\/uploads\/1xbet-live.png 1300w, https:\/\/1xbet.team-dignitas.net\/fr\/wp-content\/uploads\/1xbet-live-768x434.png 768w\" sizes=\"auto, (max-width: 1300px) 100vw, 1300px\" \/><\/p>\n<h2>Comment placer un pari en direct<\/h2>\n<table width=\"604\">\n<tbody>\n<tr>\n<td colspan=\"2\" width=\"604\">Comment placer un pari en direct ?<\/td>\n<\/tr>\n<tr>\n<td colspan=\"2\" width=\"604\">Le processus de placement de paris en direct sur la plateforme 1xBet est extr\u00eamement simple. En offrant aux joueurs une grande vari\u00e9t\u00e9 de choix, il garantit non seulement des gains accrus, mais \u00e9galement un plaisir de jeu suppl\u00e9mentaire. Pour utiliser la fonction de streaming et placer un pari, les invit\u00e9s doivent suivre ces instructions\u00a0:<\/td>\n<\/tr>\n<tr>\n<td width=\"49\">1<\/td>\n<td width=\"555\">Ouvrez la section Live sur le site officiel, situ\u00e9e dans le coin sup\u00e9rieur gauche de l&rsquo;\u00e9cran.<\/td>\n<\/tr>\n<tr>\n<td width=\"49\">2<\/td>\n<td width=\"555\">Les joueurs se verront proposer une liste d\u2019\u00e9v\u00e9nements de bookmaker. Ici, le classement des matchs nationaux et des comp\u00e9titions internationales est pr\u00e9sent\u00e9, et en outre, les invit\u00e9s peuvent organiser la liste par type de jeux. Quel que soit le pays, les participants peuvent parier sur tout type de match sans restrictions g\u00e9ographiques.<\/td>\n<\/tr>\n<tr>\n<td width=\"49\">3<\/td>\n<td width=\"555\">S\u00e9lectionnez un \u00e9v\u00e9nement sp\u00e9cifique sur lequel parier. Un menu d\u00e9roulant appara\u00eet avec des options similaires et la possibilit\u00e9 de d\u00e9marrer la diffusion de la vid\u00e9o.<\/td>\n<\/tr>\n<tr>\n<td width=\"49\">4<\/td>\n<td width=\"555\">S\u00e9lectionnez les options de paris souhait\u00e9es affich\u00e9es \u00e0 l&rsquo;\u00e9cran. Voici une liste des march\u00e9s disponibles, parmi lesquels le visiteur peut choisir l&rsquo;option appropri\u00e9e pour la strat\u00e9gie.<\/td>\n<\/tr>\n<\/tbody>\n<\/table>\n<p>Un bouton permettant d&rsquo;activer le flux en direct est disponible en haut de l&rsquo;\u00e9cran pour les participants, et sous le flux vid\u00e9o en cours, les joueurs ont la possibilit\u00e9 de suivre les options de paris ouvertes dans un tableau pratique.<\/p>\n<h2>Sports en direct<\/h2>\n<p>Dans la section \u00ab\u00a0Live\u00a0\u00bb, les joueurs placent leurs paris apr\u00e8s le d\u00e9but de la comp\u00e9tition, mais avant qu&rsquo;elle ne se termine. Les options incluent des paris sur la victoire de l\u2019une des \u00e9quipes ou sur un match nul. Les r\u00e9sultats sont annonc\u00e9s apr\u00e8s la fin du match. En plus de la section \u00ab Live \u00bb, le site 1xBet propose \u00e9galement un casino en ligne, des paris financiers, un constructeur et une bourse de paris.<\/p>\n<h2>Casino en direct<\/h2>\n<p>Dans la section casino en ligne, les clients sont invit\u00e9s \u00e0 jouer \u00e0 la roulette, au keno, au bingo, aux machines \u00e0 sous 3D, au baccara, au blackjack et aux jeux de jackpot et, surtout, avec un croupier en direct. Tous les d\u00e9veloppements disponibles pour les invit\u00e9s du club en ligne sont pr\u00e9sent\u00e9s par des fournisseurs renomm\u00e9s tels que iSoftbet, Wazdan, Amatic Industries.<\/p>\n<h2>ESports en direct<\/h2>\n<p>De plus, la section \u00ab Live eSports \u00bb est disponible sur le site, o\u00f9 les joueurs peuvent parier sur les \u00e9v\u00e9nements eSports se d\u00e9roulant sur les serveurs du bookmaker, notamment DOTA 2, CS 2, LoL.<\/p>\n<h2>Paris mobiles 1xBet en direct<\/h2>\n<p>Pour parier en ligne depuis un appareil mobile, la meilleure option est de t\u00e9l\u00e9charger et d\u2019installer l\u2019application 1xBet depuis le site officiel ou l\u2019AppStore. Vous pouvez \u00e9galement utiliser la version adaptative de la plateforme lors de votre connexion depuis un smartphone ou une tablette, qui est quasiment identique \u00e0 la version compl\u00e8te du site.<\/p>\n<p>Pour placer un pari express, les participants doivent ajouter plusieurs \u00e9v\u00e9nements au coupon, en s\u00e9lectionnant les cotes de mani\u00e8re s\u00e9quentielle. Nous vous proposons un algorithme pour parier en direct depuis votre t\u00e9l\u00e9phone :<\/p>\n<ul>\n<li>D\u00e9cidez du type de pari, comme le handicap, les r\u00e9sultats, le temps\/match, les totaux et plus encore<\/li>\n<li>Dans la barre lat\u00e9rale \u00e0 gauche, s\u00e9lectionnez une discipline et un sport<\/li>\n<li>Acc\u00e9dez \u00e0 la page avec des informations d\u00e9taill\u00e9es et une liste des options de paris<\/li>\n<li>Cliquez sur l&rsquo;ic\u00f4ne des cotes \u00e0 c\u00f4t\u00e9 du pari souhait\u00e9, qui sera automatiquement ajout\u00e9 au coupon<\/li>\n<li>Pour cr\u00e9er un pari express, s\u00e9lectionnez plusieurs cotes<\/li>\n<li>Indiquez le montant de la mise dans le coupon, qui indiquera \u00e9galement le profit possible<\/li>\n<li>Confirmer l&rsquo;action<\/li>\n<\/ul>\n<p>Une fois l&rsquo;\u00e9v\u00e9nement termin\u00e9, vous pouvez consulter l&rsquo;historique des paris sur votre compte et d\u00e9terminer si le pari a \u00e9t\u00e9 gagn\u00e9 ou non.<\/p>\n<h2>m\u00e9thodes de payement<\/h2>\n<p>Le bookmaker propose \u00e0 ses clients un large \u00e9ventail de m\u00e9thodes de paiement populaires, notamment\u00a0:<\/p>\n<ul>\n<li>Portefeuille \u00e9lectronique Skrill<\/li>\n<li>Cartes Visa et MasterCard<\/li>\n<li>Syst\u00e8mes Neteller et ecoPayz\u00a0;<\/li>\n<li>Crypto-monnaie (38 options)<\/li>\n<li>Ch\u00e8ques \u00e9lectroniques<\/li>\n<\/ul>\n<p>Le d\u00e9p\u00f4t minimum d\u00e9pend du mode de paiement choisi, donnant aux joueurs la flexibilit\u00e9 de fixer le montant. Lorsqu\u2019ils utilisent des crypto-monnaies telles que Bitcoin et Dogecoin, les utilisateurs peuvent choisir n\u2019importe quel montant en fonction de leurs pr\u00e9f\u00e9rences.<\/p>\n<p><img loading=\"lazy\" decoding=\"async\" class=\"alignnone wp-image-535 size-full\" src=\"https:\/\/1xbet.team-dignitas.net\/fr\/wp-content\/uploads\/deposite.png\" alt=\"d\u00e9p\u00f4t\" width=\"1300\" height=\"735\" srcset=\"https:\/\/1xbet.team-dignitas.net\/fr\/wp-content\/uploads\/deposite.png 1300w, https:\/\/1xbet.team-dignitas.net\/fr\/wp-content\/uploads\/deposite-768x434.png 768w\" sizes=\"auto, (max-width: 1300px) 100vw, 1300px\" \/><\/p>\n<h2>Pourquoi faire des paris en direct?<\/h2>\n<p>Regarder des \u00e9v\u00e9nements sportifs et eSports en direct devient une activit\u00e9 populaire, comparable \u00e0 regarder des matchs de basket-ball. 1xBet offre aux clients la possibilit\u00e9 de suivre les donn\u00e9es en temps r\u00e9el et de placer des paris rapidement.<\/p>\n<p>Lorsqu\u2019ils regardent des comp\u00e9titions d\u2019esports en direct sur 1xBet, les joueurs peuvent r\u00e9agir en temps r\u00e9el et r\u00e9organiser leurs paris en quelques secondes. La disponibilit\u00e9 de cette option sur les appareils mobiles vous permet de suivre les \u00e9v\u00e9nements n&rsquo;importe o\u00f9.<\/p>\n<h2>Coordonn\u00e9es<\/h2>\n<p>Le site dispose d&rsquo;un support technique qui r\u00e9pond aux questions des joueurs 24 heures sur 24. Vous pouvez contacter l&rsquo;assistance par chat en direct ou par e-mail, que les invit\u00e9s trouveront sur le site officiel. Dans le tableau, nous proposons des adresses cl\u00e9s.<\/p>\n<table width=\"594\">\n<tbody>\n<tr>\n<td width=\"297\">Questions g\u00e9n\u00e9rales<\/td>\n<td width=\"297\">info@1xbet-team.com<\/td>\n<\/tr>\n<tr>\n<td width=\"297\">Assistance technique<\/td>\n<td width=\"297\">support@1xbet-team.com<\/td>\n<\/tr>\n<tr>\n<td width=\"297\">Pour des questions de s\u00e9curit\u00e9<\/td>\n<td width=\"297\">s\u00e9curit\u00e9@1xbet-team.com<\/td>\n<\/tr>\n<tr>\n<td width=\"297\">Pour des questions publicitaires<\/td>\n<td width=\"297\">marketing@1xbet-team.com<\/td>\n<\/tr>\n<tr>\n<td width=\"297\">Pour les questions de partenariat<\/td>\n<td width=\"297\">b2b@1xbet-team.com<\/td>\n<\/tr>\n<tr>\n<td width=\"297\">Pour les questions de paiement<\/td>\n<td width=\"297\">traitement@1xbet-team.com<\/td>\n<\/tr>\n<tr>\n<td width=\"297\">Pour d&rsquo;autres questions financi\u00e8res<\/td>\n<td width=\"297\">comptabilit\u00e9@1xbet-team.com<\/td>\n<\/tr>\n<tr>\n<td width=\"297\">Num\u00e9ro de t\u00e9l\u00e9phone<\/td>\n<td width=\"297\">8 (800) 777-75-55<\/td>\n<\/tr>\n<\/tbody>\n<\/table>\n<h2>FAQ<\/h2>\n<div class=\"expert-review-faq expert-review-faq--style-simple-1 expert-review-faq--color-blue-1\"><div class=\"expert-review-faq-item\" itemscope itemprop=\"mainEntity\" itemtype=\"https:\/\/schema.org\/Question\">  <div class=\"expert-review-faq-item__question js-expert-review-faq-item-question\" itemprop=\"name\">Les paris en direct 1xBet sont-ils l\u00e9gaux pour les joueurs ?<\/div>  <div class=\"expert-review-faq-item__answer js-expert-review-faq-item-answer\" style=\"display:none\" itemscope itemprop=\"acceptedAnswer\" itemtype=\"https:\/\/schema.org\/Answer\"><span itemprop=\"text\">Les paris en direct sur 1xBet pour les joueurs de diff\u00e9rents pays sont totalement l\u00e9gaux et les utilisateurs n\u2019assument aucune responsabilit\u00e9. Important : seuls les joueurs adultes ont acc\u00e8s aux paris.<\/div><\/div><div class=\"expert-review-faq-item\" itemscope itemprop=\"mainEntity\" itemtype=\"https:\/\/schema.org\/Question\">  <div class=\"expert-review-faq-item__question js-expert-review-faq-item-question\" itemprop=\"name\">Puis-je utiliser la version mobile du site pour placer un pari ?<\/div>  <div class=\"expert-review-faq-item__answer js-expert-review-faq-item-answer\" style=\"display:none\" itemscope itemprop=\"acceptedAnswer\" itemtype=\"https:\/\/schema.org\/Answer\"><span itemprop=\"text\">Oui, les joueurs peuvent utiliser la version mobile du site pour placer des paris. 1xBet offre un acc\u00e8s pratique aux fonctionnalit\u00e9s et la possibilit\u00e9 de placer des paris \u00e0 partir d\u2019appareils mobiles, ce qui apporte une commodit\u00e9 suppl\u00e9mentaire.<\/div><\/div><\/div>\n","protected":false},"excerpt":{"rendered":"<p>Les paris en direct sont l\u2019un des formats de paris sportifs les plus demand\u00e9s par les joueurs. Examinons les fonctionnalit\u00e9s des paris en temps r\u00e9el, expliquons comment placer un pari et examinons les principales m\u00e9thodes de paiement disponibles chez le bookmaker 1 x Bet. Avantages des paris en direct sur 1xBet La plateforme 1xBet dans [&hellip;]<\/p>\n","protected":false},"author":1,"featured_media":607,"parent":0,"menu_order":0,"comment_status":"open","ping_status":"closed","template":"","meta":{"footnotes":""},"class_list":["post-77","page","type-page","status-publish","has-post-thumbnail","hentry"],"yoast_head":"<!-- This site is optimized with the Yoast SEO plugin v22.3 - https:\/\/yoast.com\/wordpress\/plugins\/seo\/ -->\n<title>Paris en direct 1xBet : Participez \u00e0 l\u2019action en temps r\u00e9el<\/title>\n<meta name=\"description\" content=\"Plongez dans le monde passionnant des paris en direct avec 1xBet. Vivez le frisson de parier en temps r\u00e9el au fur et \u00e0 mesure que les \u00e9v\u00e9nements se d\u00e9roulent. Qu&#039;il s&#039;agisse d&#039;un match de football, d&#039;un match de basket-ball, d&#039;un tournoi de tennis ou de tout autre \u00e9v\u00e9nement sportif, 1xBet propose une large gamme d&#039;options de paris en direct adapt\u00e9es \u00e0 vos pr\u00e9f\u00e9rences.\" \/>\n<meta name=\"robots\" content=\"index, follow, max-snippet:-1, max-image-preview:large, max-video-preview:-1\" \/>\n<link rel=\"canonical\" href=\"https:\/\/1xbet.team-dignitas.net\/fr\/live\/\" \/>\n<meta property=\"og:type\" content=\"article\" \/>\n<meta property=\"og:title\" content=\"Paris en direct 1xBet : Participez \u00e0 l\u2019action en temps r\u00e9el\" \/>\n<meta property=\"og:description\" content=\"Plongez dans le monde passionnant des paris en direct avec 1xBet. Vivez le frisson de parier en temps r\u00e9el au fur et \u00e0 mesure que les \u00e9v\u00e9nements se d\u00e9roulent. Qu&#039;il s&#039;agisse d&#039;un match de football, d&#039;un match de basket-ball, d&#039;un tournoi de tennis ou de tout autre \u00e9v\u00e9nement sportif, 1xBet propose une large gamme d&#039;options de paris en direct adapt\u00e9es \u00e0 vos pr\u00e9f\u00e9rences.\" \/>\n<meta property=\"og:url\" content=\"https:\/\/1xbet.team-dignitas.net\/fr\/live\/\" \/>\n<meta property=\"og:site_name\" content=\"1xBet\" \/>\n<meta property=\"article:publisher\" content=\"https:\/\/www.facebook.com\/groups\/krsk2019\/\" \/>\n<meta property=\"article:modified_time\" content=\"2026-01-15T10:05:00+00:00\" \/>\n<meta property=\"og:image\" content=\"https:\/\/1xbet.team-dignitas.net\/fr\/wp-content\/uploads\/1xbet-live-2.png\" \/>\n\t<meta property=\"og:image:width\" content=\"1300\" \/>\n\t<meta property=\"og:image:height\" content=\"735\" \/>\n\t<meta property=\"og:image:type\" content=\"image\/png\" \/>\n<meta name=\"twitter:card\" content=\"summary_large_image\" \/>\n<meta name=\"twitter:site\" content=\"@xbet_casinos\" \/>\n<meta name=\"twitter:label1\" content=\"Dur\u00e9e de lecture estim\u00e9e\" \/>\n\t<meta name=\"twitter:data1\" content=\"7 minutes\" \/>\n<script type=\"application\/ld+json\" class=\"yoast-schema-graph\">{\"@context\":\"https:\/\/schema.org\",\"@graph\":[{\"@type\":\"WebPage\",\"@id\":\"https:\/\/1xbet.team-dignitas.net\/fr\/live\/\",\"url\":\"https:\/\/1xbet.team-dignitas.net\/fr\/live\/\",\"name\":\"Paris en direct 1xBet : Participez \u00e0 l\u2019action en temps r\u00e9el\",\"isPartOf\":{\"@id\":\"https:\/\/1xbet.team-dignitas.net\/fr\/#website\"},\"primaryImageOfPage\":{\"@id\":\"https:\/\/1xbet.team-dignitas.net\/fr\/live\/#primaryimage\"},\"image\":{\"@id\":\"https:\/\/1xbet.team-dignitas.net\/fr\/live\/#primaryimage\"},\"thumbnailUrl\":\"https:\/\/1xbet.team-dignitas.net\/fr\/wp-content\/uploads\/1xbet-live-2.png\",\"datePublished\":\"2023-11-18T12:07:25+00:00\",\"dateModified\":\"2026-01-15T10:05:00+00:00\",\"description\":\"Plongez dans le monde passionnant des paris en direct avec 1xBet. Vivez le frisson de parier en temps r\u00e9el au fur et \u00e0 mesure que les \u00e9v\u00e9nements se d\u00e9roulent. Qu'il s'agisse d'un match de football, d'un match de basket-ball, d'un tournoi de tennis ou de tout autre \u00e9v\u00e9nement sportif, 1xBet propose une large gamme d'options de paris en direct adapt\u00e9es \u00e0 vos pr\u00e9f\u00e9rences.\",\"breadcrumb\":{\"@id\":\"https:\/\/1xbet.team-dignitas.net\/fr\/live\/#breadcrumb\"},\"inLanguage\":\"fr-FR\",\"potentialAction\":[{\"@type\":\"ReadAction\",\"target\":[\"https:\/\/1xbet.team-dignitas.net\/fr\/live\/\"]}]},{\"@type\":\"ImageObject\",\"inLanguage\":\"fr-FR\",\"@id\":\"https:\/\/1xbet.team-dignitas.net\/fr\/live\/#primaryimage\",\"url\":\"https:\/\/1xbet.team-dignitas.net\/fr\/wp-content\/uploads\/1xbet-live-2.png\",\"contentUrl\":\"https:\/\/1xbet.team-dignitas.net\/fr\/wp-content\/uploads\/1xbet-live-2.png\",\"width\":1300,\"height\":735,\"caption\":\"1xBet Live\"},{\"@type\":\"BreadcrumbList\",\"@id\":\"https:\/\/1xbet.team-dignitas.net\/fr\/live\/#breadcrumb\",\"itemListElement\":[{\"@type\":\"ListItem\",\"position\":1,\"name\":\"Accueil\",\"item\":\"https:\/\/1xbet.team-dignitas.net\/fr\/\"},{\"@type\":\"ListItem\",\"position\":2,\"name\":\"1xBet Live : paris, casino et esports\"}]},{\"@type\":\"WebSite\",\"@id\":\"https:\/\/1xbet.team-dignitas.net\/fr\/#website\",\"url\":\"https:\/\/1xbet.team-dignitas.net\/fr\/\",\"name\":\"1xBet\",\"description\":\"1xBet est le meilleur bookmaker et casino\",\"potentialAction\":[{\"@type\":\"SearchAction\",\"target\":{\"@type\":\"EntryPoint\",\"urlTemplate\":\"https:\/\/1xbet.team-dignitas.net\/fr\/?s={search_term_string}\"},\"query-input\":\"required name=search_term_string\"}],\"inLanguage\":\"fr-FR\"}]}<\/script>\n<!-- \/ Yoast SEO plugin. -->","yoast_head_json":{"title":"Paris en direct 1xBet : Participez \u00e0 l\u2019action en temps r\u00e9el","description":"Plongez dans le monde passionnant des paris en direct avec 1xBet. Vivez le frisson de parier en temps r\u00e9el au fur et \u00e0 mesure que les \u00e9v\u00e9nements se d\u00e9roulent. Qu'il s'agisse d'un match de football, d'un match de basket-ball, d'un tournoi de tennis ou de tout autre \u00e9v\u00e9nement sportif, 1xBet propose une large gamme d'options de paris en direct adapt\u00e9es \u00e0 vos pr\u00e9f\u00e9rences.","robots":{"index":"index","follow":"follow","max-snippet":"max-snippet:-1","max-image-preview":"max-image-preview:large","max-video-preview":"max-video-preview:-1"},"canonical":"https:\/\/1xbet.team-dignitas.net\/fr\/live\/","og_type":"article","og_title":"Paris en direct 1xBet : Participez \u00e0 l\u2019action en temps r\u00e9el","og_description":"Plongez dans le monde passionnant des paris en direct avec 1xBet. Vivez le frisson de parier en temps r\u00e9el au fur et \u00e0 mesure que les \u00e9v\u00e9nements se d\u00e9roulent. Qu'il s'agisse d'un match de football, d'un match de basket-ball, d'un tournoi de tennis ou de tout autre \u00e9v\u00e9nement sportif, 1xBet propose une large gamme d'options de paris en direct adapt\u00e9es \u00e0 vos pr\u00e9f\u00e9rences.","og_url":"https:\/\/1xbet.team-dignitas.net\/fr\/live\/","og_site_name":"1xBet","article_publisher":"https:\/\/www.facebook.com\/groups\/krsk2019\/","article_modified_time":"2026-01-15T10:05:00+00:00","og_image":[{"width":1300,"height":735,"url":"https:\/\/1xbet.team-dignitas.net\/fr\/wp-content\/uploads\/1xbet-live-2.png","type":"image\/png"}],"twitter_card":"summary_large_image","twitter_site":"@xbet_casinos","twitter_misc":{"Dur\u00e9e de lecture estim\u00e9e":"7 minutes"},"schema":{"@context":"https:\/\/schema.org","@graph":[{"@type":"WebPage","@id":"https:\/\/1xbet.team-dignitas.net\/fr\/live\/","url":"https:\/\/1xbet.team-dignitas.net\/fr\/live\/","name":"Paris en direct 1xBet : Participez \u00e0 l\u2019action en temps r\u00e9el","isPartOf":{"@id":"https:\/\/1xbet.team-dignitas.net\/fr\/#website"},"primaryImageOfPage":{"@id":"https:\/\/1xbet.team-dignitas.net\/fr\/live\/#primaryimage"},"image":{"@id":"https:\/\/1xbet.team-dignitas.net\/fr\/live\/#primaryimage"},"thumbnailUrl":"https:\/\/1xbet.team-dignitas.net\/fr\/wp-content\/uploads\/1xbet-live-2.png","datePublished":"2023-11-18T12:07:25+00:00","dateModified":"2026-01-15T10:05:00+00:00","description":"Plongez dans le monde passionnant des paris en direct avec 1xBet. Vivez le frisson de parier en temps r\u00e9el au fur et \u00e0 mesure que les \u00e9v\u00e9nements se d\u00e9roulent. Qu'il s'agisse d'un match de football, d'un match de basket-ball, d'un tournoi de tennis ou de tout autre \u00e9v\u00e9nement sportif, 1xBet propose une large gamme d'options de paris en direct adapt\u00e9es \u00e0 vos pr\u00e9f\u00e9rences.","breadcrumb":{"@id":"https:\/\/1xbet.team-dignitas.net\/fr\/live\/#breadcrumb"},"inLanguage":"fr-FR","potentialAction":[{"@type":"ReadAction","target":["https:\/\/1xbet.team-dignitas.net\/fr\/live\/"]}]},{"@type":"ImageObject","inLanguage":"fr-FR","@id":"https:\/\/1xbet.team-dignitas.net\/fr\/live\/#primaryimage","url":"https:\/\/1xbet.team-dignitas.net\/fr\/wp-content\/uploads\/1xbet-live-2.png","contentUrl":"https:\/\/1xbet.team-dignitas.net\/fr\/wp-content\/uploads\/1xbet-live-2.png","width":1300,"height":735,"caption":"1xBet Live"},{"@type":"BreadcrumbList","@id":"https:\/\/1xbet.team-dignitas.net\/fr\/live\/#breadcrumb","itemListElement":[{"@type":"ListItem","position":1,"name":"Accueil","item":"https:\/\/1xbet.team-dignitas.net\/fr\/"},{"@type":"ListItem","position":2,"name":"1xBet Live : paris, casino et esports"}]},{"@type":"WebSite","@id":"https:\/\/1xbet.team-dignitas.net\/fr\/#website","url":"https:\/\/1xbet.team-dignitas.net\/fr\/","name":"1xBet","description":"1xBet est le meilleur bookmaker et casino","potentialAction":[{"@type":"SearchAction","target":{"@type":"EntryPoint","urlTemplate":"https:\/\/1xbet.team-dignitas.net\/fr\/?s={search_term_string}"},"query-input":"required name=search_term_string"}],"inLanguage":"fr-FR"}]}},"_links":{"self":[{"href":"https:\/\/1xbet.team-dignitas.net\/fr\/wp-json\/wp\/v2\/pages\/77","targetHints":{"allow":["GET"]}}],"collection":[{"href":"https:\/\/1xbet.team-dignitas.net\/fr\/wp-json\/wp\/v2\/pages"}],"about":[{"href":"https:\/\/1xbet.team-dignitas.net\/fr\/wp-json\/wp\/v2\/types\/page"}],"author":[{"embeddable":true,"href":"https:\/\/1xbet.team-dignitas.net\/fr\/wp-json\/wp\/v2\/users\/1"}],"replies":[{"embeddable":true,"href":"https:\/\/1xbet.team-dignitas.net\/fr\/wp-json\/wp\/v2\/comments?post=77"}],"version-history":[{"count":8,"href":"https:\/\/1xbet.team-dignitas.net\/fr\/wp-json\/wp\/v2\/pages\/77\/revisions"}],"predecessor-version":[{"id":839,"href":"https:\/\/1xbet.team-dignitas.net\/fr\/wp-json\/wp\/v2\/pages\/77\/revisions\/839"}],"wp:featuredmedia":[{"embeddable":true,"href":"https:\/\/1xbet.team-dignitas.net\/fr\/wp-json\/wp\/v2\/media\/607"}],"wp:attachment":[{"href":"https:\/\/1xbet.team-dignitas.net\/fr\/wp-json\/wp\/v2\/media?parent=77"}],"curies":[{"name":"wp","href":"https:\/\/api.w.org\/{rel}","templated":true}]}}