{"id":72,"date":"2023-11-16T14:17:08","date_gmt":"2023-11-16T11:17:08","guid":{"rendered":"http:\/\/1xbet.team-dignitas.net\/fr\/?page_id=72"},"modified":"2024-02-07T19:50:36","modified_gmt":"2024-02-07T16:50:36","slug":"csgo","status":"publish","type":"page","link":"https:\/\/1xbet.team-dignitas.net\/fr\/csgo\/","title":{"rendered":"Parier sur CS:GO et CS 2 avec 1xBet"},"content":{"rendered":"<p><img loading=\"lazy\" decoding=\"async\" class=\"alignnone size-full wp-image-653\" src=\"https:\/\/1xbet.team-dignitas.net\/fr\/wp-content\/uploads\/1xbet-cs-go.png\" alt=\"1xbet cs aller\" width=\"1024\" height=\"579\" srcset=\"https:\/\/1xbet.team-dignitas.net\/fr\/wp-content\/uploads\/1xbet-cs-go.png 1024w, https:\/\/1xbet.team-dignitas.net\/fr\/wp-content\/uploads\/1xbet-cs-go-768x434.png 768w\" sizes=\"auto, (max-width: 1024px) 100vw, 1024px\" \/><\/p>\n<p>Counter-Strike : Global Offensive occupe une place bien m\u00e9rit\u00e9e dans le top 3 des disciplines e-sportives les plus populaires, et 1xbet ne reste pas en reste, proposant une section pour parier sur CS:GO. Les grands championnats annuels attirent les parieurs et le bookmaker ajoute activement de nouveaux march\u00e9s et \u00e9v\u00e9nements.<\/p>\n<p>1xbet est certainement connu comme l\u2019un des bookmakers en ligne les plus fiables. La vari\u00e9t\u00e9 des possibilit\u00e9s de paris sportifs est particuli\u00e8rement populaire. Si vous \u00eates int\u00e9ress\u00e9 par CS:GO et souhaitez commencer \u00e0 parier, <a href=\"https:\/\/1xbet.team-dignitas.net\/fr\/\">1xBet<\/a> fournit toutes les derni\u00e8res informations sur les plus grands \u00e9v\u00e9nements et propose des cotes \u00e9lev\u00e9es.<\/p>\n<h2>Qu&rsquo;est-ce qu&rsquo;un tireur ?<\/h2>\n<p>Le jeu de tir est consid\u00e9r\u00e9 comme un jeu vid\u00e9o populaire, occupant une position de leader dans les classements eSports. Le jeu est sorti il \u200b\u200by a plus de 20 ans et la premi\u00e8re version a rapidement conquis le c\u0153ur des fans de jeux de tir comp\u00e9titifs. M\u00eame si personne \u00e0 l\u2019\u00e9poque n\u2019aurait pu pr\u00e9voir un succ\u00e8s aussi retentissant. En 2000, l&rsquo;\u00e9quipe Valve a rejoint le d\u00e9veloppement du jeu de tir. Actuellement, la version principale des comp\u00e9titions est CS 1.6.<\/p>\n<p>&nbsp;<\/p>\n<p>Au cours des deux derni\u00e8res d\u00e9cennies, de nombreux jeux diff\u00e9rents ont \u00e9t\u00e9 publi\u00e9s dans la s\u00e9rie, de Condition Zero avec une campagne solo \u00e0 Source, cr\u00e9\u00e9e sur le nouveau moteur de Valve. La version la plus moderne du jeu est Counter-Strike : Global Offensive, qui est constamment mise \u00e0 jour avec de nouvelles cartes. Les tournois comprennent des \u00e9v\u00e9nements avec des cagnottes d\u00e9passant parfois le million de dollars, soulignant la popularit\u00e9 et l&rsquo;importance de cette discipline esportive.<\/p>\n<h2>Comment placer des paris<\/h2>\n<p>Tout le monde peut s\u2019inscrire sur le site 1xbet et commencer \u00e0 parier en quelques minutes seulement. Voici un guide rapide\u00a0:<\/p>\n<ol>\n<li>Inscrivez-vous par e-mail, sur les r\u00e9seaux sociaux ou par num\u00e9ro de t\u00e9l\u00e9phone\u00a0;<\/li>\n<li>Rechargez votre compte et vous \u00eates assur\u00e9 de gagner un bonus de bienvenue\u00a0;<\/li>\n<li>Allez dans la section \u00ab Esports \u00bb et s\u00e9lectionnez un \u00e9v\u00e9nement ;<\/li>\n<li>Cliquez sur le coefficient appropri\u00e9\u00a0;<\/li>\n<li>Dans le coupon qui s&rsquo;ouvre, saisissez le montant et s\u00e9lectionnez le type de pari.<\/li>\n<\/ol>\n<p>Il est \u00e9galement recommand\u00e9 \u00e0 tous les d\u00e9butants de se familiariser avec les r\u00e8gles de base. Tout d&rsquo;abord, le bookmaker r\u00e9sume les r\u00e9sultats apr\u00e8s la fin de la confrontation. Deuxi\u00e8mement, un tour dure 2 minutes. Les actions entreprises apr\u00e8s cette date ne sont pas incluses dans le r\u00e9sum\u00e9. De plus, le montant minimum de la mise est de 0,10 $ et le maximum est calcul\u00e9 s\u00e9par\u00e9ment pour chaque \u00e9v\u00e9nement.<\/p>\n<p>Le jeu est assez difficile \u00e0 pr\u00e9dire, vous devez donc d\u00e9cider \u00e0 l&rsquo;avance de l&rsquo;\u00e9quipe et du type de pari. Une caract\u00e9ristique distinctive est la large ligne de jeu. La liste des \u00e9v\u00e9nements propos\u00e9s comprend des championnats et des tournois. Les \u00e9v\u00e9nements locaux et internationaux sont pris en compte. Vous pourrez parier sur le vainqueur du match, le total, le handicap, le score exact du match.<\/p>\n<p>Presque chaque \u00e9v\u00e9nement a environ 50 \u00e0 100 r\u00e9sultats. Cela aide les joueurs \u00e0 choisir la meilleure option tout en gagnant de l\u2019argent. La marge de 1xbet est l&rsquo;une des plus faibles sur Internet et les cotes sont \u00e9lev\u00e9es. C&rsquo;est pourquoi de nombreux parieurs se concentrent sur les paris sur Counter Strike.<\/p>\n<p><img loading=\"lazy\" decoding=\"async\" class=\"alignnone size-full wp-image-662\" src=\"https:\/\/1xbet.team-dignitas.net\/fr\/wp-content\/uploads\/cs2-1xbet.png\" alt=\"cs2 1xbet\" width=\"1300\" height=\"735\" srcset=\"https:\/\/1xbet.team-dignitas.net\/fr\/wp-content\/uploads\/cs2-1xbet.png 1300w, https:\/\/1xbet.team-dignitas.net\/fr\/wp-content\/uploads\/cs2-1xbet-768x434.png 768w\" sizes=\"auto, (max-width: 1300px) 100vw, 1300px\" \/><\/p>\n<h2>Qu&rsquo;est-ce que CS:GO et comment y joue-t-on ?<\/h2>\n<p>C&rsquo;est le jeu de tir le plus populaire de notre \u00e9poque. Tout se r\u00e9sume \u00e0 une confrontation entre deux \u00e9quipes : les terroristes et les contre-terroristes. Les joueurs s&rsquo;affrontent dans cinq modes diff\u00e9rents : normal, comp\u00e9titif, course aux armements, destruction d&rsquo;objets, match \u00e0 mort.<\/p>\n<p>Pour remporter la manche, vous devez d\u00e9truire toute l&rsquo;\u00e9quipe ennemie, d\u00e9samorcer une bombe ou, si vous incarnez des terroristes, faire exploser une bombe. Les joueurs peuvent acheter des armes et diverses munitions pour augmenter leurs chances de succ\u00e8s dans le match.<\/p>\n<p>Dans les tournois officiels de Valve, chaque match comprend 30 tours, avec deux mi-temps de 15 cycles. L&rsquo;\u00e9quipe qui remporte 16 tours est la gagnante. Chaque tour dure 2 minutes, mais si une bombe est pos\u00e9e, le compte \u00e0 rebours commence &#8211; il reste 45 secondes jusqu&rsquo;\u00e0 l&rsquo;explosion.<\/p>\n<p>Le temps peut \u00eatre un alli\u00e9 pour les terroristes en cas d&rsquo;attentat \u00e0 la bombe, leur permettant de r\u00e9sister strat\u00e9giquement et d&rsquo;attendre les contre-terroristes susceptibles de tenter d&rsquo;attaquer. Ces \u00e9l\u00e9ments tactiques rendent le jeu de tir passionnant et strat\u00e9giquement riche.<\/p>\n<p><img loading=\"lazy\" decoding=\"async\" class=\"alignnone size-full wp-image-661\" src=\"https:\/\/1xbet.team-dignitas.net\/fr\/wp-content\/uploads\/whatiscsgo.png\" alt=\"qu'est-ce que csgo\" width=\"1300\" height=\"735\" srcset=\"https:\/\/1xbet.team-dignitas.net\/fr\/wp-content\/uploads\/whatiscsgo.png 1300w, https:\/\/1xbet.team-dignitas.net\/fr\/wp-content\/uploads\/whatiscsgo-768x434.png 768w\" sizes=\"auto, (max-width: 1300px) 100vw, 1300px\" \/><\/p>\n<h2>Raisons d\u2019essayer de parier sur CS:GO sur 1xBet<\/h2>\n<p>La popularit\u00e9 du jeu de tir dans l&rsquo;eSport est justifi\u00e9e et, malgr\u00e9 de nombreux autres jeux, la discipline occupe une position de leader en termes d&rsquo;audience et de vues. Counter-Strike est devenu un v\u00e9ritable classique de l&rsquo;e-sport et est reconnu comme la premi\u00e8re discipline de l&rsquo;e-sport \u00e0 l&rsquo;\u00e9poque des WCG.<\/p>\n<p>Les avantages d&rsquo;un jeu de tir sont que les r\u00e9sultats d\u00e9pendent des comp\u00e9tences des joueurs, qui doivent faire preuve de r\u00e9actions rapides et de capacit\u00e9 \u00e0 jouer en \u00e9quipe. Le bookmaker propose des conditions confortables, notamment des marges faibles et des cotes \u00e9lev\u00e9es, des retraits rapides et sans tracas, un vaste choix de march\u00e9s, un bonus de bienvenue et un support client 24h\/24 et 7j\/7.<\/p>\n<h2>Les paris sont-ils s\u00fbrs ?<\/h2>\n<p>1xbet est un bookmaker populaire qui offre la possibilit\u00e9 de parier sur les \u00e9v\u00e9nements les plus m\u00e9diatis\u00e9s. Les d\u00e9butants qui choisissent un bookmaker pr\u00e9f\u00e8rent souvent 1xBet en raison de sa popularit\u00e9 et de sa bonne r\u00e9putation. Le bookmaker utilise \u00e9galement activement des m\u00e9thodes modernes de protection des donn\u00e9es et garantit des paiements \u00e9quitables, ce qui garantit la s\u00e9curit\u00e9 lors du placement des paris.<\/p>\n<h2>Quels sont les plus grands \u00e9v\u00e9nements<\/h2>\n<p>Des tournois ont lieu r\u00e9guli\u00e8rement et les cagnottes sont impressionnantes. Soulignons les principaux \u00e9v\u00e9nements\u00a0:<\/p>\n<ul>\n<li>Major <strong>:<\/strong> la s\u00e9rie de tournois la plus prestigieuse dans laquelle un million de dollars est \u00e0 gagner. 24 meilleures \u00e9quipes mondiales s&rsquo;affrontent pour ce savoureux morceau. Cela se produit une fois par an\u00a0;<\/li>\n<li>ESL Pro League\u00a0: une ligue d&rsquo;esports de premier plan ax\u00e9e sur l&rsquo;Europe, l&rsquo;Asie, l&rsquo;Am\u00e9rique du Nord et du Sud. Le tournoi a lieu une fois par an et le prix est de 750 000 $\u00a0;<\/li>\n<li>BLAST Premier <strong>:<\/strong> ligue eSports fond\u00e9e en 2020. Elle se compose de deux saisons : le printemps et l&rsquo;automne, suivies d&rsquo;une finale mondiale. Le fonds du prix est de 1 375 000 $\u00a0;<\/li>\n<li>Flashpoint <strong>:<\/strong> La ligue a remplac\u00e9 les Esports Championship Series. Le fonds du prix est d&rsquo;un million de dollars.<\/li>\n<\/ul>\n<p>Toutes les \u00e9quipes ne peuvent pas participer \u00e0 ces comp\u00e9titions. Seuls les meilleurs des meilleurs sont s\u00e9lectionn\u00e9s. Mais gr\u00e2ce aux paris sur 1xbet, tout le monde peut gagner dans les matchs.<\/p>\n<h2>Soutien<\/h2>\n<p>Pour recevoir une assistance qualifi\u00e9e et rapide de la part de sp\u00e9cialistes du support, vous pouvez utiliser le courrier \u00e9lectronique. Vous pouvez \u00e9galement commander un rappel aupr\u00e8s de sp\u00e9cialistes. Bien qu&rsquo;il soit plus facile d&rsquo;envoyer un message dans un chat en ligne et de recevoir une r\u00e9ponse du responsable dans un d\u00e9lai d&rsquo;une minute.<\/p>\n<h2>FAQ<\/h2>\n<div class=\"expert-review-faq expert-review-faq--style-simple-1 expert-review-faq--color-blue-1\"><div class=\"expert-review-faq-item\" itemscope itemprop=\"mainEntity\" itemtype=\"https:\/\/schema.org\/Question\">  <div class=\"expert-review-faq-item__question js-expert-review-faq-item-question\" itemprop=\"name\">Quels sont les r\u00e9sultats ?<\/div>  <div class=\"expert-review-faq-item__answer js-expert-review-faq-item-answer\" style=\"display:none\" itemscope itemprop=\"acceptedAnswer\" itemtype=\"https:\/\/schema.org\/Answer\"><span itemprop=\"text\">Vous pouvez parier sur le d\u00e9samor\u00e7age des bombes, sur le meurtre, une m\u00e9thode pour gagner la manche. Bien qu'il existe des dizaines d'autres options int\u00e9ressantes.<\/div><\/div><div class=\"expert-review-faq-item\" itemscope itemprop=\"mainEntity\" itemtype=\"https:\/\/schema.org\/Question\">  <div class=\"expert-review-faq-item__question js-expert-review-faq-item-question\" itemprop=\"name\">Y a-t-il des paris en direct ?<\/div>  <div class=\"expert-review-faq-item__answer js-expert-review-faq-item-answer\" style=\"display:none\" itemscope itemprop=\"acceptedAnswer\" itemtype=\"https:\/\/schema.org\/Answer\"><span itemprop=\"text\">Certainement! Avec 1xbet, vous obtiendrez la meilleure exp\u00e9rience en pariant en temps r\u00e9el.<\/div><\/div><div class=\"expert-review-faq-item\" itemscope itemprop=\"mainEntity\" itemtype=\"https:\/\/schema.org\/Question\">  <div class=\"expert-review-faq-item__question js-expert-review-faq-item-question\" itemprop=\"name\">Quels \u00e9v\u00e9nements sont disponibles ?<\/div>  <div class=\"expert-review-faq-item__answer js-expert-review-faq-item-answer\" style=\"display:none\" itemscope itemprop=\"acceptedAnswer\" itemtype=\"https:\/\/schema.org\/Answer\"><span itemprop=\"text\">Le bookmaker couvre tous les tournois et matchs majeurs et propose une large gamme d'options de jeu.<\/div><\/div><\/div>\n","protected":false},"excerpt":{"rendered":"<p>Counter-Strike : Global Offensive occupe une place bien m\u00e9rit\u00e9e dans le top 3 des disciplines e-sportives les plus populaires, et 1xbet ne reste pas en reste, proposant une section pour parier sur CS:GO. Les grands championnats annuels attirent les parieurs et le bookmaker ajoute activement de nouveaux march\u00e9s et \u00e9v\u00e9nements. 1xbet est certainement connu comme [&hellip;]<\/p>\n","protected":false},"author":1,"featured_media":653,"parent":0,"menu_order":0,"comment_status":"open","ping_status":"closed","template":"","meta":{"footnotes":""},"class_list":["post-72","page","type-page","status-publish","has-post-thumbnail","hentry"],"yoast_head":"<!-- This site is optimized with the Yoast SEO plugin v22.3 - https:\/\/yoast.com\/wordpress\/plugins\/seo\/ -->\n<title>Vivez une excitation de niveau sup\u00e9rieur\u00a0: pariez sur CS:GO et CS 2 avec 1xBet<\/title>\n<meta name=\"description\" content=\"Rejoignez le monde plein d&#039;action de 1xBet CS:GO et CS2 et d\u00e9montrez vos comp\u00e9tences de jeu dans le l\u00e9gendaire jeu Counter-Strike. Explorez des tournois passionnants, pariez sur vos \u00e9quipes pr\u00e9f\u00e9r\u00e9es et vivez la mont\u00e9e d&#039;adr\u00e9naline du jeu comp\u00e9titif.\" \/>\n<meta name=\"robots\" content=\"index, follow, max-snippet:-1, max-image-preview:large, max-video-preview:-1\" \/>\n<link rel=\"canonical\" href=\"https:\/\/1xbet.team-dignitas.net\/fr\/csgo\/\" \/>\n<meta property=\"og:type\" content=\"article\" \/>\n<meta property=\"og:title\" content=\"Vivez une excitation de niveau sup\u00e9rieur\u00a0: pariez sur CS:GO et CS 2 avec 1xBet\" \/>\n<meta property=\"og:description\" content=\"Rejoignez le monde plein d&#039;action de 1xBet CS:GO et CS2 et d\u00e9montrez vos comp\u00e9tences de jeu dans le l\u00e9gendaire jeu Counter-Strike. Explorez des tournois passionnants, pariez sur vos \u00e9quipes pr\u00e9f\u00e9r\u00e9es et vivez la mont\u00e9e d&#039;adr\u00e9naline du jeu comp\u00e9titif.\" \/>\n<meta property=\"og:url\" content=\"https:\/\/1xbet.team-dignitas.net\/fr\/csgo\/\" \/>\n<meta property=\"og:site_name\" content=\"1xBet\" \/>\n<meta property=\"article:publisher\" content=\"https:\/\/www.facebook.com\/groups\/krsk2019\/\" \/>\n<meta property=\"article:modified_time\" content=\"2024-02-07T16:50:36+00:00\" \/>\n<meta property=\"og:image\" content=\"https:\/\/1xbet.team-dignitas.net\/fr\/wp-content\/uploads\/1xbet-cs-go.png\" \/>\n\t<meta property=\"og:image:width\" content=\"1024\" \/>\n\t<meta property=\"og:image:height\" content=\"579\" \/>\n\t<meta property=\"og:image:type\" content=\"image\/png\" \/>\n<meta name=\"twitter:card\" content=\"summary_large_image\" \/>\n<meta name=\"twitter:site\" content=\"@xbet_casinos\" \/>\n<meta name=\"twitter:label1\" content=\"Dur\u00e9e de lecture estim\u00e9e\" \/>\n\t<meta name=\"twitter:data1\" content=\"6 minutes\" \/>\n<script type=\"application\/ld+json\" class=\"yoast-schema-graph\">{\"@context\":\"https:\/\/schema.org\",\"@graph\":[{\"@type\":\"WebPage\",\"@id\":\"https:\/\/1xbet.team-dignitas.net\/fr\/csgo\/\",\"url\":\"https:\/\/1xbet.team-dignitas.net\/fr\/csgo\/\",\"name\":\"Vivez une excitation de niveau sup\u00e9rieur\u00a0: pariez sur CS:GO et CS 2 avec 1xBet\",\"isPartOf\":{\"@id\":\"https:\/\/1xbet.team-dignitas.net\/fr\/#website\"},\"primaryImageOfPage\":{\"@id\":\"https:\/\/1xbet.team-dignitas.net\/fr\/csgo\/#primaryimage\"},\"image\":{\"@id\":\"https:\/\/1xbet.team-dignitas.net\/fr\/csgo\/#primaryimage\"},\"thumbnailUrl\":\"https:\/\/1xbet.team-dignitas.net\/fr\/wp-content\/uploads\/1xbet-cs-go.png\",\"datePublished\":\"2023-11-16T11:17:08+00:00\",\"dateModified\":\"2024-02-07T16:50:36+00:00\",\"description\":\"Rejoignez le monde plein d'action de 1xBet CS:GO et CS2 et d\u00e9montrez vos comp\u00e9tences de jeu dans le l\u00e9gendaire jeu Counter-Strike. Explorez des tournois passionnants, pariez sur vos \u00e9quipes pr\u00e9f\u00e9r\u00e9es et vivez la mont\u00e9e d'adr\u00e9naline du jeu comp\u00e9titif.\",\"breadcrumb\":{\"@id\":\"https:\/\/1xbet.team-dignitas.net\/fr\/csgo\/#breadcrumb\"},\"inLanguage\":\"fr-FR\",\"potentialAction\":[{\"@type\":\"ReadAction\",\"target\":[\"https:\/\/1xbet.team-dignitas.net\/fr\/csgo\/\"]}]},{\"@type\":\"ImageObject\",\"inLanguage\":\"fr-FR\",\"@id\":\"https:\/\/1xbet.team-dignitas.net\/fr\/csgo\/#primaryimage\",\"url\":\"https:\/\/1xbet.team-dignitas.net\/fr\/wp-content\/uploads\/1xbet-cs-go.png\",\"contentUrl\":\"https:\/\/1xbet.team-dignitas.net\/fr\/wp-content\/uploads\/1xbet-cs-go.png\",\"width\":1024,\"height\":579,\"caption\":\"1xbet cs go\"},{\"@type\":\"BreadcrumbList\",\"@id\":\"https:\/\/1xbet.team-dignitas.net\/fr\/csgo\/#breadcrumb\",\"itemListElement\":[{\"@type\":\"ListItem\",\"position\":1,\"name\":\"Accueil\",\"item\":\"https:\/\/1xbet.team-dignitas.net\/fr\/\"},{\"@type\":\"ListItem\",\"position\":2,\"name\":\"Parier sur CS:GO et CS 2 avec 1xBet\"}]},{\"@type\":\"WebSite\",\"@id\":\"https:\/\/1xbet.team-dignitas.net\/fr\/#website\",\"url\":\"https:\/\/1xbet.team-dignitas.net\/fr\/\",\"name\":\"1xBet\",\"description\":\"1xBet est le meilleur bookmaker et casino\",\"potentialAction\":[{\"@type\":\"SearchAction\",\"target\":{\"@type\":\"EntryPoint\",\"urlTemplate\":\"https:\/\/1xbet.team-dignitas.net\/fr\/?s={search_term_string}\"},\"query-input\":\"required name=search_term_string\"}],\"inLanguage\":\"fr-FR\"}]}<\/script>\n<!-- \/ Yoast SEO plugin. -->","yoast_head_json":{"title":"Vivez une excitation de niveau sup\u00e9rieur\u00a0: pariez sur CS:GO et CS 2 avec 1xBet","description":"Rejoignez le monde plein d'action de 1xBet CS:GO et CS2 et d\u00e9montrez vos comp\u00e9tences de jeu dans le l\u00e9gendaire jeu Counter-Strike. Explorez des tournois passionnants, pariez sur vos \u00e9quipes pr\u00e9f\u00e9r\u00e9es et vivez la mont\u00e9e d'adr\u00e9naline du jeu comp\u00e9titif.","robots":{"index":"index","follow":"follow","max-snippet":"max-snippet:-1","max-image-preview":"max-image-preview:large","max-video-preview":"max-video-preview:-1"},"canonical":"https:\/\/1xbet.team-dignitas.net\/fr\/csgo\/","og_type":"article","og_title":"Vivez une excitation de niveau sup\u00e9rieur\u00a0: pariez sur CS:GO et CS 2 avec 1xBet","og_description":"Rejoignez le monde plein d'action de 1xBet CS:GO et CS2 et d\u00e9montrez vos comp\u00e9tences de jeu dans le l\u00e9gendaire jeu Counter-Strike. Explorez des tournois passionnants, pariez sur vos \u00e9quipes pr\u00e9f\u00e9r\u00e9es et vivez la mont\u00e9e d'adr\u00e9naline du jeu comp\u00e9titif.","og_url":"https:\/\/1xbet.team-dignitas.net\/fr\/csgo\/","og_site_name":"1xBet","article_publisher":"https:\/\/www.facebook.com\/groups\/krsk2019\/","article_modified_time":"2024-02-07T16:50:36+00:00","og_image":[{"width":1024,"height":579,"url":"https:\/\/1xbet.team-dignitas.net\/fr\/wp-content\/uploads\/1xbet-cs-go.png","type":"image\/png"}],"twitter_card":"summary_large_image","twitter_site":"@xbet_casinos","twitter_misc":{"Dur\u00e9e de lecture estim\u00e9e":"6 minutes"},"schema":{"@context":"https:\/\/schema.org","@graph":[{"@type":"WebPage","@id":"https:\/\/1xbet.team-dignitas.net\/fr\/csgo\/","url":"https:\/\/1xbet.team-dignitas.net\/fr\/csgo\/","name":"Vivez une excitation de niveau sup\u00e9rieur\u00a0: pariez sur CS:GO et CS 2 avec 1xBet","isPartOf":{"@id":"https:\/\/1xbet.team-dignitas.net\/fr\/#website"},"primaryImageOfPage":{"@id":"https:\/\/1xbet.team-dignitas.net\/fr\/csgo\/#primaryimage"},"image":{"@id":"https:\/\/1xbet.team-dignitas.net\/fr\/csgo\/#primaryimage"},"thumbnailUrl":"https:\/\/1xbet.team-dignitas.net\/fr\/wp-content\/uploads\/1xbet-cs-go.png","datePublished":"2023-11-16T11:17:08+00:00","dateModified":"2024-02-07T16:50:36+00:00","description":"Rejoignez le monde plein d'action de 1xBet CS:GO et CS2 et d\u00e9montrez vos comp\u00e9tences de jeu dans le l\u00e9gendaire jeu Counter-Strike. Explorez des tournois passionnants, pariez sur vos \u00e9quipes pr\u00e9f\u00e9r\u00e9es et vivez la mont\u00e9e d'adr\u00e9naline du jeu comp\u00e9titif.","breadcrumb":{"@id":"https:\/\/1xbet.team-dignitas.net\/fr\/csgo\/#breadcrumb"},"inLanguage":"fr-FR","potentialAction":[{"@type":"ReadAction","target":["https:\/\/1xbet.team-dignitas.net\/fr\/csgo\/"]}]},{"@type":"ImageObject","inLanguage":"fr-FR","@id":"https:\/\/1xbet.team-dignitas.net\/fr\/csgo\/#primaryimage","url":"https:\/\/1xbet.team-dignitas.net\/fr\/wp-content\/uploads\/1xbet-cs-go.png","contentUrl":"https:\/\/1xbet.team-dignitas.net\/fr\/wp-content\/uploads\/1xbet-cs-go.png","width":1024,"height":579,"caption":"1xbet cs go"},{"@type":"BreadcrumbList","@id":"https:\/\/1xbet.team-dignitas.net\/fr\/csgo\/#breadcrumb","itemListElement":[{"@type":"ListItem","position":1,"name":"Accueil","item":"https:\/\/1xbet.team-dignitas.net\/fr\/"},{"@type":"ListItem","position":2,"name":"Parier sur CS:GO et CS 2 avec 1xBet"}]},{"@type":"WebSite","@id":"https:\/\/1xbet.team-dignitas.net\/fr\/#website","url":"https:\/\/1xbet.team-dignitas.net\/fr\/","name":"1xBet","description":"1xBet est le meilleur bookmaker et casino","potentialAction":[{"@type":"SearchAction","target":{"@type":"EntryPoint","urlTemplate":"https:\/\/1xbet.team-dignitas.net\/fr\/?s={search_term_string}"},"query-input":"required name=search_term_string"}],"inLanguage":"fr-FR"}]}},"_links":{"self":[{"href":"https:\/\/1xbet.team-dignitas.net\/fr\/wp-json\/wp\/v2\/pages\/72","targetHints":{"allow":["GET"]}}],"collection":[{"href":"https:\/\/1xbet.team-dignitas.net\/fr\/wp-json\/wp\/v2\/pages"}],"about":[{"href":"https:\/\/1xbet.team-dignitas.net\/fr\/wp-json\/wp\/v2\/types\/page"}],"author":[{"embeddable":true,"href":"https:\/\/1xbet.team-dignitas.net\/fr\/wp-json\/wp\/v2\/users\/1"}],"replies":[{"embeddable":true,"href":"https:\/\/1xbet.team-dignitas.net\/fr\/wp-json\/wp\/v2\/comments?post=72"}],"version-history":[{"count":10,"href":"https:\/\/1xbet.team-dignitas.net\/fr\/wp-json\/wp\/v2\/pages\/72\/revisions"}],"predecessor-version":[{"id":681,"href":"https:\/\/1xbet.team-dignitas.net\/fr\/wp-json\/wp\/v2\/pages\/72\/revisions\/681"}],"wp:featuredmedia":[{"embeddable":true,"href":"https:\/\/1xbet.team-dignitas.net\/fr\/wp-json\/wp\/v2\/media\/653"}],"wp:attachment":[{"href":"https:\/\/1xbet.team-dignitas.net\/fr\/wp-json\/wp\/v2\/media?parent=72"}],"curies":[{"name":"wp","href":"https:\/\/api.w.org\/{rel}","templated":true}]}}