{"id":42,"date":"2023-01-30T18:14:25","date_gmt":"2023-01-30T15:14:25","guid":{"rendered":"https:\/\/thejema.ru\/branded\/1xbet\/?page_id=2"},"modified":"2024-02-07T20:09:41","modified_gmt":"2024-02-07T17:09:41","slug":"cybersport-1xbet","status":"publish","type":"page","link":"https:\/\/1xbet.team-dignitas.net\/fr\/cybersport-1xbet\/","title":{"rendered":"Le monde des paris Esports avec 1xBet"},"content":{"rendered":"\r\n<p>Le site <a href=\"\/\">1x<\/a> bet , qui a r\u00e9cemment fait irruption dans le domaine des paris, a d\u00e9j\u00e0 conquis un grand nombre de fans et est devenu l&rsquo;un des bookmakers les plus populaires. L\u2019esport, \u00e0 son tour, est devenu une partie int\u00e9grante de la vie quotidienne, offrant un passe-temps passionnant et une opportunit\u00e9 de gagner de l\u2019argent, surtout en p\u00e9riode de pand\u00e9mie.<\/p>\r\n<p><img loading=\"lazy\" decoding=\"async\" class=\"alignnone size-full wp-image-603\" src=\"https:\/\/1xbet.team-dignitas.net\/fr\/wp-content\/uploads\/1xbet-esports.png\" alt=\"1xbet e-sport\" width=\"1300\" height=\"735\" srcset=\"https:\/\/1xbet.team-dignitas.net\/fr\/wp-content\/uploads\/1xbet-esports.png 1300w, https:\/\/1xbet.team-dignitas.net\/fr\/wp-content\/uploads\/1xbet-esports-768x434.png 768w\" sizes=\"auto, (max-width: 1300px) 100vw, 1300px\" \/><\/p>\r\n\r\n\r\n\r\n<p>La combinaison de 1xbet avec le monde de l\u2019eSport forme une union r\u00e9ussie qui apporte avantages et satisfaction. De plus, le bookmaker vous ravira avec d&rsquo;excellents bonus, une version mobile pratique, des m\u00e9thodes de paiement innovantes, un processus d&rsquo;inscription simple et une assistance continue 24 heures sur 24.<\/p>\r\n\r\n\r\n\r\n<h2 class=\"wp-block-heading\">Conception et interface<\/h2>\r\n\r\n\r\n\r\n<p>L&rsquo;administration a fait de gros efforts pour cr\u00e9er une interface utilisateur pratique. Chaque d\u00e9tail est pens\u00e9 pour que les joueurs puissent tirer le meilleur parti de toutes les fonctionnalit\u00e9s. \u00c0 l&rsquo;aide de la barre de recherche, vous pouvez trouver rapidement l&rsquo;\u00e9quipe ou le tournoi eSports souhait\u00e9.<\/p>\r\n<p><img loading=\"lazy\" decoding=\"async\" class=\"alignnone size-full wp-image-536\" src=\"https:\/\/1xbet.team-dignitas.net\/fr\/wp-content\/uploads\/design.png\" alt=\"Conception 1xbet\" width=\"1300\" height=\"735\" srcset=\"https:\/\/1xbet.team-dignitas.net\/fr\/wp-content\/uploads\/design.png 1300w, https:\/\/1xbet.team-dignitas.net\/fr\/wp-content\/uploads\/design-768x434.png 768w\" sizes=\"auto, (max-width: 1300px) 100vw, 1300px\" \/><\/p>\r\n\r\n\r\n\r\n<p>Pour les joueurs mobiles, 1xBet est pr\u00eat \u00e0 proposer des applications sp\u00e9cialis\u00e9es pour Android et iOS. Si vous utilisez Android, vous pouvez t\u00e9l\u00e9charger le fichier apk depuis le site officiel. Quant \u00e0 la version iOS, le logiciel vous attend dans l&rsquo;App Store. Que vous jouiez dans un navigateur ou via une application mobile sp\u00e9ciale, la m\u00eame interface conviviale et les m\u00eames fonctionnalit\u00e9s avanc\u00e9es sont fournies.<\/p>\r\n\r\n\r\n\r\n<h2 class=\"wp-block-heading\">Bonus eSport<\/h2>\r\n\r\n\r\n\r\n<p>Vous pouvez d\u00e9couvrir les derni\u00e8res promotions et bonus en visitant le site officiel de 1xbet. Cependant, l\u2019offre la plus attractive pour les clients est consid\u00e9r\u00e9e comme l\u2019innovant \u00ab Esports Bonus Calendar \u00bb. Quelle est la valeur du cashback quotidien ? De plus, il existe un g\u00e9n\u00e9reux bonus de bienvenue pour les nouveaux clients. Pour l&rsquo;activer, il vous suffit d&rsquo;effectuer votre premier d\u00e9p\u00f4t.<\/p>\r\n<p><img loading=\"lazy\" decoding=\"async\" class=\"alignnone size-full wp-image-632\" src=\"https:\/\/1xbet.team-dignitas.net\/fr\/wp-content\/uploads\/cybersports-bonus.png\" alt=\"bonus cybersports\" width=\"1300\" height=\"735\" srcset=\"https:\/\/1xbet.team-dignitas.net\/fr\/wp-content\/uploads\/cybersports-bonus.png 1300w, https:\/\/1xbet.team-dignitas.net\/fr\/wp-content\/uploads\/cybersports-bonus-768x434.png 768w\" sizes=\"auto, (max-width: 1300px) 100vw, 1300px\" \/><\/p>\r\n\r\n\r\n\r\n<h2 class=\"wp-block-heading\">Comment s&rsquo;inscrire sur 1xbet<\/h2>\r\n\r\n\r\n\r\n<p>L\u2019avantage de 1xbet est une inscription rapide et facile. Pour devenir client, suivez simplement quelques \u00e9tapes :<\/p>\r\n\r\n\r\n\r\n<ol class=\"wp-block-list\">\r\n<li>Acc\u00e9dez au site officiel de 1xbet\u00a0;<\/li>\r\n\r\n\r\n\r\n<li>Cliquez sur le bouton \u00ab\u00a0S&rsquo;inscrire\u00a0\u00bb, qui se trouve dans le coin sup\u00e9rieur droit\u00a0;<\/li>\r\n\r\n\r\n\r\n<li>D\u00e9cidez du mode d&rsquo;inscription &#8211; par e-mail, t\u00e9l\u00e9phone ou r\u00e9seaux sociaux ;<\/li>\r\n\r\n\r\n\r\n<li>Remplissez le formulaire en fournissant des informations personnelles.<\/li>\r\n<\/ol>\r\n\r\n\r\n\r\n<p>Il vous suffit d&rsquo;activer votre compte par email ou par t\u00e9l\u00e9phone. Ensuite, vous pouvez vous connecter, recharger instantan\u00e9ment votre compte et commencer \u00e0 parier.<\/p>\r\n<p><img loading=\"lazy\" decoding=\"async\" class=\"alignnone size-full wp-image-567\" src=\"https:\/\/1xbet.team-dignitas.net\/fr\/wp-content\/uploads\/payments-1xbet.png\" alt=\"M\u00e9thodes de paiement 1xbet\" width=\"1300\" height=\"735\" srcset=\"https:\/\/1xbet.team-dignitas.net\/fr\/wp-content\/uploads\/payments-1xbet.png 1300w, https:\/\/1xbet.team-dignitas.net\/fr\/wp-content\/uploads\/payments-1xbet-768x434.png 768w\" sizes=\"auto, (max-width: 1300px) 100vw, 1300px\" \/><\/p>\r\n\r\n\r\n\r\n<h2 class=\"wp-block-heading\">Options de d\u00e9p\u00f4t et de retrait<\/h2>\r\n\r\n\r\n\r\n<p>Le bookmaker propose diverses m\u00e9thodes pour d\u00e9poser et retirer des fonds. Le tableau ci-dessous pr\u00e9sente les instruments de paiement les plus populaires et les plus s\u00e9curis\u00e9s.<\/p>\r\n\r\n\r\n\r\n<figure class=\"wp-block-table\">\r\n<table>\r\n<tbody>\r\n<tr>\r\n<td>Mode de paiement<\/td>\r\n<td>Prestations de service<\/td>\r\n<\/tr>\r\n<tr>\r\n<td>Crypto-monnaie<\/td>\r\n<td>Bitcoin, Ethereum, Litecoin<\/td>\r\n<\/tr>\r\n<tr>\r\n<td>Portefeuille en ligne<\/td>\r\n<td>Qiwi, YuMoney, Skrill, ecoPayz<\/td>\r\n<\/tr>\r\n<tr>\r\n<td>carte bancaire<\/td>\r\n<td>Visa, Maestro, MasterCard<\/td>\r\n<\/tr>\r\n<tr>\r\n<td>Transferts mobiles<\/td>\r\n<td>Tele2, Beeline, EcoCash<\/td>\r\n<\/tr>\r\n<\/tbody>\r\n<\/table>\r\n<\/figure>\r\n\r\n\r\n\r\n<p>&nbsp;<\/p>\r\n<h2 class=\"wp-block-heading\">March\u00e9s de paris esports disponibles<\/h2>\r\n\r\n\r\n\r\n<p>Le site Web 1xbet propose une large gamme d&rsquo;options de paris eSports, couvrant \u00e0 la fois les tournois \u00e0 venir et locaux. Parmi les nombreux jeux, Overwatch, DOTA 2, LoL, CS:GO sont particuli\u00e8rement populaires. Vous pouvez parier sur une vari\u00e9t\u00e9 de r\u00e9sultats, y compris les gagnants globaux des matchs, les gagnants des r\u00e9gions, les gagnants des tours et le nombre total de frags.<\/p>\r\n\r\n\r\n\r\n<p>Si vous \u00eates int\u00e9ress\u00e9 par d\u2019autres options de r\u00e9sultats, rendez-vous sur le site officiel et acc\u00e9dez \u00e0 la section \u00ab Esports \u00bb. S\u00e9lectionnez maintenant le tournoi appropri\u00e9 et une liste de tous les types de paris s&rsquo;ouvrira. Cela offre un large \u00e9ventail d\u2019opportunit\u00e9s pour des pr\u00e9dictions eSports plus pr\u00e9cises. De plus, des retransmissions en direct des matchs sont pr\u00e9vues pour une plus grande implication.<\/p>\r\n<p><img loading=\"lazy\" decoding=\"async\" class=\"alignnone size-full wp-image-556\" src=\"https:\/\/1xbet.team-dignitas.net\/fr\/wp-content\/uploads\/kibersport-na-mobilnom-telefone.png\" alt=\"e-sport pour mobile\" width=\"1300\" height=\"735\" srcset=\"https:\/\/1xbet.team-dignitas.net\/fr\/wp-content\/uploads\/kibersport-na-mobilnom-telefone.png 1300w, https:\/\/1xbet.team-dignitas.net\/fr\/wp-content\/uploads\/kibersport-na-mobilnom-telefone-768x434.png 768w\" sizes=\"auto, (max-width: 1300px) 100vw, 1300px\" \/><\/p>\r\n\r\n\r\n\r\n<h2 class=\"wp-block-heading\">L&rsquo;esport sur mobile<\/h2>\r\n\r\n\r\n\r\n<p>1xbet comprend que de nombreuses personnes n\u2019ont pas toujours la possibilit\u00e9 de rester chez elles devant l\u2019ordinateur pour parier. Par cons\u00e9quent, une version mobile pratique a \u00e9t\u00e9 cr\u00e9\u00e9e, qui donne aux clients la libert\u00e9 de jouer n&rsquo;importe o\u00f9. L&rsquo;application est disponible pour les utilisateurs d&rsquo;iPhone et d&rsquo;Android et l&rsquo;installation ne prend que quelques minutes.<\/p>\r\n\r\n\r\n\r\n<p>Le logiciel gratuit peut \u00eatre t\u00e9l\u00e9charg\u00e9 sur le site officiel. Si vous poss\u00e9dez d\u00e9j\u00e0 un compte, il est recommand\u00e9 d&rsquo;utiliser vos donn\u00e9es existantes dans l&rsquo;application mobile. Le jeu sur t\u00e9l\u00e9phone est similaire \u00e0 ce que propose la version navigateur. De plus, une large gamme de fonctions et une navigation rapide sont disponibles.<\/p>\r\n\r\n\r\n\r\n<h2 class=\"wp-block-heading\">Les activit\u00e9s esports 1xbet sont-elles l\u00e9gales ?<\/h2>\r\n\r\n\r\n\r\n<p>Le bookmaker est une plateforme fiable et s\u00fbre, car ses activit\u00e9s sont r\u00e9glement\u00e9es par la Commission de Cura\u00e7ao. Cela vous permet d&rsquo;acc\u00e9der au site et aux paris eSports. Cependant, il est important de rappeler que vous devez avoir au moins 18 ans pour participer aux jeux d\u2019argent sur la plateforme 1xbet.<\/p>\r\n<p><img loading=\"lazy\" decoding=\"async\" class=\"alignnone size-full wp-image-558\" src=\"https:\/\/1xbet.team-dignitas.net\/fr\/wp-content\/uploads\/live-cybersport.png\" alt=\"cybersport en direct\" width=\"1300\" height=\"735\" srcset=\"https:\/\/1xbet.team-dignitas.net\/fr\/wp-content\/uploads\/live-cybersport.png 1300w, https:\/\/1xbet.team-dignitas.net\/fr\/wp-content\/uploads\/live-cybersport-768x434.png 768w\" sizes=\"auto, (max-width: 1300px) 100vw, 1300px\" \/><\/p>\r\n\r\n\r\n\r\n<h2 class=\"wp-block-heading\">ESports en direct<\/h2>\r\n\r\n\r\n\r\n<p>Pour commencer \u00e0 parier sur les matchs en cours, ouvrez la section \u00ab Esports \u00bb et rendez-vous dans l&rsquo;onglet \u00ab Live \u00bb. Ici, vous pouvez non seulement placer des paris en temps r\u00e9el, mais \u00e9galement regarder les retransmissions en direct des \u00e9v\u00e9nements eSports.<\/p>\r\n\r\n\r\n\r\n<p>Lorsque les tournois se d\u00e9roulent en temps r\u00e9el, un large choix de march\u00e9s s&rsquo;offre \u00e0 vous. Chaque jeu est accompagn\u00e9 de cotes attrayantes disponibles tout au long de l&rsquo;\u00e9v\u00e9nement. Vous pouvez parier sur StarCraft II, CS:GO, FIFA.<\/p>\r\n\r\n\r\n\r\n<h2 class=\"wp-block-heading\">Confidentialit\u00e9 et s\u00e9curit\u00e9<\/h2>\r\n\r\n\r\n\r\n<p>Les activit\u00e9s dans le domaine de l&rsquo;e-sport sur la plateforme 1xbet sont autoris\u00e9es par le gouvernement de Cura\u00e7ao. La soci\u00e9t\u00e9 propose un haut niveau de cryptage des informations, garantissant la s\u00e9curit\u00e9 de vos transactions et de vos donn\u00e9es personnelles. L&rsquo;utilisation de l&rsquo;authentification \u00e0 deux facteurs augmentera la s\u00e9curit\u00e9.<\/p>\r\n\r\n\r\n\r\n<p>Gr\u00e2ce \u00e0 des mesures de s\u00e9curit\u00e9 telles qu&rsquo;un cryptage de haut niveau et une authentification \u00e0 deux facteurs, 1xbet garantit une protection fiable des donn\u00e9es. De cette fa\u00e7on, vous n&rsquo;avez pas \u00e0 vous soucier de la l\u00e9galit\u00e9 et de la s\u00e9curit\u00e9 de vos activit\u00e9s sur la plateforme de jeux. Tout est aussi juste et s\u00fbr que possible !<\/p>\r\n\r\n\r\n\r\n<h2 class=\"wp-block-heading\">Service client<\/h2>\r\n\r\n\r\n\r\n<p>Le bookmaker offre aux clients la possibilit\u00e9 de r\u00e9soudre leurs questions et probl\u00e8mes via le support client. Ce service est gratuit et disponible 24h\/24. Les managers sont pr\u00eats \u00e0 aider dans divers domaines, tels que le retrait de fonds, la gestion des comptes, la r\u00e9ception de bonus. Contactez l&rsquo;op\u00e9rateur et obtenez des conseils de qualit\u00e9.<\/p>\r\n\r\n\r\n\r\n<p>La communication est assur\u00e9e par t\u00e9l\u00e9phone et par courrier \u00e9lectronique. De plus, un chat en direct est pris en charge en 30 langues. Cela vous permettra de r\u00e9soudre rapidement et efficacement tout probl\u00e8me. Peu importe ce qui vous inqui\u00e8te, le service d&rsquo;assistance est pr\u00eat \u00e0 vous fournir l&rsquo;assistance n\u00e9cessaire \u00e0 tout moment de la journ\u00e9e.<\/p>\r\n\r\n\r\n\r\n<h2 class=\"wp-block-heading\">Question fr\u00e9quemment pos\u00e9e<\/h2>\r\n\r\n\r\n\r\n<div class=\"expert-review-faq expert-review-faq--style-simple-1 expert-review-faq--color-blue-1\"><div class=\"expert-review-faq-item\" itemscope itemprop=\"mainEntity\" itemtype=\"https:\/\/schema.org\/Question\">  <div class=\"expert-review-faq-item__question js-expert-review-faq-item-question\" itemprop=\"name\">Pourquoi choisir 1xbet ?<\/div>  <div class=\"expert-review-faq-item__answer js-expert-review-faq-item-answer\" style=\"display:none\" itemscope itemprop=\"acceptedAnswer\" itemtype=\"https:\/\/schema.org\/Answer\"><span itemprop=\"text\">Tout d\u2019abord, 1xbet est une plateforme de paris eSports fiable. Vous y trouverez des bonus excellents et vari\u00e9s, des m\u00e9thodes de paiement avanc\u00e9es, un haut niveau de s\u00e9curit\u00e9, un large choix de jeux et de march\u00e9s de paris, ainsi qu'un excellent support client.<\/div><\/div><div class=\"expert-review-faq-item\" itemscope itemprop=\"mainEntity\" itemtype=\"https:\/\/schema.org\/Question\">  <div class=\"expert-review-faq-item__question js-expert-review-faq-item-question\" itemprop=\"name\">Comment retirer de l'argent ?<\/div>  <div class=\"expert-review-faq-item__answer js-expert-review-faq-item-answer\" style=\"display:none\" itemscope itemprop=\"acceptedAnswer\" itemtype=\"https:\/\/schema.org\/Answer\"><span itemprop=\"text\">Pour retirer vos gains, vous devez vous rendre dans la rubrique \u00ab Retrait \u00bb du site officiel. S\u00e9lectionnez la devise, le mode de retrait et pr\u00e9cisez le montant. La demande sera trait\u00e9e dans les 48 heures.<\/div><\/div><div class=\"expert-review-faq-item\" itemscope itemprop=\"mainEntity\" itemtype=\"https:\/\/schema.org\/Question\">  <div class=\"expert-review-faq-item__question js-expert-review-faq-item-question\" itemprop=\"name\">Quels types d\u2019e-sports sont les plus populaires ?<\/div>  <div class=\"expert-review-faq-item__answer js-expert-review-faq-item-answer\" style=\"display:none\" itemscope itemprop=\"acceptedAnswer\" itemtype=\"https:\/\/schema.org\/Answer\"><span itemprop=\"text\">Les principaux march\u00e9s eSports sur lesquels vous pouvez parier sur 1xBet incluent CS:GO, Dota 2, LoL. Tout cela gr\u00e2ce \u00e0 la diversit\u00e9 des march\u00e9s et aux cotes favorables.<\/div><\/div><div class=\"expert-review-faq-item\" itemscope itemprop=\"mainEntity\" itemtype=\"https:\/\/schema.org\/Question\">  <div class=\"expert-review-faq-item__question js-expert-review-faq-item-question\" itemprop=\"name\">Combien de comptes puis-je cr\u00e9er ?<\/div>  <div class=\"expert-review-faq-item__answer js-expert-review-faq-item-answer\" style=\"display:none\" itemscope itemprop=\"acceptedAnswer\" itemtype=\"https:\/\/schema.org\/Answer\"><span itemprop=\"text\">Selon les r\u00e8gles de 1xbet, chaque utilisateur ne peut avoir qu'un seul compte, sinon vous serez bloqu\u00e9.<\/div><\/div><\/div>\r\n\r\n\r\n\r\n<ol class=\"wp-block-list\"><\/ol>\r\n","protected":false},"excerpt":{"rendered":"<p>Le site 1x bet , qui a r\u00e9cemment fait irruption dans le domaine des paris, a d\u00e9j\u00e0 conquis un grand nombre de fans et est devenu l&rsquo;un des bookmakers les plus populaires. L\u2019esport, \u00e0 son tour, est devenu une partie int\u00e9grante de la vie quotidienne, offrant un passe-temps passionnant et une opportunit\u00e9 de gagner de [&hellip;]<\/p>\n","protected":false},"author":1,"featured_media":603,"parent":0,"menu_order":0,"comment_status":"open","ping_status":"closed","template":"","meta":{"footnotes":""},"class_list":["post-42","page","type-page","status-publish","has-post-thumbnail","hentry"],"yoast_head":"<!-- This site is optimized with the Yoast SEO plugin v22.3 - https:\/\/yoast.com\/wordpress\/plugins\/seo\/ -->\n<title>1xBet eSports\u00a0: d\u00e9couvrez le frisson du jeu comp\u00e9titif<\/title>\n<meta name=\"description\" content=\"D\u00e9couvrez le monde de 1xBet CyberSport et profitez de l\u2019excitation du jeu professionnel. Explorez une large gamme de jeux comp\u00e9titifs, profitez de la diffusion en direct et pariez sur vos \u00e9quipes et joueurs pr\u00e9f\u00e9r\u00e9s. Rejoignez la r\u00e9volution du jeu avec 1xBet et vivez l&#039;incroyable frisson de l&#039;eSport\" \/>\n<meta name=\"robots\" content=\"index, follow, max-snippet:-1, max-image-preview:large, max-video-preview:-1\" \/>\n<link rel=\"canonical\" href=\"https:\/\/1xbet.team-dignitas.net\/fr\/cybersport-1xbet\/\" \/>\n<meta property=\"og:type\" content=\"article\" \/>\n<meta property=\"og:title\" content=\"1xBet eSports\u00a0: d\u00e9couvrez le frisson du jeu comp\u00e9titif\" \/>\n<meta property=\"og:description\" content=\"D\u00e9couvrez le monde de 1xBet CyberSport et profitez de l\u2019excitation du jeu professionnel. Explorez une large gamme de jeux comp\u00e9titifs, profitez de la diffusion en direct et pariez sur vos \u00e9quipes et joueurs pr\u00e9f\u00e9r\u00e9s. Rejoignez la r\u00e9volution du jeu avec 1xBet et vivez l&#039;incroyable frisson de l&#039;eSport\" \/>\n<meta property=\"og:url\" content=\"https:\/\/1xbet.team-dignitas.net\/fr\/cybersport-1xbet\/\" \/>\n<meta property=\"og:site_name\" content=\"1xBet\" \/>\n<meta property=\"article:publisher\" content=\"https:\/\/www.facebook.com\/groups\/krsk2019\/\" \/>\n<meta property=\"article:modified_time\" content=\"2024-02-07T17:09:41+00:00\" \/>\n<meta property=\"og:image\" content=\"https:\/\/1xbet.team-dignitas.net\/fr\/wp-content\/uploads\/1xbet-esports.png\" \/>\n\t<meta property=\"og:image:width\" content=\"1300\" \/>\n\t<meta property=\"og:image:height\" content=\"735\" \/>\n\t<meta property=\"og:image:type\" content=\"image\/png\" \/>\n<meta name=\"twitter:card\" content=\"summary_large_image\" \/>\n<meta name=\"twitter:site\" content=\"@xbet_casinos\" \/>\n<meta name=\"twitter:label1\" content=\"Dur\u00e9e de lecture estim\u00e9e\" \/>\n\t<meta name=\"twitter:data1\" content=\"6 minutes\" \/>\n<script type=\"application\/ld+json\" class=\"yoast-schema-graph\">{\"@context\":\"https:\/\/schema.org\",\"@graph\":[{\"@type\":\"WebPage\",\"@id\":\"https:\/\/1xbet.team-dignitas.net\/fr\/cybersport-1xbet\/\",\"url\":\"https:\/\/1xbet.team-dignitas.net\/fr\/cybersport-1xbet\/\",\"name\":\"1xBet eSports\u00a0: d\u00e9couvrez le frisson du jeu comp\u00e9titif\",\"isPartOf\":{\"@id\":\"https:\/\/1xbet.team-dignitas.net\/fr\/#website\"},\"primaryImageOfPage\":{\"@id\":\"https:\/\/1xbet.team-dignitas.net\/fr\/cybersport-1xbet\/#primaryimage\"},\"image\":{\"@id\":\"https:\/\/1xbet.team-dignitas.net\/fr\/cybersport-1xbet\/#primaryimage\"},\"thumbnailUrl\":\"https:\/\/1xbet.team-dignitas.net\/fr\/wp-content\/uploads\/1xbet-esports.png\",\"datePublished\":\"2023-01-30T15:14:25+00:00\",\"dateModified\":\"2024-02-07T17:09:41+00:00\",\"description\":\"D\u00e9couvrez le monde de 1xBet CyberSport et profitez de l\u2019excitation du jeu professionnel. Explorez une large gamme de jeux comp\u00e9titifs, profitez de la diffusion en direct et pariez sur vos \u00e9quipes et joueurs pr\u00e9f\u00e9r\u00e9s. Rejoignez la r\u00e9volution du jeu avec 1xBet et vivez l'incroyable frisson de l'eSport\",\"breadcrumb\":{\"@id\":\"https:\/\/1xbet.team-dignitas.net\/fr\/cybersport-1xbet\/#breadcrumb\"},\"inLanguage\":\"fr-FR\",\"potentialAction\":[{\"@type\":\"ReadAction\",\"target\":[\"https:\/\/1xbet.team-dignitas.net\/fr\/cybersport-1xbet\/\"]}]},{\"@type\":\"ImageObject\",\"inLanguage\":\"fr-FR\",\"@id\":\"https:\/\/1xbet.team-dignitas.net\/fr\/cybersport-1xbet\/#primaryimage\",\"url\":\"https:\/\/1xbet.team-dignitas.net\/fr\/wp-content\/uploads\/1xbet-esports.png\",\"contentUrl\":\"https:\/\/1xbet.team-dignitas.net\/fr\/wp-content\/uploads\/1xbet-esports.png\",\"width\":1300,\"height\":735,\"caption\":\"1xbet esports\"},{\"@type\":\"BreadcrumbList\",\"@id\":\"https:\/\/1xbet.team-dignitas.net\/fr\/cybersport-1xbet\/#breadcrumb\",\"itemListElement\":[{\"@type\":\"ListItem\",\"position\":1,\"name\":\"Accueil\",\"item\":\"https:\/\/1xbet.team-dignitas.net\/fr\/\"},{\"@type\":\"ListItem\",\"position\":2,\"name\":\"Le monde des paris Esports avec 1xBet\"}]},{\"@type\":\"WebSite\",\"@id\":\"https:\/\/1xbet.team-dignitas.net\/fr\/#website\",\"url\":\"https:\/\/1xbet.team-dignitas.net\/fr\/\",\"name\":\"1xBet\",\"description\":\"1xBet est le meilleur bookmaker et casino\",\"potentialAction\":[{\"@type\":\"SearchAction\",\"target\":{\"@type\":\"EntryPoint\",\"urlTemplate\":\"https:\/\/1xbet.team-dignitas.net\/fr\/?s={search_term_string}\"},\"query-input\":\"required name=search_term_string\"}],\"inLanguage\":\"fr-FR\"}]}<\/script>\n<!-- \/ Yoast SEO plugin. -->","yoast_head_json":{"title":"1xBet eSports\u00a0: d\u00e9couvrez le frisson du jeu comp\u00e9titif","description":"D\u00e9couvrez le monde de 1xBet CyberSport et profitez de l\u2019excitation du jeu professionnel. Explorez une large gamme de jeux comp\u00e9titifs, profitez de la diffusion en direct et pariez sur vos \u00e9quipes et joueurs pr\u00e9f\u00e9r\u00e9s. Rejoignez la r\u00e9volution du jeu avec 1xBet et vivez l'incroyable frisson de l'eSport","robots":{"index":"index","follow":"follow","max-snippet":"max-snippet:-1","max-image-preview":"max-image-preview:large","max-video-preview":"max-video-preview:-1"},"canonical":"https:\/\/1xbet.team-dignitas.net\/fr\/cybersport-1xbet\/","og_type":"article","og_title":"1xBet eSports\u00a0: d\u00e9couvrez le frisson du jeu comp\u00e9titif","og_description":"D\u00e9couvrez le monde de 1xBet CyberSport et profitez de l\u2019excitation du jeu professionnel. Explorez une large gamme de jeux comp\u00e9titifs, profitez de la diffusion en direct et pariez sur vos \u00e9quipes et joueurs pr\u00e9f\u00e9r\u00e9s. Rejoignez la r\u00e9volution du jeu avec 1xBet et vivez l'incroyable frisson de l'eSport","og_url":"https:\/\/1xbet.team-dignitas.net\/fr\/cybersport-1xbet\/","og_site_name":"1xBet","article_publisher":"https:\/\/www.facebook.com\/groups\/krsk2019\/","article_modified_time":"2024-02-07T17:09:41+00:00","og_image":[{"width":1300,"height":735,"url":"https:\/\/1xbet.team-dignitas.net\/fr\/wp-content\/uploads\/1xbet-esports.png","type":"image\/png"}],"twitter_card":"summary_large_image","twitter_site":"@xbet_casinos","twitter_misc":{"Dur\u00e9e de lecture estim\u00e9e":"6 minutes"},"schema":{"@context":"https:\/\/schema.org","@graph":[{"@type":"WebPage","@id":"https:\/\/1xbet.team-dignitas.net\/fr\/cybersport-1xbet\/","url":"https:\/\/1xbet.team-dignitas.net\/fr\/cybersport-1xbet\/","name":"1xBet eSports\u00a0: d\u00e9couvrez le frisson du jeu comp\u00e9titif","isPartOf":{"@id":"https:\/\/1xbet.team-dignitas.net\/fr\/#website"},"primaryImageOfPage":{"@id":"https:\/\/1xbet.team-dignitas.net\/fr\/cybersport-1xbet\/#primaryimage"},"image":{"@id":"https:\/\/1xbet.team-dignitas.net\/fr\/cybersport-1xbet\/#primaryimage"},"thumbnailUrl":"https:\/\/1xbet.team-dignitas.net\/fr\/wp-content\/uploads\/1xbet-esports.png","datePublished":"2023-01-30T15:14:25+00:00","dateModified":"2024-02-07T17:09:41+00:00","description":"D\u00e9couvrez le monde de 1xBet CyberSport et profitez de l\u2019excitation du jeu professionnel. Explorez une large gamme de jeux comp\u00e9titifs, profitez de la diffusion en direct et pariez sur vos \u00e9quipes et joueurs pr\u00e9f\u00e9r\u00e9s. Rejoignez la r\u00e9volution du jeu avec 1xBet et vivez l'incroyable frisson de l'eSport","breadcrumb":{"@id":"https:\/\/1xbet.team-dignitas.net\/fr\/cybersport-1xbet\/#breadcrumb"},"inLanguage":"fr-FR","potentialAction":[{"@type":"ReadAction","target":["https:\/\/1xbet.team-dignitas.net\/fr\/cybersport-1xbet\/"]}]},{"@type":"ImageObject","inLanguage":"fr-FR","@id":"https:\/\/1xbet.team-dignitas.net\/fr\/cybersport-1xbet\/#primaryimage","url":"https:\/\/1xbet.team-dignitas.net\/fr\/wp-content\/uploads\/1xbet-esports.png","contentUrl":"https:\/\/1xbet.team-dignitas.net\/fr\/wp-content\/uploads\/1xbet-esports.png","width":1300,"height":735,"caption":"1xbet esports"},{"@type":"BreadcrumbList","@id":"https:\/\/1xbet.team-dignitas.net\/fr\/cybersport-1xbet\/#breadcrumb","itemListElement":[{"@type":"ListItem","position":1,"name":"Accueil","item":"https:\/\/1xbet.team-dignitas.net\/fr\/"},{"@type":"ListItem","position":2,"name":"Le monde des paris Esports avec 1xBet"}]},{"@type":"WebSite","@id":"https:\/\/1xbet.team-dignitas.net\/fr\/#website","url":"https:\/\/1xbet.team-dignitas.net\/fr\/","name":"1xBet","description":"1xBet est le meilleur bookmaker et casino","potentialAction":[{"@type":"SearchAction","target":{"@type":"EntryPoint","urlTemplate":"https:\/\/1xbet.team-dignitas.net\/fr\/?s={search_term_string}"},"query-input":"required name=search_term_string"}],"inLanguage":"fr-FR"}]}},"_links":{"self":[{"href":"https:\/\/1xbet.team-dignitas.net\/fr\/wp-json\/wp\/v2\/pages\/42","targetHints":{"allow":["GET"]}}],"collection":[{"href":"https:\/\/1xbet.team-dignitas.net\/fr\/wp-json\/wp\/v2\/pages"}],"about":[{"href":"https:\/\/1xbet.team-dignitas.net\/fr\/wp-json\/wp\/v2\/types\/page"}],"author":[{"embeddable":true,"href":"https:\/\/1xbet.team-dignitas.net\/fr\/wp-json\/wp\/v2\/users\/1"}],"replies":[{"embeddable":true,"href":"https:\/\/1xbet.team-dignitas.net\/fr\/wp-json\/wp\/v2\/comments?post=42"}],"version-history":[{"count":12,"href":"https:\/\/1xbet.team-dignitas.net\/fr\/wp-json\/wp\/v2\/pages\/42\/revisions"}],"predecessor-version":[{"id":687,"href":"https:\/\/1xbet.team-dignitas.net\/fr\/wp-json\/wp\/v2\/pages\/42\/revisions\/687"}],"wp:featuredmedia":[{"embeddable":true,"href":"https:\/\/1xbet.team-dignitas.net\/fr\/wp-json\/wp\/v2\/media\/603"}],"wp:attachment":[{"href":"https:\/\/1xbet.team-dignitas.net\/fr\/wp-json\/wp\/v2\/media?parent=42"}],"curies":[{"name":"wp","href":"https:\/\/api.w.org\/{rel}","templated":true}]}}