{"id":330,"date":"2023-12-15T20:27:41","date_gmt":"2023-12-15T17:27:41","guid":{"rendered":"https:\/\/1xbet.team-dignitas.net\/fr\/?page_id=330"},"modified":"2024-01-29T17:22:45","modified_gmt":"2024-01-29T14:22:45","slug":"sitemap","status":"publish","type":"page","link":"https:\/\/1xbet.team-dignitas.net\/fr\/sitemap\/","title":{"rendered":"Sitemap"},"content":{"rendered":"<div class=\"wsp-container\"><h2 class=\"wsp-pages-title\">Pages<\/h2>\n<ul class=\"wsp-pages-list\">\n<li class=\"page_item page-item-2\"><a href=\"https:\/\/1xbet.team-dignitas.net\/fr\/\">1xBet &#8211; Paris sportifs et casino en ligne<\/a><\/li>\n<li class=\"page_item page-item-141\"><a href=\"https:\/\/1xbet.team-dignitas.net\/fr\/baseball\/\">1xBet : votre meilleur fournisseur de paris sur le baseball<\/a><\/li>\n<li class=\"page_item page-item-77\"><a href=\"https:\/\/1xbet.team-dignitas.net\/fr\/live\/\">1xBet Live : paris, casino et esports<\/a><\/li>\n<li class=\"page_item page-item-85 page_item_has_children\"><a href=\"https:\/\/1xbet.team-dignitas.net\/fr\/bonus\/\">Bonus et promotions sur 1xBet<\/a>\n<ul class='children'>\n\t<li class=\"page_item page-item-68\"><a href=\"https:\/\/1xbet.team-dignitas.net\/fr\/bonus\/bonus-friday\/\">Bon vendredi bonus sur 1xBet<\/a><\/li>\n<\/ul>\n<\/li>\n<li class=\"page_item page-item-217\"><a href=\"https:\/\/1xbet.team-dignitas.net\/fr\/lucky-jet\/\">Gros GAGNANT avec Lucky Jet sur 1xBet<\/a><\/li>\n<li class=\"page_item page-item-119\"><a href=\"https:\/\/1xbet.team-dignitas.net\/fr\/hockey\/\">Guide complet des paris sur le hockey 1xBet<\/a><\/li>\n<li class=\"page_item page-item-107\"><a href=\"https:\/\/1xbet.team-dignitas.net\/fr\/football-1xbet\/\">Guide des paris sur le football 1xBet<\/a><\/li>\n<li class=\"page_item page-item-237\"><a href=\"https:\/\/1xbet.team-dignitas.net\/fr\/jetx\/\">JetX sur 1xBet\u00a0: des jeux rapides et de gros gains vous attendent<\/a><\/li>\n<li class=\"page_item page-item-42\"><a href=\"https:\/\/1xbet.team-dignitas.net\/fr\/cybersport-1xbet\/\">Le monde des paris Esports avec 1xBet<\/a><\/li>\n<li class=\"page_item page-item-115\"><a href=\"https:\/\/1xbet.team-dignitas.net\/fr\/tennis-1xbet\/\">Ma\u00eetriser les paris sur le tennis sur 1xBet<\/a><\/li>\n<li class=\"page_item page-item-72\"><a href=\"https:\/\/1xbet.team-dignitas.net\/fr\/csgo\/\">Parier sur CS:GO et CS 2 avec 1xBet<\/a><\/li>\n<li class=\"page_item page-item-136\"><a href=\"https:\/\/1xbet.team-dignitas.net\/fr\/ufc\/\">Parier sur l\u2019UFC avec 1xBet: conseils de paris et par o\u00f9 commencer<\/a><\/li>\n<li class=\"page_item page-item-132\"><a href=\"https:\/\/1xbet.team-dignitas.net\/fr\/boxing\/\">Parier sur la boxe avec 1xBet<\/a><\/li>\n<li class=\"page_item page-item-79\"><a href=\"https:\/\/1xbet.team-dignitas.net\/fr\/cricket\/\">Parier sur le cricket avec 1xBet<\/a><\/li>\n<li class=\"page_item page-item-219\"><a href=\"https:\/\/1xbet.team-dignitas.net\/fr\/aviator\/\">Parier sur les aviateurs avec 1xBet Crash<\/a><\/li>\n<li class=\"page_item page-item-124\"><a href=\"https:\/\/1xbet.team-dignitas.net\/fr\/horse-racing\/\">Parier sur les courses hippiques avec 1xBet<\/a><\/li>\n<li class=\"page_item page-item-89\"><a href=\"https:\/\/1xbet.team-dignitas.net\/fr\/ipl\/\">Pariez sur IPL avec 1xBet pour une action de cricket inoubliable<\/a><\/li>\n<li class=\"page_item page-item-128\"><a href=\"https:\/\/1xbet.team-dignitas.net\/fr\/live-kabaddi\/\">Paris d\u2019avant-match et en direct sur Kabaddi sur 1xBet<\/a><\/li>\n<li class=\"page_item page-item-81\"><a href=\"https:\/\/1xbet.team-dignitas.net\/fr\/promokod\/\">R\u00e9compenses avec le code promotionnel 1xBet<\/a><\/li>\n<li class=\"page_item page-item-330\"><a href=\"https:\/\/1xbet.team-dignitas.net\/fr\/sitemap\/\">Sitemap<\/a><\/li>\n<li class=\"page_item page-item-83\"><a href=\"https:\/\/1xbet.team-dignitas.net\/fr\/app\/\">T\u00e9l\u00e9charger 1xBet APK &#8211; Derni\u00e8re version pour Android et iOS<\/a><\/li>\n<li class=\"page_item page-item-239\"><a href=\"https:\/\/1xbet.team-dignitas.net\/fr\/app-pc\/\">T\u00e9l\u00e9charger l&rsquo;application 1xBet pour PC Windows 7\/10<\/a><\/li>\n<li class=\"page_item page-item-221\"><a href=\"https:\/\/1xbet.team-dignitas.net\/fr\/casino-1xbet\/\">Vivez les sensations fortes du casino 1xBet<\/a><\/li>\n<\/ul>\n<\/div>\n","protected":false},"excerpt":{"rendered":"","protected":false},"author":1,"featured_media":0,"parent":0,"menu_order":0,"comment_status":"open","ping_status":"closed","template":"","meta":{"footnotes":""},"class_list":["post-330","page","type-page","status-publish","hentry"],"yoast_head":"<!-- This site is optimized with the Yoast SEO plugin v22.3 - https:\/\/yoast.com\/wordpress\/plugins\/seo\/ -->\n<title>Sitemap - 1xBet<\/title>\n<meta name=\"description\" content=\"Sitemap for 1xbet\" \/>\n<meta name=\"robots\" content=\"index, follow, max-snippet:-1, max-image-preview:large, max-video-preview:-1\" \/>\n<link rel=\"canonical\" href=\"https:\/\/1xbet.team-dignitas.net\/fr\/sitemap\/\" \/>\n<meta property=\"og:type\" content=\"article\" \/>\n<meta property=\"og:title\" content=\"Sitemap - 1xBet\" \/>\n<meta property=\"og:description\" content=\"Sitemap for 1xbet\" \/>\n<meta property=\"og:url\" content=\"https:\/\/1xbet.team-dignitas.net\/fr\/sitemap\/\" \/>\n<meta property=\"og:site_name\" content=\"1xBet\" \/>\n<meta property=\"article:publisher\" content=\"https:\/\/www.facebook.com\/groups\/krsk2019\/\" \/>\n<meta property=\"article:modified_time\" content=\"2024-01-29T14:22:45+00:00\" \/>\n<meta name=\"twitter:card\" content=\"summary_large_image\" \/>\n<meta name=\"twitter:site\" content=\"@xbet_casinos\" \/>\n<meta name=\"twitter:label1\" content=\"Dur\u00e9e de lecture estim\u00e9e\" \/>\n\t<meta name=\"twitter:data1\" content=\"1 minute\" \/>\n<script type=\"application\/ld+json\" class=\"yoast-schema-graph\">{\"@context\":\"https:\/\/schema.org\",\"@graph\":[{\"@type\":\"WebPage\",\"@id\":\"https:\/\/1xbet.team-dignitas.net\/fr\/sitemap\/\",\"url\":\"https:\/\/1xbet.team-dignitas.net\/fr\/sitemap\/\",\"name\":\"Sitemap - 1xBet\",\"isPartOf\":{\"@id\":\"https:\/\/1xbet.team-dignitas.net\/fr\/#website\"},\"datePublished\":\"2023-12-15T17:27:41+00:00\",\"dateModified\":\"2024-01-29T14:22:45+00:00\",\"description\":\"Sitemap for 1xbet\",\"breadcrumb\":{\"@id\":\"https:\/\/1xbet.team-dignitas.net\/fr\/sitemap\/#breadcrumb\"},\"inLanguage\":\"fr-FR\",\"potentialAction\":[{\"@type\":\"ReadAction\",\"target\":[\"https:\/\/1xbet.team-dignitas.net\/fr\/sitemap\/\"]}]},{\"@type\":\"BreadcrumbList\",\"@id\":\"https:\/\/1xbet.team-dignitas.net\/fr\/sitemap\/#breadcrumb\",\"itemListElement\":[{\"@type\":\"ListItem\",\"position\":1,\"name\":\"Accueil\",\"item\":\"https:\/\/1xbet.team-dignitas.net\/fr\/\"},{\"@type\":\"ListItem\",\"position\":2,\"name\":\"Sitemap\"}]},{\"@type\":\"WebSite\",\"@id\":\"https:\/\/1xbet.team-dignitas.net\/fr\/#website\",\"url\":\"https:\/\/1xbet.team-dignitas.net\/fr\/\",\"name\":\"1xBet\",\"description\":\"1xBet est le meilleur bookmaker et casino\",\"potentialAction\":[{\"@type\":\"SearchAction\",\"target\":{\"@type\":\"EntryPoint\",\"urlTemplate\":\"https:\/\/1xbet.team-dignitas.net\/fr\/?s={search_term_string}\"},\"query-input\":\"required name=search_term_string\"}],\"inLanguage\":\"fr-FR\"}]}<\/script>\n<!-- \/ Yoast SEO plugin. -->","yoast_head_json":{"title":"Sitemap - 1xBet","description":"Sitemap for 1xbet","robots":{"index":"index","follow":"follow","max-snippet":"max-snippet:-1","max-image-preview":"max-image-preview:large","max-video-preview":"max-video-preview:-1"},"canonical":"https:\/\/1xbet.team-dignitas.net\/fr\/sitemap\/","og_type":"article","og_title":"Sitemap - 1xBet","og_description":"Sitemap for 1xbet","og_url":"https:\/\/1xbet.team-dignitas.net\/fr\/sitemap\/","og_site_name":"1xBet","article_publisher":"https:\/\/www.facebook.com\/groups\/krsk2019\/","article_modified_time":"2024-01-29T14:22:45+00:00","twitter_card":"summary_large_image","twitter_site":"@xbet_casinos","twitter_misc":{"Dur\u00e9e de lecture estim\u00e9e":"1 minute"},"schema":{"@context":"https:\/\/schema.org","@graph":[{"@type":"WebPage","@id":"https:\/\/1xbet.team-dignitas.net\/fr\/sitemap\/","url":"https:\/\/1xbet.team-dignitas.net\/fr\/sitemap\/","name":"Sitemap - 1xBet","isPartOf":{"@id":"https:\/\/1xbet.team-dignitas.net\/fr\/#website"},"datePublished":"2023-12-15T17:27:41+00:00","dateModified":"2024-01-29T14:22:45+00:00","description":"Sitemap for 1xbet","breadcrumb":{"@id":"https:\/\/1xbet.team-dignitas.net\/fr\/sitemap\/#breadcrumb"},"inLanguage":"fr-FR","potentialAction":[{"@type":"ReadAction","target":["https:\/\/1xbet.team-dignitas.net\/fr\/sitemap\/"]}]},{"@type":"BreadcrumbList","@id":"https:\/\/1xbet.team-dignitas.net\/fr\/sitemap\/#breadcrumb","itemListElement":[{"@type":"ListItem","position":1,"name":"Accueil","item":"https:\/\/1xbet.team-dignitas.net\/fr\/"},{"@type":"ListItem","position":2,"name":"Sitemap"}]},{"@type":"WebSite","@id":"https:\/\/1xbet.team-dignitas.net\/fr\/#website","url":"https:\/\/1xbet.team-dignitas.net\/fr\/","name":"1xBet","description":"1xBet est le meilleur bookmaker et casino","potentialAction":[{"@type":"SearchAction","target":{"@type":"EntryPoint","urlTemplate":"https:\/\/1xbet.team-dignitas.net\/fr\/?s={search_term_string}"},"query-input":"required name=search_term_string"}],"inLanguage":"fr-FR"}]}},"_links":{"self":[{"href":"https:\/\/1xbet.team-dignitas.net\/fr\/wp-json\/wp\/v2\/pages\/330","targetHints":{"allow":["GET"]}}],"collection":[{"href":"https:\/\/1xbet.team-dignitas.net\/fr\/wp-json\/wp\/v2\/pages"}],"about":[{"href":"https:\/\/1xbet.team-dignitas.net\/fr\/wp-json\/wp\/v2\/types\/page"}],"author":[{"embeddable":true,"href":"https:\/\/1xbet.team-dignitas.net\/fr\/wp-json\/wp\/v2\/users\/1"}],"replies":[{"embeddable":true,"href":"https:\/\/1xbet.team-dignitas.net\/fr\/wp-json\/wp\/v2\/comments?post=330"}],"version-history":[{"count":3,"href":"https:\/\/1xbet.team-dignitas.net\/fr\/wp-json\/wp\/v2\/pages\/330\/revisions"}],"predecessor-version":[{"id":416,"href":"https:\/\/1xbet.team-dignitas.net\/fr\/wp-json\/wp\/v2\/pages\/330\/revisions\/416"}],"wp:attachment":[{"href":"https:\/\/1xbet.team-dignitas.net\/fr\/wp-json\/wp\/v2\/media?parent=330"}],"curies":[{"name":"wp","href":"https:\/\/api.w.org\/{rel}","templated":true}]}}