{"id":237,"date":"2023-12-11T12:11:42","date_gmt":"2023-12-11T09:11:42","guid":{"rendered":"http:\/\/1xbet.team-dignitas.net\/fr\/?page_id=237"},"modified":"2024-02-08T10:40:30","modified_gmt":"2024-02-08T07:40:30","slug":"jetx","status":"publish","type":"page","link":"https:\/\/1xbet.team-dignitas.net\/fr\/jetx\/","title":{"rendered":"JetX sur 1xBet\u00a0: des jeux rapides et de gros gains vous attendent"},"content":{"rendered":"<p>1xBet est une plateforme de paris en ligne bien connue pour sa vaste s\u00e9lection de divertissements, notamment l&rsquo;excitant JetX. Il s&rsquo;agit d&rsquo;un jeu innovant qui combine intrigue, strat\u00e9gie et offre aux utilisateurs une exp\u00e9rience de jeu unique et passionnante. La machine \u00e0 sous a un \u00e9norme potentiel de profit et vous tient en haleine du d\u00e9but \u00e0 la fin.<\/p>\n<p><img loading=\"lazy\" decoding=\"async\" class=\"alignnone size-full wp-image-552\" src=\"https:\/\/1xbet.team-dignitas.net\/fr\/wp-content\/uploads\/jetx.png\" alt=\"jetx 1xbet\" width=\"1300\" height=\"735\" srcset=\"https:\/\/1xbet.team-dignitas.net\/fr\/wp-content\/uploads\/jetx.png 1300w, https:\/\/1xbet.team-dignitas.net\/fr\/wp-content\/uploads\/jetx-768x434.png 768w\" sizes=\"auto, (max-width: 1300px) 100vw, 1300px\" \/><\/p>\n<h2>Revue JetX sur 1xbet<\/h2>\n<p>JetX sur <a href=\"https:\/\/1xbet.team-dignitas.net\/fr\/\">onexbet<\/a> vous ravira avec un gameplay dynamique avec des commandes et une interface simples. M\u00eame les utilisateurs inexp\u00e9riment\u00e9s peuvent facilement comprendre comment placer des paris et collecter les gains \u00e0 temps. Le tableau ci-dessous d\u00e9crit les principales caract\u00e9ristiques techniques.<\/p>\n<table>\n<tbody>\n<tr>\n<td width=\"311\">Type de jeu<\/td>\n<td width=\"312\">\u00c9craser<\/td>\n<\/tr>\n<tr>\n<td width=\"311\">D\u00e9veloppeur<\/td>\n<td width=\"312\">Jeux intelligents<\/td>\n<\/tr>\n<tr>\n<td width=\"311\">date de sortie<\/td>\n<td width=\"312\">24 janvier 2019<\/td>\n<\/tr>\n<tr>\n<td width=\"311\">Taux de retour<\/td>\n<td width=\"312\">97%<\/td>\n<\/tr>\n<tr>\n<td width=\"311\">Quel est le meilleur endroit pour jouer ?<\/td>\n<td width=\"312\">1xbet<\/td>\n<\/tr>\n<tr>\n<td width=\"311\">Pour quels appareils est-il adapt\u00e9 ?<\/td>\n<td width=\"312\">PC, Android et iOS<\/td>\n<\/tr>\n<tr>\n<td width=\"311\">Modes<\/td>\n<td width=\"312\">Pour de l&rsquo;argent r\u00e9el et \u00ab\u00a0D\u00e9mo\u00a0\u00bb<\/td>\n<\/tr>\n<tr>\n<td width=\"311\">Bonus<\/td>\n<td width=\"312\">Par codes promotionnels<\/td>\n<\/tr>\n<\/tbody>\n<\/table>\n<p>Au fur et \u00e0 mesure que vous plongez dans JetX, le gameplay devient plus excitant et attrayant. Offre la combinaison parfaite entre un rythme rapide et des gains potentiellement importants. Par cons\u00e9quent, la machine automatique est devenue la meilleure option pour les d\u00e9butants et les professionnels.<\/p>\n<h2>\u00c0 propos du jeu JetX<\/h2>\n<p>JetX est un jeu de paris unique qui engage les joueurs dans une course-poursuite pleine d&rsquo;adr\u00e9naline. L&rsquo;id\u00e9e est simple mais addictive : pr\u00e9dire quand un vaisseau spatial volant va s&rsquo;\u00e9craser. La tension monte \u00e0 mesure que le navire monte plus haut, augmentant la r\u00e9compense potentielle mais aussi le risque. Avec une combinaison de strat\u00e9gie, de rythme et de chance de remporter le jackpot, JetX captive les joueurs nouveaux et exp\u00e9riment\u00e9s. Des graphismes \u00e9l\u00e9gants et des commandes simples offrent une exp\u00e9rience de jeu inoubliable.<\/p>\n<h2>R\u00e8gles du jeu en ligne JetX<\/h2>\n<p>Pour gagner, vous aurez besoin d\u2019une bonne r\u00e9action et d\u2019une capacit\u00e9 de pr\u00e9vision. Les joueurs parient sur le moment o\u00f9 ils pensent que le vaisseau spatial virtuel va s&rsquo;\u00e9craser. Le vaisseau spatial s&rsquo;\u00e9l\u00e8vera de plus en plus haut, et avec cela le gain potentiel augmentera. Si le navire s&rsquo;\u00e9crase avant que vous ayez le temps de r\u00e9cup\u00e9rer l&rsquo;argent, vous perdrez vos fonds.<\/p>\n<p>Il suffit de pr\u00e9dire correctement l&rsquo;heure et d&rsquo;avoir le temps d&rsquo;appuyer sur le bouton \u00ab Retrait \u00bb avant que l&rsquo;avion ne quitte l&rsquo;\u00e9cran. Ensuite, vous pouvez multiplier votre mise jusqu&rsquo;\u00e0 200 fois. C&rsquo;est une combinaison passionnante de risque et de r\u00e9compense, de strat\u00e9gie et de chance qui incite les joueurs \u00e0 revenir pour en savoir plus.<\/p>\n<p><img loading=\"lazy\" decoding=\"async\" class=\"alignnone size-full wp-image-610\" src=\"https:\/\/1xbet.team-dignitas.net\/fr\/wp-content\/uploads\/about-jet-x.png\" alt=\"\u00e0 propos du jeu jetx\" width=\"1300\" height=\"735\" srcset=\"https:\/\/1xbet.team-dignitas.net\/fr\/wp-content\/uploads\/about-jet-x.png 1300w, https:\/\/1xbet.team-dignitas.net\/fr\/wp-content\/uploads\/about-jet-x-768x434.png 768w\" sizes=\"auto, (max-width: 1300px) 100vw, 1300px\" \/><\/p>\n<h2>Comment commencer \u00e0 jouer \u00e0 JetX sur 1xBet<\/h2>\n<p>Pour commencer \u00e0 placer de vrais paris et avoir une chance de gagner, vous devez d\u2019abord cr\u00e9er un compte. Tous les utilisateurs de plus de 18 ans sont autoris\u00e9s \u00e0 s&rsquo;inscrire. Pour ce faire, vous devrez suivre quelques \u00e9tapes simples :<\/p>\n<ol>\n<li>Acc\u00e9dez au site officiel de 1xbet\u00a0;<\/li>\n<li>D\u00e9cidez de la m\u00e9thode d\u2019inscription appropri\u00e9e et remplissez les champs obligatoires\u00a0;<\/li>\n<li>S\u00e9lectionnez le bonus de bienvenue et attendez la lettre qui arrivera par email ;<\/li>\n<li>Suivez le lien sp\u00e9cial et activez votre compte.<\/li>\n<\/ol>\n<p>Il vous suffit de vous connecter \u00e0 votre compte personnel \u00e0 l&rsquo;aide de votre login et mot de passe. Vous pouvez maintenant acc\u00e9der \u00e0 la section \u00ab\u00a0D\u00e9p\u00f4t\u00a0\u00bb et recharger votre compte. Suivez les instructions \u00e0 l&rsquo;\u00e9cran pour ajouter des fonds \u00e0 votre solde. Une fois le cache cr\u00e9dit\u00e9 avec succ\u00e8s, il est temps de lancer le jeu.<\/p>\n<p>Tapez JetX dans la barre de recherche et vous trouverez rapidement une machine \u00e0 sous. Le mode payant implique des paris r\u00e9els. C&rsquo;est aux joueurs de d\u00e9cider combien miser par tour. Cela affectera directement le montant du gain, mais tout d\u00e9pend des cotes.<\/p>\n<h2>Application JetX pour Android<\/h2>\n<p>Jouer \u00e0 JetX sur les appareils Android est devenu plus facile, et tout cela gr\u00e2ce \u00e0 l\u2019application 1xBet. Le processus de t\u00e9l\u00e9chargement du logiciel est simple et rapide, vous permettant de profiter du jeu o\u00f9 que vous soyez. Voici ce qu&rsquo;il faut faire\u00a0:<\/p>\n<ol>\n<li>Visitez le site Web 1xBet et acc\u00e9dez \u00e0 la section Applications\u00a0;<\/li>\n<li>T\u00e9l\u00e9chargez le fichier apk d&rsquo;installation\u00a0;<\/li>\n<li>Dans les param\u00e8tres de votre t\u00e9l\u00e9phone, autorisez l&rsquo;installation d&rsquo;applications provenant de sources inconnues\u00a0;<\/li>\n<li>Recherchez le fichier t\u00e9l\u00e9charg\u00e9 dans le dossier \u00ab\u00a0T\u00e9l\u00e9chargements\u00a0\u00bb et installez l&rsquo;application\u00a0;<\/li>\n<li>Ouvrez le logiciel, connectez-vous \u00e0 votre compte et commencez \u00e0 jouer \u00e0 JetX.<\/li>\n<\/ol>\n<p>Maintenant que l\u2019application 1xBet est install\u00e9e sur votre appareil Android, JetX et de nombreux autres jeux ne sont plus qu\u2019\u00e0 un clic.<\/p>\n<p><img loading=\"lazy\" decoding=\"async\" class=\"alignnone size-full wp-image-553\" src=\"https:\/\/1xbet.team-dignitas.net\/fr\/wp-content\/uploads\/jetx-apk.png\" alt=\"jetx apk\" width=\"1300\" height=\"735\" srcset=\"https:\/\/1xbet.team-dignitas.net\/fr\/wp-content\/uploads\/jetx-apk.png 1300w, https:\/\/1xbet.team-dignitas.net\/fr\/wp-content\/uploads\/jetx-apk-768x434.png 768w\" sizes=\"auto, (max-width: 1300px) 100vw, 1300px\" \/><\/p>\n<h2>Application JetX pour iOS<\/h2>\n<p>Une application sp\u00e9ciale est \u00e9galement fournie pour les propri\u00e9taires d&rsquo;iOS. C&rsquo;est pratique de parier avec l&rsquo;iPhone, le gameplay ne se fige pas et il n&rsquo;y a pas de bugs. De plus, il est tr\u00e8s simple de t\u00e9l\u00e9charger le logiciel, car pour ce faire, vous devez proc\u00e9der comme suit :<\/p>\n<ol>\n<li>Visitez l\u2019App Store et recherchez l\u2019application 1xBet\u00a0;<\/li>\n<li>T\u00e9l\u00e9chargez et installez le programme sur votre appareil\u00a0;<\/li>\n<li>Apr\u00e8s l&rsquo;installation, ouvrez l&rsquo;application et connectez-vous ou inscrivez-vous\u00a0;<\/li>\n<li>Allez dans la section jeux et recherchez \u00ab\u00a0JetX\u00a0\u00bb.<\/li>\n<\/ol>\n<p>Apr\u00e8s avoir install\u00e9 l&rsquo;application sur votre appareil iOS, vous pouvez profiter de JetX \u00e0 tout moment et n&rsquo;importe o\u00f9. Pour un fonctionnement stable et correct de la machine, vous n\u2019avez besoin que d\u2019une bonne connexion Internet.<\/p>\n<h2>Bonus et codes promotionnels pour JetX sur 1xbet<\/h2>\n<p>Le bookmaker est pr\u00eat \u00e0 augmenter la probabilit\u00e9 de gagner gr\u00e2ce \u00e0 des bonus lucratifs et des codes promotionnels. Utilisez le code promotionnel 1xbet 1XARPLAY et b\u00e9n\u00e9ficiez d&rsquo;avantages exclusifs. Le bon bonus augmentera le montant du premier d\u00e9p\u00f4t de 100 %. Cela vous donnera un bon d\u00e9part et offrira une exp\u00e9rience positive, en particulier aux joueurs inexp\u00e9riment\u00e9s.<\/p>\n<p>Les joueurs r\u00e9guliers peuvent \u00e9galement compter sur des promotions lucratives et des offres de bonus de 1xbet. La participation \u00e0 des promotions am\u00e9liorera le gameplay et augmentera les chances de gagner. Consultez souvent la section \u00ab\u00a0Promo\u00a0\u00bb et ne manquez surtout pas le prochain multiplicateur de d\u00e9p\u00f4t ou les paris gratuits.<\/p>\n<p><img loading=\"lazy\" decoding=\"async\" class=\"alignnone size-full wp-image-620\" src=\"https:\/\/1xbet.team-dignitas.net\/fr\/wp-content\/uploads\/bonus-2.png\" alt=\"Bonus et codes promotionnels pour jetx 1xbet\" width=\"1300\" height=\"735\" srcset=\"https:\/\/1xbet.team-dignitas.net\/fr\/wp-content\/uploads\/bonus-2.png 1300w, https:\/\/1xbet.team-dignitas.net\/fr\/wp-content\/uploads\/bonus-2-768x434.png 768w\" sizes=\"auto, (max-width: 1300px) 100vw, 1300px\" \/><\/p>\n<h2>Comment effectuer un d\u00e9p\u00f4t et recevoir des gains<\/h2>\n<p>G\u00e9rer vos finances chez 1xBet est un processus simple et s\u00e9curis\u00e9. La plateforme propose une vari\u00e9t\u00e9 d&rsquo;options de d\u00e9p\u00f4t et de retrait, vous permettant de g\u00e9rer efficacement votre budget. Pour effectuer un d\u00e9p\u00f4t ou recevoir des gains, suivez les instructions :<\/p>\n<ol>\n<li>Connectez-vous \u00e0 votre compte personnel\u00a0;<\/li>\n<li>Allez dans \u00ab Mon compte \u00bb &#8211; la section se trouve dans \u00ab l&rsquo;en-t\u00eate \u00bb de la page de d\u00e9marrage ;<\/li>\n<li>S\u00e9lectionnez \u00ab\u00a0D\u00e9p\u00f4t\u00a0\u00bb ou \u00ab\u00a0Retrait\u00a0\u00bb selon votre besoin\u00a0;<\/li>\n<li>Choisissez un service de paiement adapt\u00e9\u00a0;<\/li>\n<li>Saisissez le montant que vous souhaitez d\u00e9poser ou retirer et confirmez la transaction.<\/li>\n<\/ol>\n<p>Si vous avez recharg\u00e9 votre compte, d\u00e8s que la transaction sera trait\u00e9e avec succ\u00e8s, vous pourrez profiter du jeu. Gr\u00e2ce \u00e0 une gestion financi\u00e8re simple et s\u00e9curis\u00e9e, vous pourrez vous concentrer sur l\u2019\u00e9laboration d\u2019une strat\u00e9gie. En effet, vous pouvez r\u00e9cup\u00e9rer vos gains en quelques clics de souris.<\/p>\n<h2>Trucs et astuces pour jouer \u00e0 JetX<\/h2>\n<p>Comprendre les m\u00e9canismes est la cl\u00e9 pour augmenter vos chances de gagner. \u00c9tudiez attentivement les r\u00e8gles du jeu et essayez de pr\u00e9dire les accidents d&rsquo;avion en vous basant sur les tours pr\u00e9c\u00e9dents. M\u00eame si la chance joue un r\u00f4le important, le succ\u00e8s continu dans JetX n\u00e9cessite de la patience, de l&rsquo;observation et des d\u00e9cisions strat\u00e9giques. Il est donc important de fixer des limites pour \u00e9viter des pertes \u00e9normes. Et rappelez-vous\u00a0: le but est de profiter du jeu et il est pr\u00e9f\u00e9rable de toujours jouer de mani\u00e8re responsable.<\/p>\n<p><img loading=\"lazy\" decoding=\"async\" class=\"alignnone size-full wp-image-588\" src=\"https:\/\/1xbet.team-dignitas.net\/fr\/wp-content\/uploads\/tips-jetx.png\" alt=\"Conseils pour Jetx\" width=\"1300\" height=\"735\" srcset=\"https:\/\/1xbet.team-dignitas.net\/fr\/wp-content\/uploads\/tips-jetx.png 1300w, https:\/\/1xbet.team-dignitas.net\/fr\/wp-content\/uploads\/tips-jetx-768x434.png 768w\" sizes=\"auto, (max-width: 1300px) 100vw, 1300px\" \/><\/p>\n<h2>D\u00e9mo JetX<\/h2>\n<p>1xBet propose une version d\u00e9mo de la machine \u00e0 sous. Le mode s&rsquo;adresse aux d\u00e9butants et vous aidera \u00e0 vous familiariser avec la m\u00e9canique. Vous pourrez exp\u00e9rimenter diff\u00e9rentes strat\u00e9gies et n&rsquo;aurez pas \u00e0 risquer de l&rsquo;argent r\u00e9el. Gr\u00e2ce \u00e0 la version gratuite, vous pouvez vous faire une id\u00e9e du gameplay, des sch\u00e9mas de paiement et des strat\u00e9gies gagnantes potentielles. \u00c0 partir du mode d\u00e9mo, la plupart des joueurs acqui\u00e8rent confiance dans la victoire et dans des tactiques claires, ce qui contribue \u00e0 augmenter les chances de gagner.<\/p>\n<h2>Est-il s\u00fbr et l\u00e9gal de jouer \u00e0 JetX sur 1xBet<\/h2>\n<p>Le bookmaker 1xbet est l\u00e9gitime et l\u00e9gal. La soci\u00e9t\u00e9 op\u00e8re sous une licence de Cura\u00e7ao, qui garantit des conditions de jeu \u00e9quitables et transparentes. N\u00e9anmoins, il est pr\u00e9f\u00e9rable que les joueurs lisent attentivement les r\u00e8gles afin de ne pas les enfreindre. Sinon, l&rsquo;administration aura une raison de bloquer ou de geler le compte.<\/p>\n<h2>FAQ<\/h2>\n<div class=\"expert-review-faq expert-review-faq--style-simple-1 expert-review-faq--color-blue-1\"><div class=\"expert-review-faq-item\" itemscope itemprop=\"mainEntity\" itemtype=\"https:\/\/schema.org\/Question\">  <div class=\"expert-review-faq-item__question js-expert-review-faq-item-question\" itemprop=\"name\">Qu\u2019est-ce que JetX chez 1xBet ?<\/div>  <div class=\"expert-review-faq-item__answer js-expert-review-faq-item-answer\" style=\"display:none\" itemscope itemprop=\"acceptedAnswer\" itemtype=\"https:\/\/schema.org\/Answer\"><span itemprop=\"text\">JetX est un jeu en ligne populaire pr\u00e9sent\u00e9 sur le site officiel 1xbet. Les joueurs devront parier sur un vaisseau spatial volant. Vous devez cliquer sur \u00ab\u00a0Retirer\u00a0\u00bb avant que le navire ne s'\u00e9crase. Plus le vaisseau spatial reste en vol longtemps, plus le coefficient est \u00e9lev\u00e9 et, par cons\u00e9quent, le montant des gains.<\/div><\/div><div class=\"expert-review-faq-item\" itemscope itemprop=\"mainEntity\" itemtype=\"https:\/\/schema.org\/Question\">  <div class=\"expert-review-faq-item__question js-expert-review-faq-item-question\" itemprop=\"name\">Comment commencer \u00e0 jouer \u00e0 JetX sur 1xBet ?<\/div>  <div class=\"expert-review-faq-item__answer js-expert-review-faq-item-answer\" style=\"display:none\" itemscope itemprop=\"acceptedAnswer\" itemtype=\"https:\/\/schema.org\/Answer\"><span itemprop=\"text\">Tout ce que vous avez \u00e0 faire est de vous inscrire et de recharger votre solde de jeu. Il ne vous reste plus qu'\u00e0 trouver le jeu via la barre de recherche et \u00e0 lancer le mode payant.<\/div><\/div><div class=\"expert-review-faq-item\" itemscope itemprop=\"mainEntity\" itemtype=\"https:\/\/schema.org\/Question\">  <div class=\"expert-review-faq-item__question js-expert-review-faq-item-question\" itemprop=\"name\">Y a-t-il des bonus pour JetX chez 1xBet ?<\/div>  <div class=\"expert-review-faq-item__answer js-expert-review-faq-item-answer\" style=\"display:none\" itemscope itemprop=\"acceptedAnswer\" itemtype=\"https:\/\/schema.org\/Answer\"><span itemprop=\"text\">Le bookmaker propose des bonus et des promotions rentables aux clients nouveaux et r\u00e9guliers. N'oubliez pas d'utiliser le code promo 1xbet 1xbetone pour recevoir une offre exclusive.<\/div><\/div><div class=\"expert-review-faq-item\" itemscope itemprop=\"mainEntity\" itemtype=\"https:\/\/schema.org\/Question\">  <div class=\"expert-review-faq-item__question js-expert-review-faq-item-question\" itemprop=\"name\">Puis-je jouer \u00e0 JetX sur un appareil mobile ?<\/div>  <div class=\"expert-review-faq-item__answer js-expert-review-faq-item-answer\" style=\"display:none\" itemscope itemprop=\"acceptedAnswer\" itemtype=\"https:\/\/schema.org\/Answer\"><span itemprop=\"text\">Le bookmaker a cr\u00e9\u00e9 une application sp\u00e9ciale pour les appareils Android et iOS. Vous pouvez t\u00e9l\u00e9charger le logiciel et profiter de la machine \u00e0 sous \u00e0 tout moment et n'importe o\u00f9.<\/div><\/div><div class=\"expert-review-faq-item\" itemscope itemprop=\"mainEntity\" itemtype=\"https:\/\/schema.org\/Question\">  <div class=\"expert-review-faq-item__question js-expert-review-faq-item-question\" itemprop=\"name\">Est-il s\u00fbr de d\u00e9poser et de retirer de l\u2019argent sur 1xBet ?<\/div>  <div class=\"expert-review-faq-item__answer js-expert-review-faq-item-answer\" style=\"display:none\" itemscope itemprop=\"acceptedAnswer\" itemtype=\"https:\/\/schema.org\/Answer\"><span itemprop=\"text\">Bien s\u00fbr, il s\u2019agit d\u2019une plateforme de jeu totalement l\u00e9gale et \u00e9quitable. Une licence Cura\u00e7ao valide garantit une r\u00e9elle chance de gagner et des transactions financi\u00e8res transparentes. Vous pourrez g\u00e9rer vos transactions facilement et en toute s\u00e9curit\u00e9.<\/div><\/div><div class=\"expert-review-faq-item\" itemscope itemprop=\"mainEntity\" itemtype=\"https:\/\/schema.org\/Question\">  <div class=\"expert-review-faq-item__question js-expert-review-faq-item-question\" itemprop=\"name\">Le jeu JetX est-il l\u00e9gal sur 1xBet ?<\/div>  <div class=\"expert-review-faq-item__answer js-expert-review-faq-item-answer\" style=\"display:none\" itemscope itemprop=\"acceptedAnswer\" itemtype=\"https:\/\/schema.org\/Answer\"><span itemprop=\"text\">Oui, la soci\u00e9t\u00e9 op\u00e8re sous une licence de Cura\u00e7ao et dispose de tous les droits pour distribuer des jeux de hasard. Cela inclut l'autorisation d'accepter des paris.<\/div><\/div><\/div>\n","protected":false},"excerpt":{"rendered":"<p>1xBet est une plateforme de paris en ligne bien connue pour sa vaste s\u00e9lection de divertissements, notamment l&rsquo;excitant JetX. Il s&rsquo;agit d&rsquo;un jeu innovant qui combine intrigue, strat\u00e9gie et offre aux utilisateurs une exp\u00e9rience de jeu unique et passionnante. La machine \u00e0 sous a un \u00e9norme potentiel de profit et vous tient en haleine du [&hellip;]<\/p>\n","protected":false},"author":1,"featured_media":552,"parent":0,"menu_order":0,"comment_status":"open","ping_status":"closed","template":"","meta":{"footnotes":""},"class_list":["post-237","page","type-page","status-publish","has-post-thumbnail","hentry"],"yoast_head":"<!-- This site is optimized with the Yoast SEO plugin v22.3 - https:\/\/yoast.com\/wordpress\/plugins\/seo\/ -->\n<title>Jouez avec de l\u2019argent Jetx au casino 1xBet<\/title>\n<meta name=\"description\" content=\"Vivez le frisson du voyage avec Jetx\u00a0: des vols abordables et des exp\u00e9riences de voyage inoubliables avec Jetx\" \/>\n<meta name=\"robots\" content=\"index, follow, max-snippet:-1, max-image-preview:large, max-video-preview:-1\" \/>\n<link rel=\"canonical\" href=\"https:\/\/1xbet.team-dignitas.net\/fr\/jetx\/\" \/>\n<meta property=\"og:type\" content=\"article\" \/>\n<meta property=\"og:title\" content=\"Jouez avec de l\u2019argent Jetx au casino 1xBet\" \/>\n<meta property=\"og:description\" content=\"Vivez le frisson du voyage avec Jetx\u00a0: des vols abordables et des exp\u00e9riences de voyage inoubliables avec Jetx\" \/>\n<meta property=\"og:url\" content=\"https:\/\/1xbet.team-dignitas.net\/fr\/jetx\/\" \/>\n<meta property=\"og:site_name\" content=\"1xBet\" \/>\n<meta property=\"article:publisher\" content=\"https:\/\/www.facebook.com\/groups\/krsk2019\/\" \/>\n<meta property=\"article:modified_time\" content=\"2024-02-08T07:40:30+00:00\" \/>\n<meta property=\"og:image\" content=\"https:\/\/1xbet.team-dignitas.net\/fr\/wp-content\/uploads\/jetx.png\" \/>\n\t<meta property=\"og:image:width\" content=\"1300\" \/>\n\t<meta property=\"og:image:height\" content=\"735\" \/>\n\t<meta property=\"og:image:type\" content=\"image\/png\" \/>\n<meta name=\"twitter:card\" content=\"summary_large_image\" \/>\n<meta name=\"twitter:site\" content=\"@xbet_casinos\" \/>\n<meta name=\"twitter:label1\" content=\"Dur\u00e9e de lecture estim\u00e9e\" \/>\n\t<meta name=\"twitter:data1\" content=\"7 minutes\" \/>\n<script type=\"application\/ld+json\" class=\"yoast-schema-graph\">{\"@context\":\"https:\/\/schema.org\",\"@graph\":[{\"@type\":\"WebPage\",\"@id\":\"https:\/\/1xbet.team-dignitas.net\/fr\/jetx\/\",\"url\":\"https:\/\/1xbet.team-dignitas.net\/fr\/jetx\/\",\"name\":\"Jouez avec de l\u2019argent Jetx au casino 1xBet\",\"isPartOf\":{\"@id\":\"https:\/\/1xbet.team-dignitas.net\/fr\/#website\"},\"primaryImageOfPage\":{\"@id\":\"https:\/\/1xbet.team-dignitas.net\/fr\/jetx\/#primaryimage\"},\"image\":{\"@id\":\"https:\/\/1xbet.team-dignitas.net\/fr\/jetx\/#primaryimage\"},\"thumbnailUrl\":\"https:\/\/1xbet.team-dignitas.net\/fr\/wp-content\/uploads\/jetx.png\",\"datePublished\":\"2023-12-11T09:11:42+00:00\",\"dateModified\":\"2024-02-08T07:40:30+00:00\",\"description\":\"Vivez le frisson du voyage avec Jetx\u00a0: des vols abordables et des exp\u00e9riences de voyage inoubliables avec Jetx\",\"breadcrumb\":{\"@id\":\"https:\/\/1xbet.team-dignitas.net\/fr\/jetx\/#breadcrumb\"},\"inLanguage\":\"fr-FR\",\"potentialAction\":[{\"@type\":\"ReadAction\",\"target\":[\"https:\/\/1xbet.team-dignitas.net\/fr\/jetx\/\"]}]},{\"@type\":\"ImageObject\",\"inLanguage\":\"fr-FR\",\"@id\":\"https:\/\/1xbet.team-dignitas.net\/fr\/jetx\/#primaryimage\",\"url\":\"https:\/\/1xbet.team-dignitas.net\/fr\/wp-content\/uploads\/jetx.png\",\"contentUrl\":\"https:\/\/1xbet.team-dignitas.net\/fr\/wp-content\/uploads\/jetx.png\",\"width\":1300,\"height\":735,\"caption\":\"jetx 1xbet\"},{\"@type\":\"BreadcrumbList\",\"@id\":\"https:\/\/1xbet.team-dignitas.net\/fr\/jetx\/#breadcrumb\",\"itemListElement\":[{\"@type\":\"ListItem\",\"position\":1,\"name\":\"Accueil\",\"item\":\"https:\/\/1xbet.team-dignitas.net\/fr\/\"},{\"@type\":\"ListItem\",\"position\":2,\"name\":\"JetX sur 1xBet\u00a0: des jeux rapides et de gros gains vous attendent\"}]},{\"@type\":\"WebSite\",\"@id\":\"https:\/\/1xbet.team-dignitas.net\/fr\/#website\",\"url\":\"https:\/\/1xbet.team-dignitas.net\/fr\/\",\"name\":\"1xBet\",\"description\":\"1xBet est le meilleur bookmaker et casino\",\"potentialAction\":[{\"@type\":\"SearchAction\",\"target\":{\"@type\":\"EntryPoint\",\"urlTemplate\":\"https:\/\/1xbet.team-dignitas.net\/fr\/?s={search_term_string}\"},\"query-input\":\"required name=search_term_string\"}],\"inLanguage\":\"fr-FR\"}]}<\/script>\n<!-- \/ Yoast SEO plugin. -->","yoast_head_json":{"title":"Jouez avec de l\u2019argent Jetx au casino 1xBet","description":"Vivez le frisson du voyage avec Jetx\u00a0: des vols abordables et des exp\u00e9riences de voyage inoubliables avec Jetx","robots":{"index":"index","follow":"follow","max-snippet":"max-snippet:-1","max-image-preview":"max-image-preview:large","max-video-preview":"max-video-preview:-1"},"canonical":"https:\/\/1xbet.team-dignitas.net\/fr\/jetx\/","og_type":"article","og_title":"Jouez avec de l\u2019argent Jetx au casino 1xBet","og_description":"Vivez le frisson du voyage avec Jetx\u00a0: des vols abordables et des exp\u00e9riences de voyage inoubliables avec Jetx","og_url":"https:\/\/1xbet.team-dignitas.net\/fr\/jetx\/","og_site_name":"1xBet","article_publisher":"https:\/\/www.facebook.com\/groups\/krsk2019\/","article_modified_time":"2024-02-08T07:40:30+00:00","og_image":[{"width":1300,"height":735,"url":"https:\/\/1xbet.team-dignitas.net\/fr\/wp-content\/uploads\/jetx.png","type":"image\/png"}],"twitter_card":"summary_large_image","twitter_site":"@xbet_casinos","twitter_misc":{"Dur\u00e9e de lecture estim\u00e9e":"7 minutes"},"schema":{"@context":"https:\/\/schema.org","@graph":[{"@type":"WebPage","@id":"https:\/\/1xbet.team-dignitas.net\/fr\/jetx\/","url":"https:\/\/1xbet.team-dignitas.net\/fr\/jetx\/","name":"Jouez avec de l\u2019argent Jetx au casino 1xBet","isPartOf":{"@id":"https:\/\/1xbet.team-dignitas.net\/fr\/#website"},"primaryImageOfPage":{"@id":"https:\/\/1xbet.team-dignitas.net\/fr\/jetx\/#primaryimage"},"image":{"@id":"https:\/\/1xbet.team-dignitas.net\/fr\/jetx\/#primaryimage"},"thumbnailUrl":"https:\/\/1xbet.team-dignitas.net\/fr\/wp-content\/uploads\/jetx.png","datePublished":"2023-12-11T09:11:42+00:00","dateModified":"2024-02-08T07:40:30+00:00","description":"Vivez le frisson du voyage avec Jetx\u00a0: des vols abordables et des exp\u00e9riences de voyage inoubliables avec Jetx","breadcrumb":{"@id":"https:\/\/1xbet.team-dignitas.net\/fr\/jetx\/#breadcrumb"},"inLanguage":"fr-FR","potentialAction":[{"@type":"ReadAction","target":["https:\/\/1xbet.team-dignitas.net\/fr\/jetx\/"]}]},{"@type":"ImageObject","inLanguage":"fr-FR","@id":"https:\/\/1xbet.team-dignitas.net\/fr\/jetx\/#primaryimage","url":"https:\/\/1xbet.team-dignitas.net\/fr\/wp-content\/uploads\/jetx.png","contentUrl":"https:\/\/1xbet.team-dignitas.net\/fr\/wp-content\/uploads\/jetx.png","width":1300,"height":735,"caption":"jetx 1xbet"},{"@type":"BreadcrumbList","@id":"https:\/\/1xbet.team-dignitas.net\/fr\/jetx\/#breadcrumb","itemListElement":[{"@type":"ListItem","position":1,"name":"Accueil","item":"https:\/\/1xbet.team-dignitas.net\/fr\/"},{"@type":"ListItem","position":2,"name":"JetX sur 1xBet\u00a0: des jeux rapides et de gros gains vous attendent"}]},{"@type":"WebSite","@id":"https:\/\/1xbet.team-dignitas.net\/fr\/#website","url":"https:\/\/1xbet.team-dignitas.net\/fr\/","name":"1xBet","description":"1xBet est le meilleur bookmaker et casino","potentialAction":[{"@type":"SearchAction","target":{"@type":"EntryPoint","urlTemplate":"https:\/\/1xbet.team-dignitas.net\/fr\/?s={search_term_string}"},"query-input":"required name=search_term_string"}],"inLanguage":"fr-FR"}]}},"_links":{"self":[{"href":"https:\/\/1xbet.team-dignitas.net\/fr\/wp-json\/wp\/v2\/pages\/237","targetHints":{"allow":["GET"]}}],"collection":[{"href":"https:\/\/1xbet.team-dignitas.net\/fr\/wp-json\/wp\/v2\/pages"}],"about":[{"href":"https:\/\/1xbet.team-dignitas.net\/fr\/wp-json\/wp\/v2\/types\/page"}],"author":[{"embeddable":true,"href":"https:\/\/1xbet.team-dignitas.net\/fr\/wp-json\/wp\/v2\/users\/1"}],"replies":[{"embeddable":true,"href":"https:\/\/1xbet.team-dignitas.net\/fr\/wp-json\/wp\/v2\/comments?post=237"}],"version-history":[{"count":9,"href":"https:\/\/1xbet.team-dignitas.net\/fr\/wp-json\/wp\/v2\/pages\/237\/revisions"}],"predecessor-version":[{"id":692,"href":"https:\/\/1xbet.team-dignitas.net\/fr\/wp-json\/wp\/v2\/pages\/237\/revisions\/692"}],"wp:featuredmedia":[{"embeddable":true,"href":"https:\/\/1xbet.team-dignitas.net\/fr\/wp-json\/wp\/v2\/media\/552"}],"wp:attachment":[{"href":"https:\/\/1xbet.team-dignitas.net\/fr\/wp-json\/wp\/v2\/media?parent=237"}],"curies":[{"name":"wp","href":"https:\/\/api.w.org\/{rel}","templated":true}]}}