{"id":136,"date":"2023-11-20T10:55:07","date_gmt":"2023-11-20T07:55:07","guid":{"rendered":"http:\/\/1xbet.team-dignitas.net\/fr\/?page_id=136"},"modified":"2026-01-15T13:29:30","modified_gmt":"2026-01-15T10:29:30","slug":"ufc","status":"publish","type":"page","link":"https:\/\/1xbet.team-dignitas.net\/fr\/ufc\/","title":{"rendered":"Parier sur l\u2019UFC avec 1xBet: conseils de paris et par o\u00f9 commencer"},"content":{"rendered":"<p><img loading=\"lazy\" decoding=\"async\" class=\"alignnone size-full wp-image-616\" src=\"https:\/\/1xbet.team-dignitas.net\/fr\/wp-content\/uploads\/betting-ufc.png\" alt=\"UFC parie 1xbet\" width=\"1300\" height=\"735\" srcset=\"https:\/\/1xbet.team-dignitas.net\/fr\/wp-content\/uploads\/betting-ufc.png 1300w, https:\/\/1xbet.team-dignitas.net\/fr\/wp-content\/uploads\/betting-ufc-768x434.png 768w\" sizes=\"auto, (max-width: 1300px) 100vw, 1300px\" \/><\/p>\n<p>L\u2019Ultimate Fighting Championship est un acteur majeur de l\u2019industrie des arts martiaux mixtes. Certains des meilleurs athl\u00e8tes de MMA au monde participent aux \u00e9v\u00e9nements de l&rsquo;UFC pour les titres et le droit de se vanter. 1xBet est un excellent endroit pour commencer \u00e0 parier sur les \u00e9v\u00e9nements UFC. 1xBet, l&rsquo;un des principaux bookmakers en ligne au monde, accepte les paris sur un large \u00e9ventail d&rsquo;\u00e9v\u00e9nements UFC. Cet article discutera des conseils de paris UFC avec 1xBet et de la fa\u00e7on de commencer.<\/p>\n<h2>O\u00f9 et comment parier sur l\u2019UFC sur 1xBet<\/h2>\n<p>Les bookmakers essaient de rendre l\u2019interface pratique et facile \u00e0 inscrire. Le pari 1x ne fait pas exception et permet aux clients de parier sur l\u2019UFC rapidement et facilement. Voici un guide rapide \u00e9tape par \u00e9tape:<\/p>\n<ol>\n<li>Cr\u00e9er un compte. Si vous n&rsquo;avez pas d\u00e9j\u00e0 de compte 1xBet, vous devrez en cr\u00e9er un. Acc\u00e9dez au site Web ou \u00e0 l\u2019application 1xBet, cliquez sur le bouton \u00ab S\u2019inscrire \u00bb et fournissez toutes les informations requises. Vous avez maintenant un compte 1xBet et vous \u00eates un peu plus pr\u00e8s de votre objectif.<\/li>\n<li>Faire un d\u00e9p\u00f4t. Gr\u00e2ce \u00e0 votre compte personnel, vous devez trouver la section de d\u00e9p\u00f4t, choisir un mode de paiement qui vous convient et d\u00e9cider du montant que vous souhaitez allouer pour le pari. Apr\u00e8s tout cela, vous saisissez le montant requis et confirmez le d\u00e9p\u00f4t.<\/li>\n<li>Trouvez la section UFC. Tout ce que vous avez \u00e0 faire est d\u2019ouvrir la section sportive de 1xBet et de ne laisser que les paris UFC. Vous y trouverez toutes les batailles en cours.<\/li>\n<li>Fixation du tarif. Vous avez ouvert le match qui vous int\u00e9resse, plac\u00e9 un pari et esp\u00e9rez que votre champion gagne.<\/li>\n<li>Dans l\u2019ensemble, 1xBet propose une vari\u00e9t\u00e9 de paris tels que le vainqueur du match, les paris sur les tours, la m\u00e9thode gagnante, le nombre total de tours et autres.<\/li>\n<\/ol>\n<h3>Application 1xBet<\/h3>\n<p>Si vous souhaitez parier depuis le confort de votre canap\u00e9 avant de regarder un combat, l\u2019application 1xBet peut satisfaire ce besoin. L\u2019utilisation de la plateforme mobile est similaire \u00e0 l\u2019utilisation d\u2019une application de navigateur. Avant de vous inscrire, t\u00e9l\u00e9chargez l\u2019application 1xBet directement depuis le site officiel.<\/p>\n<p><img loading=\"lazy\" decoding=\"async\" class=\"alignnone size-full wp-image-560\" src=\"https:\/\/1xbet.team-dignitas.net\/fr\/wp-content\/uploads\/lucky.png\" alt=\"comment am\u00e9liorer votre chance\" width=\"1300\" height=\"735\" srcset=\"https:\/\/1xbet.team-dignitas.net\/fr\/wp-content\/uploads\/lucky.png 1300w, https:\/\/1xbet.team-dignitas.net\/fr\/wp-content\/uploads\/lucky-768x434.png 768w\" sizes=\"auto, (max-width: 1300px) 100vw, 1300px\" \/><\/p>\n<h2>Paris UFC: conseils pour am\u00e9liorer votre chance<\/h2>\n<p>Bien qu\u2019il n\u2019existe pas de strat\u00e9gie infaillible pour gagner chaque pari UFC, vous pouvez prendre certaines mesures pour augmenter vos chances de succ\u00e8s:<\/p>\n<ul>\n<li style=\"font-weight: 400;\" aria-level=\"1\"><b>Faire votre recherche. <\/b>Vous devriez en apprendre le plus possible sur les combattants et le combat avant de placer un pari. En analysant cela, vous pourrez faire un meilleur choix.<\/li>\n<li style=\"font-weight: 400;\" aria-level=\"1\"><b>G\u00e9rez votre bankroll. <\/b>Jouez toujours dans les limites de vos limites financi\u00e8res. Cr\u00e9ez et respectez un plan de d\u00e9penses.<\/li>\n<li style=\"font-weight: 400;\" aria-level=\"1\"><b>Regardez de plus pr\u00e8s les prix. <\/b>Avant de placer un pari, comparez les cotes des diff\u00e9rents bookmakers.<\/li>\n<li style=\"font-weight: 400;\" aria-level=\"1\"><b>Ne courez pas apr\u00e8s les pertes. <\/b>Si vous vous trouvez dans une situation perdante, r\u00e9sistez \u00e0 l\u2019envie de faire un double pas. C\u2019est une voie concr\u00e8te pour perdre de l\u2019argent.<\/li>\n<\/ul>\n<p>Si ces conseils sont triviaux et simples, vous devriez les suivre et apprendre de votre propre exp\u00e9rience, car des choses aussi simples peuvent donner des r\u00e9sultats inattendus, surtout si vous pariez sur l&rsquo;UFC.<\/p>\n<h2>Bonus de paris UFC sur 1xBet<\/h2>\n<p>1xbet offre \u00e0 ses nouveaux utilisateurs un bonus de bienvenue qui peut vous rapporter jusqu&rsquo;\u00e0 125 $ de fonds bonus sur votre premier d\u00e9p\u00f4t. Vous pouvez parier cet argent suppl\u00e9mentaire sur n\u2019importe quel \u00e9v\u00e9nement UFC et le retirer \u00e0 l\u2019avenir. Pour recevoir ce bonus, vous avez besoin de trois choses: \u00eatre un nouveau joueur 1xBet, ne pas avoir de compte 1xBet et effectuer au moins un d\u00e9p\u00f4t minimum sur votre d\u00e9p\u00f4t. Imm\u00e9diatement apr\u00e8s le r\u00e9approvisionnement, vous recevrez \u00e0 la fois votre argent et de l&rsquo;argent suppl\u00e9mentaire provenant du bonus. Mais vous devez comprendre qu\u2019il s\u2019agit d\u2019un bonus unique et que vous devez l\u2019utiliser \u00e0 bon escient pour vos paris UFC sur 1xBet.<\/p>\n<h2>FAQ<\/h2>\n<div class=\"expert-review-faq expert-review-faq--style-simple-1 expert-review-faq--color-blue-1\"><div class=\"expert-review-faq-item\" itemscope itemprop=\"mainEntity\" itemtype=\"https:\/\/schema.org\/Question\">  <div class=\"expert-review-faq-item__question js-expert-review-faq-item-question\" itemprop=\"name\">Quel est le d\u00e9p\u00f4t minimum pour parier sur les \u00e9v\u00e9nements UFC sur 1xBet ?<\/div>  <div class=\"expert-review-faq-item__answer js-expert-review-faq-item-answer\" style=\"display:none\" itemscope itemprop=\"acceptedAnswer\" itemtype=\"https:\/\/schema.org\/Answer\"><span itemprop=\"text\">Le bookmaker 1xbet permet \u00e0 ses joueurs de placer des paris \u00e0 partir de 1 dollar am\u00e9ricain.<\/div><\/div><div class=\"expert-review-faq-item\" itemscope itemprop=\"mainEntity\" itemtype=\"https:\/\/schema.org\/Question\">  <div class=\"expert-review-faq-item__question js-expert-review-faq-item-question\" itemprop=\"name\">Puis-je utiliser l\u2019application 1xBet sur mon t\u00e9l\u00e9phone pour parier sur les combats UFC ?<\/div>  <div class=\"expert-review-faq-item__answer js-expert-review-faq-item-answer\" style=\"display:none\" itemscope itemprop=\"acceptedAnswer\" itemtype=\"https:\/\/schema.org\/Answer\"><span itemprop=\"text\">Le programme 1xBet permet aux clients de parier sur les \u00e9v\u00e9nements UFC. Vous pouvez utiliser l\u2019application pour placer des paris quand et o\u00f9 vous le souhaitez.<\/div><\/div><div class=\"expert-review-faq-item\" itemscope itemprop=\"mainEntity\" itemtype=\"https:\/\/schema.org\/Question\">  <div class=\"expert-review-faq-item__question js-expert-review-faq-item-question\" itemprop=\"name\">Les paris UFC sont-ils l\u00e9gaux sur 1xbet ?<\/div>  <div class=\"expert-review-faq-item__answer js-expert-review-faq-item-answer\" style=\"display:none\" itemscope itemprop=\"acceptedAnswer\" itemtype=\"https:\/\/schema.org\/Answer\"><span itemprop=\"text\">La licence Cura\u00e7ao prot\u00e8ge la l\u00e9galit\u00e9 de 1xbet. Cela signifie que tout pari sur le site de ce bookmaker est l\u00e9gal.<\/div><\/div><div class=\"expert-review-faq-item\" itemscope itemprop=\"mainEntity\" itemtype=\"https:\/\/schema.org\/Question\">  <div class=\"expert-review-faq-item__question js-expert-review-faq-item-question\" itemprop=\"name\">Tous les combats UFC actuels sont-ils repr\u00e9sent\u00e9s sur 1xbet ?<\/div>  <div class=\"expert-review-faq-item__answer js-expert-review-faq-item-answer\" style=\"display:none\" itemscope itemprop=\"acceptedAnswer\" itemtype=\"https:\/\/schema.org\/Answer\"><span itemprop=\"text\">1xbet prend toujours le pouls de tous les \u00e9v\u00e9nements de l'UFC et surveille l'ajout de paris sur les combats en cours.<\/div><\/div><\/div>\n","protected":false},"excerpt":{"rendered":"<p>L\u2019Ultimate Fighting Championship est un acteur majeur de l\u2019industrie des arts martiaux mixtes. Certains des meilleurs athl\u00e8tes de MMA au monde participent aux \u00e9v\u00e9nements de l&rsquo;UFC pour les titres et le droit de se vanter. 1xBet est un excellent endroit pour commencer \u00e0 parier sur les \u00e9v\u00e9nements UFC. 1xBet, l&rsquo;un des principaux bookmakers en ligne [&hellip;]<\/p>\n","protected":false},"author":1,"featured_media":616,"parent":0,"menu_order":0,"comment_status":"open","ping_status":"closed","template":"","meta":{"footnotes":""},"class_list":["post-136","page","type-page","status-publish","has-post-thumbnail","hentry"],"yoast_head":"<!-- This site is optimized with the Yoast SEO plugin v22.3 - https:\/\/yoast.com\/wordpress\/plugins\/seo\/ -->\n<title>D\u00e9bloquer des chances de MMA\u00a0: strat\u00e9gies pour gagner sur 1xbet<\/title>\n<meta name=\"description\" content=\"D\u00e9couvrez les paris UFC r\u00e9ussis sur 1xBet avec notre guide. De la cr\u00e9ation d&#039;un compte aux astuces pour gagner, d\u00e9couvrez des strat\u00e9gies, une vari\u00e9t\u00e9 de types de paris et des bonus exclusifs. L\u00e9gal, sous licence et pr\u00eat pour l&#039;action UFC.\" \/>\n<meta name=\"robots\" content=\"index, follow, max-snippet:-1, max-image-preview:large, max-video-preview:-1\" \/>\n<link rel=\"canonical\" href=\"https:\/\/1xbet.team-dignitas.net\/fr\/ufc\/\" \/>\n<meta property=\"og:type\" content=\"article\" \/>\n<meta property=\"og:title\" content=\"D\u00e9bloquer des chances de MMA\u00a0: strat\u00e9gies pour gagner sur 1xbet\" \/>\n<meta property=\"og:description\" content=\"D\u00e9couvrez les paris UFC r\u00e9ussis sur 1xBet avec notre guide. De la cr\u00e9ation d&#039;un compte aux astuces pour gagner, d\u00e9couvrez des strat\u00e9gies, une vari\u00e9t\u00e9 de types de paris et des bonus exclusifs. L\u00e9gal, sous licence et pr\u00eat pour l&#039;action UFC.\" \/>\n<meta property=\"og:url\" content=\"https:\/\/1xbet.team-dignitas.net\/fr\/ufc\/\" \/>\n<meta property=\"og:site_name\" content=\"1xBet\" \/>\n<meta property=\"article:publisher\" content=\"https:\/\/www.facebook.com\/groups\/krsk2019\/\" \/>\n<meta property=\"article:modified_time\" content=\"2026-01-15T10:29:30+00:00\" \/>\n<meta property=\"og:image\" content=\"https:\/\/1xbet.team-dignitas.net\/fr\/wp-content\/uploads\/betting-ufc.png\" \/>\n\t<meta property=\"og:image:width\" content=\"1300\" \/>\n\t<meta property=\"og:image:height\" content=\"735\" \/>\n\t<meta property=\"og:image:type\" content=\"image\/png\" \/>\n<meta name=\"twitter:card\" content=\"summary_large_image\" \/>\n<meta name=\"twitter:site\" content=\"@xbet_casinos\" \/>\n<meta name=\"twitter:label1\" content=\"Dur\u00e9e de lecture estim\u00e9e\" \/>\n\t<meta name=\"twitter:data1\" content=\"4 minutes\" \/>\n<script type=\"application\/ld+json\" class=\"yoast-schema-graph\">{\"@context\":\"https:\/\/schema.org\",\"@graph\":[{\"@type\":\"WebPage\",\"@id\":\"https:\/\/1xbet.team-dignitas.net\/fr\/ufc\/\",\"url\":\"https:\/\/1xbet.team-dignitas.net\/fr\/ufc\/\",\"name\":\"D\u00e9bloquer des chances de MMA\u00a0: strat\u00e9gies pour gagner sur 1xbet\",\"isPartOf\":{\"@id\":\"https:\/\/1xbet.team-dignitas.net\/fr\/#website\"},\"primaryImageOfPage\":{\"@id\":\"https:\/\/1xbet.team-dignitas.net\/fr\/ufc\/#primaryimage\"},\"image\":{\"@id\":\"https:\/\/1xbet.team-dignitas.net\/fr\/ufc\/#primaryimage\"},\"thumbnailUrl\":\"https:\/\/1xbet.team-dignitas.net\/fr\/wp-content\/uploads\/betting-ufc.png\",\"datePublished\":\"2023-11-20T07:55:07+00:00\",\"dateModified\":\"2026-01-15T10:29:30+00:00\",\"description\":\"D\u00e9couvrez les paris UFC r\u00e9ussis sur 1xBet avec notre guide. De la cr\u00e9ation d'un compte aux astuces pour gagner, d\u00e9couvrez des strat\u00e9gies, une vari\u00e9t\u00e9 de types de paris et des bonus exclusifs. L\u00e9gal, sous licence et pr\u00eat pour l'action UFC.\",\"breadcrumb\":{\"@id\":\"https:\/\/1xbet.team-dignitas.net\/fr\/ufc\/#breadcrumb\"},\"inLanguage\":\"fr-FR\",\"potentialAction\":[{\"@type\":\"ReadAction\",\"target\":[\"https:\/\/1xbet.team-dignitas.net\/fr\/ufc\/\"]}]},{\"@type\":\"ImageObject\",\"inLanguage\":\"fr-FR\",\"@id\":\"https:\/\/1xbet.team-dignitas.net\/fr\/ufc\/#primaryimage\",\"url\":\"https:\/\/1xbet.team-dignitas.net\/fr\/wp-content\/uploads\/betting-ufc.png\",\"contentUrl\":\"https:\/\/1xbet.team-dignitas.net\/fr\/wp-content\/uploads\/betting-ufc.png\",\"width\":1300,\"height\":735,\"caption\":\"UFC bets 1xbet\"},{\"@type\":\"BreadcrumbList\",\"@id\":\"https:\/\/1xbet.team-dignitas.net\/fr\/ufc\/#breadcrumb\",\"itemListElement\":[{\"@type\":\"ListItem\",\"position\":1,\"name\":\"Accueil\",\"item\":\"https:\/\/1xbet.team-dignitas.net\/fr\/\"},{\"@type\":\"ListItem\",\"position\":2,\"name\":\"Parier sur l\u2019UFC avec 1xBet: conseils de paris et par o\u00f9 commencer\"}]},{\"@type\":\"WebSite\",\"@id\":\"https:\/\/1xbet.team-dignitas.net\/fr\/#website\",\"url\":\"https:\/\/1xbet.team-dignitas.net\/fr\/\",\"name\":\"1xBet\",\"description\":\"1xBet est le meilleur bookmaker et casino\",\"potentialAction\":[{\"@type\":\"SearchAction\",\"target\":{\"@type\":\"EntryPoint\",\"urlTemplate\":\"https:\/\/1xbet.team-dignitas.net\/fr\/?s={search_term_string}\"},\"query-input\":\"required name=search_term_string\"}],\"inLanguage\":\"fr-FR\"}]}<\/script>\n<!-- \/ Yoast SEO plugin. -->","yoast_head_json":{"title":"D\u00e9bloquer des chances de MMA\u00a0: strat\u00e9gies pour gagner sur 1xbet","description":"D\u00e9couvrez les paris UFC r\u00e9ussis sur 1xBet avec notre guide. De la cr\u00e9ation d'un compte aux astuces pour gagner, d\u00e9couvrez des strat\u00e9gies, une vari\u00e9t\u00e9 de types de paris et des bonus exclusifs. L\u00e9gal, sous licence et pr\u00eat pour l'action UFC.","robots":{"index":"index","follow":"follow","max-snippet":"max-snippet:-1","max-image-preview":"max-image-preview:large","max-video-preview":"max-video-preview:-1"},"canonical":"https:\/\/1xbet.team-dignitas.net\/fr\/ufc\/","og_type":"article","og_title":"D\u00e9bloquer des chances de MMA\u00a0: strat\u00e9gies pour gagner sur 1xbet","og_description":"D\u00e9couvrez les paris UFC r\u00e9ussis sur 1xBet avec notre guide. De la cr\u00e9ation d'un compte aux astuces pour gagner, d\u00e9couvrez des strat\u00e9gies, une vari\u00e9t\u00e9 de types de paris et des bonus exclusifs. L\u00e9gal, sous licence et pr\u00eat pour l'action UFC.","og_url":"https:\/\/1xbet.team-dignitas.net\/fr\/ufc\/","og_site_name":"1xBet","article_publisher":"https:\/\/www.facebook.com\/groups\/krsk2019\/","article_modified_time":"2026-01-15T10:29:30+00:00","og_image":[{"width":1300,"height":735,"url":"https:\/\/1xbet.team-dignitas.net\/fr\/wp-content\/uploads\/betting-ufc.png","type":"image\/png"}],"twitter_card":"summary_large_image","twitter_site":"@xbet_casinos","twitter_misc":{"Dur\u00e9e de lecture estim\u00e9e":"4 minutes"},"schema":{"@context":"https:\/\/schema.org","@graph":[{"@type":"WebPage","@id":"https:\/\/1xbet.team-dignitas.net\/fr\/ufc\/","url":"https:\/\/1xbet.team-dignitas.net\/fr\/ufc\/","name":"D\u00e9bloquer des chances de MMA\u00a0: strat\u00e9gies pour gagner sur 1xbet","isPartOf":{"@id":"https:\/\/1xbet.team-dignitas.net\/fr\/#website"},"primaryImageOfPage":{"@id":"https:\/\/1xbet.team-dignitas.net\/fr\/ufc\/#primaryimage"},"image":{"@id":"https:\/\/1xbet.team-dignitas.net\/fr\/ufc\/#primaryimage"},"thumbnailUrl":"https:\/\/1xbet.team-dignitas.net\/fr\/wp-content\/uploads\/betting-ufc.png","datePublished":"2023-11-20T07:55:07+00:00","dateModified":"2026-01-15T10:29:30+00:00","description":"D\u00e9couvrez les paris UFC r\u00e9ussis sur 1xBet avec notre guide. De la cr\u00e9ation d'un compte aux astuces pour gagner, d\u00e9couvrez des strat\u00e9gies, une vari\u00e9t\u00e9 de types de paris et des bonus exclusifs. L\u00e9gal, sous licence et pr\u00eat pour l'action UFC.","breadcrumb":{"@id":"https:\/\/1xbet.team-dignitas.net\/fr\/ufc\/#breadcrumb"},"inLanguage":"fr-FR","potentialAction":[{"@type":"ReadAction","target":["https:\/\/1xbet.team-dignitas.net\/fr\/ufc\/"]}]},{"@type":"ImageObject","inLanguage":"fr-FR","@id":"https:\/\/1xbet.team-dignitas.net\/fr\/ufc\/#primaryimage","url":"https:\/\/1xbet.team-dignitas.net\/fr\/wp-content\/uploads\/betting-ufc.png","contentUrl":"https:\/\/1xbet.team-dignitas.net\/fr\/wp-content\/uploads\/betting-ufc.png","width":1300,"height":735,"caption":"UFC bets 1xbet"},{"@type":"BreadcrumbList","@id":"https:\/\/1xbet.team-dignitas.net\/fr\/ufc\/#breadcrumb","itemListElement":[{"@type":"ListItem","position":1,"name":"Accueil","item":"https:\/\/1xbet.team-dignitas.net\/fr\/"},{"@type":"ListItem","position":2,"name":"Parier sur l\u2019UFC avec 1xBet: conseils de paris et par o\u00f9 commencer"}]},{"@type":"WebSite","@id":"https:\/\/1xbet.team-dignitas.net\/fr\/#website","url":"https:\/\/1xbet.team-dignitas.net\/fr\/","name":"1xBet","description":"1xBet est le meilleur bookmaker et casino","potentialAction":[{"@type":"SearchAction","target":{"@type":"EntryPoint","urlTemplate":"https:\/\/1xbet.team-dignitas.net\/fr\/?s={search_term_string}"},"query-input":"required name=search_term_string"}],"inLanguage":"fr-FR"}]}},"_links":{"self":[{"href":"https:\/\/1xbet.team-dignitas.net\/fr\/wp-json\/wp\/v2\/pages\/136","targetHints":{"allow":["GET"]}}],"collection":[{"href":"https:\/\/1xbet.team-dignitas.net\/fr\/wp-json\/wp\/v2\/pages"}],"about":[{"href":"https:\/\/1xbet.team-dignitas.net\/fr\/wp-json\/wp\/v2\/types\/page"}],"author":[{"embeddable":true,"href":"https:\/\/1xbet.team-dignitas.net\/fr\/wp-json\/wp\/v2\/users\/1"}],"replies":[{"embeddable":true,"href":"https:\/\/1xbet.team-dignitas.net\/fr\/wp-json\/wp\/v2\/comments?post=136"}],"version-history":[{"count":10,"href":"https:\/\/1xbet.team-dignitas.net\/fr\/wp-json\/wp\/v2\/pages\/136\/revisions"}],"predecessor-version":[{"id":846,"href":"https:\/\/1xbet.team-dignitas.net\/fr\/wp-json\/wp\/v2\/pages\/136\/revisions\/846"}],"wp:featuredmedia":[{"embeddable":true,"href":"https:\/\/1xbet.team-dignitas.net\/fr\/wp-json\/wp\/v2\/media\/616"}],"wp:attachment":[{"href":"https:\/\/1xbet.team-dignitas.net\/fr\/wp-json\/wp\/v2\/media?parent=136"}],"curies":[{"name":"wp","href":"https:\/\/api.w.org\/{rel}","templated":true}]}}