{"id":132,"date":"2023-11-20T10:53:29","date_gmt":"2023-11-20T07:53:29","guid":{"rendered":"http:\/\/1xbet.team-dignitas.net\/fr\/?page_id=132"},"modified":"2026-01-15T13:33:25","modified_gmt":"2026-01-15T10:33:25","slug":"boxing","status":"publish","type":"page","link":"https:\/\/1xbet.team-dignitas.net\/fr\/boxing\/","title":{"rendered":"Parier sur la boxe avec 1xBet"},"content":{"rendered":"<p>La boxe est populaire sur tous les continents. Les combats entre deux professionnels attirent des millions de spectateurs devant les t\u00e9l\u00e9visions et dans les stades. Les pronostics sur la boxe sont devenus populaires ces derni\u00e8res ann\u00e9es. C&rsquo;est un excellent moyen de combiner des batailles spectaculaires avec des gains r\u00e9els. Parmi des centaines de plateformes de paris, <a href=\"https:\/\/1xbet.team-dignitas.net\/fr\/\">le site 1xBet<\/a> est la meilleure solution.<\/p>\n<p><img loading=\"lazy\" decoding=\"async\" class=\"alignnone size-full wp-image-628\" src=\"https:\/\/1xbet.team-dignitas.net\/fr\/wp-content\/uploads\/boxing.png\" alt=\"1xbet boxe\" width=\"1300\" height=\"735\" srcset=\"https:\/\/1xbet.team-dignitas.net\/fr\/wp-content\/uploads\/boxing.png 1300w, https:\/\/1xbet.team-dignitas.net\/fr\/wp-content\/uploads\/boxing-768x434.png 768w\" sizes=\"auto, (max-width: 1300px) 100vw, 1300px\" \/><\/p>\n<p>Fond\u00e9 en 1997, 1xBet est l&rsquo;un des leaders du secteur. Sa client\u00e8le compte plus de 400 000 utilisateurs actifs. Le bureau du bookmaker propose plus de 20 disciplines sportives, dont la boxe. Ce dernier couvre des dizaines d&rsquo;\u00e9v\u00e9nements quotidiens, permettant de suivre Tyson Fury, Oleksandr Usyk, Floyd Mayweather et d&rsquo;autres boxeurs \u00e0 succ\u00e8s tout en pariant sur de nombreux march\u00e9s. Pr\u00e9disez les gagnants et les KO pour gagner de l&rsquo;argent r\u00e9el.<\/p>\n<h2>Couverture de boxe sur 1xBet<\/h2>\n<p>La boxe n&rsquo;est pas un sport comme les autres. La plupart fonctionnent tout au long de la saison, assurant un flux constant d&rsquo;\u00e9v\u00e9nements quotidiens. En revanche, les matchs de boxe se d\u00e9roulent \u00e0 plusieurs mois d\u2019intervalle. 1xBet offre un moyen pratique de rester inform\u00e9 des \u00e9v\u00e9nements \u00e0 venir. Vous pouvez consulter les dates, le statut des athl\u00e8tes et les statistiques quand vous le souhaitez.<\/p>\n<ul>\n<li style=\"font-weight: 400;\" aria-level=\"1\"><b>Paris d&rsquo;avant-match.<\/b>Ce sont des pr\u00e9dictions pour les \u00e9v\u00e9nements \u00e0 venir. Vous placez un pari puis attendez la fin du match pour r\u00e9clamer vos gains.<\/li>\n<li style=\"font-weight: 400;\" aria-level=\"1\"><b>Paris pendant le match.<\/b>C&rsquo;est la meilleure option si vous pr\u00e9f\u00e9rez une exp\u00e9rience plus immersive. Vous pouvez pr\u00e9dire le vainqueur au fur et \u00e0 mesure que le match progresse en modifiant votre approche en fonction de ce qui se passe sur le ring.<\/li>\n<\/ul>\n<p>La couverture du march\u00e9 est assez large et les chances sont parmi les meilleures du secteur. Les passionn\u00e9s parient g\u00e9n\u00e9ralement sur le vainqueur, le KO et d\u2019autres options importantes dans chaque match de boxe.<\/p>\n<h2>Comment parier avec 1xBet<\/h2>\n<p>Pour commencer \u00e0 pr\u00e9dire les \u00e9v\u00e9nements de boxe, vous avez besoin d&rsquo;un compte actif et d&rsquo;un d\u00e9p\u00f4t. Voici les instructions \u00e0 suivre si vous souhaitez commencer \u00e0 parier sur 1xBet.<\/p>\n<ol>\n<li style=\"font-weight: 400;\" aria-level=\"1\"><b>Cr\u00e9er un compte.<\/b>1xBet propose plusieurs m\u00e9thodes d\u2019inscription : en utilisant une adresse e-mail\/un num\u00e9ro de t\u00e9l\u00e9phone\/un compte de r\u00e9seau social ou en un seul clic. Chacun n\u00e9cessite un minimum de vos donn\u00e9es. N&rsquo;oubliez pas de s\u00e9lectionner le bonus du bookmaker dans la case de gauche.<\/li>\n<li style=\"font-weight: 400;\" aria-level=\"1\"><b>Rechargez votre bankroll.<\/b>Le bookmaker propose plus de 10 options de paiement.Le montant minimum est suffisant pour recevoir le bonus et effectuer votre premier pari.<\/li>\n<li style=\"font-weight: 400;\" aria-level=\"1\"><b>Placez votre pari.<\/b>Maintenant que votre bankroll est reconstitu\u00e9e, ouvrez la section boxe et consultez tous les \u00e9v\u00e9nements. Recherchez leurs march\u00e9s et leurs cotes pour choisir les meilleures alternatives pour votre pari.<\/li>\n<li style=\"font-weight: 400;\" aria-level=\"1\"><b>Confirmez votre pr\u00e9diction.<\/b>Ajoutez l&rsquo;\u00e9v\u00e9nement \u00e0 votre coupon et cliquez sur le bouton de confirmation.<\/li>\n<li style=\"font-weight: 400;\" aria-level=\"1\">Croisez les doigts et attendez la fin de l\u2019\u00e9v\u00e9nement pour pouvoir r\u00e9clamer vos gains si votre pari est r\u00e9ussi. R\u00e9p\u00e9tez ensuite la proc\u00e9dure.<\/li>\n<\/ol>\n<p>Il n\u2019y a rien de compliqu\u00e9 l\u00e0-dedans. Tout ce dont vous avez besoin est un compte actif et une bankroll cumul\u00e9e.<\/p>\n<h3>Placez des paris o\u00f9 que vous soyez avec les applications 1xBet<\/h3>\n<p>En tant que bookmaker r\u00e9put\u00e9, 1xBet suit les derni\u00e8res tendances. C&rsquo;est pourquoi il propose plusieurs solutions mobiles. Vous pouvez utiliser un site Web r\u00e9actif ou une application Android\/iOS. Ce dernier est pr\u00e9f\u00e9rable, car il copie exactement la plateforme de bureau et ses services, et vous avez toujours acc\u00e8s aux \u00e9v\u00e9nements de boxe quotidiens. La proc\u00e9dure de pari n\u2019est pas diff\u00e9rente de ce que font les passionn\u00e9s sur les appareils de bureau.<\/p>\n<ol>\n<li style=\"font-weight: 400;\" aria-level=\"1\">Cr\u00e9er un nouveau compte.<\/li>\n<li style=\"font-weight: 400;\" aria-level=\"1\">Soumettez votre premier d\u00e9p\u00f4t.<\/li>\n<li style=\"font-weight: 400;\" aria-level=\"1\">Recevez un bonus de bienvenue du bookmaker.<\/li>\n<li style=\"font-weight: 400;\" aria-level=\"1\">Choisissez un match de boxe.<\/li>\n<li style=\"font-weight: 400;\" aria-level=\"1\">Confirmez votre pari et attendez la fin de l&rsquo;\u00e9v\u00e9nement.<\/li>\n<\/ol>\n<p>Placer des paris en d\u00e9placement via l&rsquo;application est extr\u00eamement pratique. Cela vous permet de placer des paris o\u00f9 et quand vous le souhaitez.<\/p>\n<p><img loading=\"lazy\" decoding=\"async\" class=\"alignnone size-full wp-image-618\" src=\"https:\/\/1xbet.team-dignitas.net\/fr\/wp-content\/uploads\/bonus.png\" alt=\"1bonus de boxe xbet\" width=\"1300\" height=\"735\" srcset=\"https:\/\/1xbet.team-dignitas.net\/fr\/wp-content\/uploads\/bonus.png 1300w, https:\/\/1xbet.team-dignitas.net\/fr\/wp-content\/uploads\/bonus-768x434.png 768w\" sizes=\"auto, (max-width: 1300px) 100vw, 1300px\" \/><\/p>\n<h2>Devenez client 1xBet et recevez un bonus<\/h2>\n<p>Le bookmaker fait tout pour attirer plus d\u2019utilisateurs. Si vous \u00eates sur le point de rejoindre 1xBet, vous aurez de nombreuses surprises, \u00e0 commencer par l\u2019offre de bienvenue. Le bonus de 100 % est automatiquement activ\u00e9 apr\u00e8s votre premier d\u00e9p\u00f4t. Son montant maximum est de 20 000 INR. Cela signifie que votre bankroll initiale peut atteindre 40 000 roupies.<\/p>\n<p>Ce n&rsquo;est que le d\u00e9but de votre aventure. Plus vous faites de paris, plus vous recevrez de r\u00e9compenses. L&rsquo;op\u00e9rateur propose des r\u00e9compenses telles que des paris gratuits, du cashback, etc. Il existe \u00e9galement des promotions saisonni\u00e8res organis\u00e9es \u00e0 la veille d&rsquo;\u00e9v\u00e9nements sportifs majeurs ou de jours f\u00e9ri\u00e9s. Mettez \u00e0 jour la page promotionnelle aussi souvent que possible afin de ne manquer aucune r\u00e9compense.<\/p>\n<h2>FAQ<\/h2>\n<div class=\"expert-review-faq expert-review-faq--style-simple-1 expert-review-faq--color-blue-1\"><div class=\"expert-review-faq-item\" itemscope itemprop=\"mainEntity\" itemtype=\"https:\/\/schema.org\/Question\">  <div class=\"expert-review-faq-item__question js-expert-review-faq-item-question\" itemprop=\"name\">Le bookmaker 1xBet est-il l\u00e9gal ?<\/div>  <div class=\"expert-review-faq-item__answer js-expert-review-faq-item-answer\" style=\"display:none\" itemscope itemprop=\"acceptedAnswer\" itemtype=\"https:\/\/schema.org\/Answer\"><span itemprop=\"text\">Oui, le bookmaker op\u00e8re de mani\u00e8re honn\u00eate et transparente sous la supervision de la Curacao Gaming Authority. La licence correspondante est disponible sur le site Internet.<\/div><\/div><div class=\"expert-review-faq-item\" itemscope itemprop=\"mainEntity\" itemtype=\"https:\/\/schema.org\/Question\">  <div class=\"expert-review-faq-item__question js-expert-review-faq-item-question\" itemprop=\"name\">Comment commencer \u00e0 parier sur 1xBet ?<\/div>  <div class=\"expert-review-faq-item__answer js-expert-review-faq-item-answer\" style=\"display:none\" itemscope itemprop=\"acceptedAnswer\" itemtype=\"https:\/\/schema.org\/Answer\"><span itemprop=\"text\">Tout ce que vous avez \u00e0 faire est de cr\u00e9er et d\u2019approvisionner votre compte. S\u00e9lectionnez ensuite l'\u00e9v\u00e9nement de boxe souhait\u00e9 et placez votre pari.<\/div><\/div><div class=\"expert-review-faq-item\" itemscope itemprop=\"mainEntity\" itemtype=\"https:\/\/schema.org\/Question\">  <div class=\"expert-review-faq-item__question js-expert-review-faq-item-question\" itemprop=\"name\">1xBet a-t-il une application mobile ?<\/div>  <div class=\"expert-review-faq-item__answer js-expert-review-faq-item-answer\" style=\"display:none\" itemscope itemprop=\"acceptedAnswer\" itemtype=\"https:\/\/schema.org\/Answer\"><span itemprop=\"text\">Le bookmaker propose des applications compatibles avec les appareils iPhone\/iPad et Android. Ils peuvent \u00eatre t\u00e9l\u00e9charg\u00e9s directement depuis le site Web 1xBet.<\/div><\/div><div class=\"expert-review-faq-item\" itemscope itemprop=\"mainEntity\" itemtype=\"https:\/\/schema.org\/Question\">  <div class=\"expert-review-faq-item__question js-expert-review-faq-item-question\" itemprop=\"name\">Quel est le d\u00e9p\u00f4t minimum ?<\/div>  <div class=\"expert-review-faq-item__answer js-expert-review-faq-item-answer\" style=\"display:none\" itemscope itemprop=\"acceptedAnswer\" itemtype=\"https:\/\/schema.org\/Answer\"><span itemprop=\"text\">Vous pouvez commencer \u00e0 jouer en d\u00e9posant seulement 300 francs CFA sur votre compte en utilisant l'un des modes de paiement disponibles.<\/div><\/div><div class=\"expert-review-faq-item\" itemscope itemprop=\"mainEntity\" itemtype=\"https:\/\/schema.org\/Question\">  <div class=\"expert-review-faq-item__question js-expert-review-faq-item-question\" itemprop=\"name\">\u00c0 quels bonus puis-je pr\u00e9tendre ?<\/div>  <div class=\"expert-review-faq-item__answer js-expert-review-faq-item-answer\" style=\"display:none\" itemscope itemprop=\"acceptedAnswer\" itemtype=\"https:\/\/schema.org\/Answer\"><span itemprop=\"text\">1xBet propose des promotions de bienvenue, continues et saisonni\u00e8res. En tant que nouveau client, vous pouvez vous attendre \u00e0 une offre de bienvenue \u00e0 100% (maximum 20 000 XOF) sur votre premier d\u00e9p\u00f4t. Continuez \u00e0 parier pour obtenir encore plus de r\u00e9compenses et de bonus.<\/div><\/div><\/div>\n","protected":false},"excerpt":{"rendered":"<p>La boxe est populaire sur tous les continents. Les combats entre deux professionnels attirent des millions de spectateurs devant les t\u00e9l\u00e9visions et dans les stades. Les pronostics sur la boxe sont devenus populaires ces derni\u00e8res ann\u00e9es. C&rsquo;est un excellent moyen de combiner des batailles spectaculaires avec des gains r\u00e9els. Parmi des centaines de plateformes de [&hellip;]<\/p>\n","protected":false},"author":1,"featured_media":628,"parent":0,"menu_order":0,"comment_status":"open","ping_status":"closed","template":"","meta":{"footnotes":""},"class_list":["post-132","page","type-page","status-publish","has-post-thumbnail","hentry"],"yoast_head":"<!-- This site is optimized with the Yoast SEO plugin v22.3 - https:\/\/yoast.com\/wordpress\/plugins\/seo\/ -->\n<title>D\u00e9couvrez la puissance de la boxe\u00a0: pariez sur des matchs acharn\u00e9s avec 1xBet<\/title>\n<meta name=\"description\" content=\"Pr\u00eat \u00e0 ressentir la mont\u00e9e d&#039;adr\u00e9naline de la boxe ? Pariez sur des matchs de boxe palpitants avec 1xBet et plongez-vous dans le monde de l\u2019action percutante. Explorez un large \u00e9ventail d&#039;options de paris, des cotes comp\u00e9titives et des promotions exclusives pour am\u00e9liorer votre exp\u00e9rience de boxe. Rejoignez 1xBet aujourd\u2019hui et montez sur le ring pour une aventure de paris inoubliable !\" \/>\n<meta name=\"robots\" content=\"index, follow, max-snippet:-1, max-image-preview:large, max-video-preview:-1\" \/>\n<link rel=\"canonical\" href=\"https:\/\/1xbet.team-dignitas.net\/fr\/boxing\/\" \/>\n<meta property=\"og:type\" content=\"article\" \/>\n<meta property=\"og:title\" content=\"D\u00e9couvrez la puissance de la boxe\u00a0: pariez sur des matchs acharn\u00e9s avec 1xBet\" \/>\n<meta property=\"og:description\" content=\"Pr\u00eat \u00e0 ressentir la mont\u00e9e d&#039;adr\u00e9naline de la boxe ? Pariez sur des matchs de boxe palpitants avec 1xBet et plongez-vous dans le monde de l\u2019action percutante. Explorez un large \u00e9ventail d&#039;options de paris, des cotes comp\u00e9titives et des promotions exclusives pour am\u00e9liorer votre exp\u00e9rience de boxe. Rejoignez 1xBet aujourd\u2019hui et montez sur le ring pour une aventure de paris inoubliable !\" \/>\n<meta property=\"og:url\" content=\"https:\/\/1xbet.team-dignitas.net\/fr\/boxing\/\" \/>\n<meta property=\"og:site_name\" content=\"1xBet\" \/>\n<meta property=\"article:publisher\" content=\"https:\/\/www.facebook.com\/groups\/krsk2019\/\" \/>\n<meta property=\"article:modified_time\" content=\"2026-01-15T10:33:25+00:00\" \/>\n<meta property=\"og:image\" content=\"https:\/\/1xbet.team-dignitas.net\/fr\/wp-content\/uploads\/boxing.png\" \/>\n\t<meta property=\"og:image:width\" content=\"1300\" \/>\n\t<meta property=\"og:image:height\" content=\"735\" \/>\n\t<meta property=\"og:image:type\" content=\"image\/png\" \/>\n<meta name=\"twitter:card\" content=\"summary_large_image\" \/>\n<meta name=\"twitter:site\" content=\"@xbet_casinos\" \/>\n<meta name=\"twitter:label1\" content=\"Dur\u00e9e de lecture estim\u00e9e\" \/>\n\t<meta name=\"twitter:data1\" content=\"5 minutes\" \/>\n<script type=\"application\/ld+json\" class=\"yoast-schema-graph\">{\"@context\":\"https:\/\/schema.org\",\"@graph\":[{\"@type\":\"WebPage\",\"@id\":\"https:\/\/1xbet.team-dignitas.net\/fr\/boxing\/\",\"url\":\"https:\/\/1xbet.team-dignitas.net\/fr\/boxing\/\",\"name\":\"D\u00e9couvrez la puissance de la boxe\u00a0: pariez sur des matchs acharn\u00e9s avec 1xBet\",\"isPartOf\":{\"@id\":\"https:\/\/1xbet.team-dignitas.net\/fr\/#website\"},\"primaryImageOfPage\":{\"@id\":\"https:\/\/1xbet.team-dignitas.net\/fr\/boxing\/#primaryimage\"},\"image\":{\"@id\":\"https:\/\/1xbet.team-dignitas.net\/fr\/boxing\/#primaryimage\"},\"thumbnailUrl\":\"https:\/\/1xbet.team-dignitas.net\/fr\/wp-content\/uploads\/boxing.png\",\"datePublished\":\"2023-11-20T07:53:29+00:00\",\"dateModified\":\"2026-01-15T10:33:25+00:00\",\"description\":\"Pr\u00eat \u00e0 ressentir la mont\u00e9e d'adr\u00e9naline de la boxe ? Pariez sur des matchs de boxe palpitants avec 1xBet et plongez-vous dans le monde de l\u2019action percutante. Explorez un large \u00e9ventail d'options de paris, des cotes comp\u00e9titives et des promotions exclusives pour am\u00e9liorer votre exp\u00e9rience de boxe. Rejoignez 1xBet aujourd\u2019hui et montez sur le ring pour une aventure de paris inoubliable !\",\"breadcrumb\":{\"@id\":\"https:\/\/1xbet.team-dignitas.net\/fr\/boxing\/#breadcrumb\"},\"inLanguage\":\"fr-FR\",\"potentialAction\":[{\"@type\":\"ReadAction\",\"target\":[\"https:\/\/1xbet.team-dignitas.net\/fr\/boxing\/\"]}]},{\"@type\":\"ImageObject\",\"inLanguage\":\"fr-FR\",\"@id\":\"https:\/\/1xbet.team-dignitas.net\/fr\/boxing\/#primaryimage\",\"url\":\"https:\/\/1xbet.team-dignitas.net\/fr\/wp-content\/uploads\/boxing.png\",\"contentUrl\":\"https:\/\/1xbet.team-dignitas.net\/fr\/wp-content\/uploads\/boxing.png\",\"width\":1300,\"height\":735,\"caption\":\"1xbet boxing\"},{\"@type\":\"BreadcrumbList\",\"@id\":\"https:\/\/1xbet.team-dignitas.net\/fr\/boxing\/#breadcrumb\",\"itemListElement\":[{\"@type\":\"ListItem\",\"position\":1,\"name\":\"Accueil\",\"item\":\"https:\/\/1xbet.team-dignitas.net\/fr\/\"},{\"@type\":\"ListItem\",\"position\":2,\"name\":\"Parier sur la boxe avec 1xBet\"}]},{\"@type\":\"WebSite\",\"@id\":\"https:\/\/1xbet.team-dignitas.net\/fr\/#website\",\"url\":\"https:\/\/1xbet.team-dignitas.net\/fr\/\",\"name\":\"1xBet\",\"description\":\"1xBet est le meilleur bookmaker et casino\",\"potentialAction\":[{\"@type\":\"SearchAction\",\"target\":{\"@type\":\"EntryPoint\",\"urlTemplate\":\"https:\/\/1xbet.team-dignitas.net\/fr\/?s={search_term_string}\"},\"query-input\":\"required name=search_term_string\"}],\"inLanguage\":\"fr-FR\"}]}<\/script>\n<!-- \/ Yoast SEO plugin. -->","yoast_head_json":{"title":"D\u00e9couvrez la puissance de la boxe\u00a0: pariez sur des matchs acharn\u00e9s avec 1xBet","description":"Pr\u00eat \u00e0 ressentir la mont\u00e9e d'adr\u00e9naline de la boxe ? Pariez sur des matchs de boxe palpitants avec 1xBet et plongez-vous dans le monde de l\u2019action percutante. Explorez un large \u00e9ventail d'options de paris, des cotes comp\u00e9titives et des promotions exclusives pour am\u00e9liorer votre exp\u00e9rience de boxe. Rejoignez 1xBet aujourd\u2019hui et montez sur le ring pour une aventure de paris inoubliable !","robots":{"index":"index","follow":"follow","max-snippet":"max-snippet:-1","max-image-preview":"max-image-preview:large","max-video-preview":"max-video-preview:-1"},"canonical":"https:\/\/1xbet.team-dignitas.net\/fr\/boxing\/","og_type":"article","og_title":"D\u00e9couvrez la puissance de la boxe\u00a0: pariez sur des matchs acharn\u00e9s avec 1xBet","og_description":"Pr\u00eat \u00e0 ressentir la mont\u00e9e d'adr\u00e9naline de la boxe ? Pariez sur des matchs de boxe palpitants avec 1xBet et plongez-vous dans le monde de l\u2019action percutante. Explorez un large \u00e9ventail d'options de paris, des cotes comp\u00e9titives et des promotions exclusives pour am\u00e9liorer votre exp\u00e9rience de boxe. Rejoignez 1xBet aujourd\u2019hui et montez sur le ring pour une aventure de paris inoubliable !","og_url":"https:\/\/1xbet.team-dignitas.net\/fr\/boxing\/","og_site_name":"1xBet","article_publisher":"https:\/\/www.facebook.com\/groups\/krsk2019\/","article_modified_time":"2026-01-15T10:33:25+00:00","og_image":[{"width":1300,"height":735,"url":"https:\/\/1xbet.team-dignitas.net\/fr\/wp-content\/uploads\/boxing.png","type":"image\/png"}],"twitter_card":"summary_large_image","twitter_site":"@xbet_casinos","twitter_misc":{"Dur\u00e9e de lecture estim\u00e9e":"5 minutes"},"schema":{"@context":"https:\/\/schema.org","@graph":[{"@type":"WebPage","@id":"https:\/\/1xbet.team-dignitas.net\/fr\/boxing\/","url":"https:\/\/1xbet.team-dignitas.net\/fr\/boxing\/","name":"D\u00e9couvrez la puissance de la boxe\u00a0: pariez sur des matchs acharn\u00e9s avec 1xBet","isPartOf":{"@id":"https:\/\/1xbet.team-dignitas.net\/fr\/#website"},"primaryImageOfPage":{"@id":"https:\/\/1xbet.team-dignitas.net\/fr\/boxing\/#primaryimage"},"image":{"@id":"https:\/\/1xbet.team-dignitas.net\/fr\/boxing\/#primaryimage"},"thumbnailUrl":"https:\/\/1xbet.team-dignitas.net\/fr\/wp-content\/uploads\/boxing.png","datePublished":"2023-11-20T07:53:29+00:00","dateModified":"2026-01-15T10:33:25+00:00","description":"Pr\u00eat \u00e0 ressentir la mont\u00e9e d'adr\u00e9naline de la boxe ? Pariez sur des matchs de boxe palpitants avec 1xBet et plongez-vous dans le monde de l\u2019action percutante. Explorez un large \u00e9ventail d'options de paris, des cotes comp\u00e9titives et des promotions exclusives pour am\u00e9liorer votre exp\u00e9rience de boxe. Rejoignez 1xBet aujourd\u2019hui et montez sur le ring pour une aventure de paris inoubliable !","breadcrumb":{"@id":"https:\/\/1xbet.team-dignitas.net\/fr\/boxing\/#breadcrumb"},"inLanguage":"fr-FR","potentialAction":[{"@type":"ReadAction","target":["https:\/\/1xbet.team-dignitas.net\/fr\/boxing\/"]}]},{"@type":"ImageObject","inLanguage":"fr-FR","@id":"https:\/\/1xbet.team-dignitas.net\/fr\/boxing\/#primaryimage","url":"https:\/\/1xbet.team-dignitas.net\/fr\/wp-content\/uploads\/boxing.png","contentUrl":"https:\/\/1xbet.team-dignitas.net\/fr\/wp-content\/uploads\/boxing.png","width":1300,"height":735,"caption":"1xbet boxing"},{"@type":"BreadcrumbList","@id":"https:\/\/1xbet.team-dignitas.net\/fr\/boxing\/#breadcrumb","itemListElement":[{"@type":"ListItem","position":1,"name":"Accueil","item":"https:\/\/1xbet.team-dignitas.net\/fr\/"},{"@type":"ListItem","position":2,"name":"Parier sur la boxe avec 1xBet"}]},{"@type":"WebSite","@id":"https:\/\/1xbet.team-dignitas.net\/fr\/#website","url":"https:\/\/1xbet.team-dignitas.net\/fr\/","name":"1xBet","description":"1xBet est le meilleur bookmaker et casino","potentialAction":[{"@type":"SearchAction","target":{"@type":"EntryPoint","urlTemplate":"https:\/\/1xbet.team-dignitas.net\/fr\/?s={search_term_string}"},"query-input":"required name=search_term_string"}],"inLanguage":"fr-FR"}]}},"_links":{"self":[{"href":"https:\/\/1xbet.team-dignitas.net\/fr\/wp-json\/wp\/v2\/pages\/132","targetHints":{"allow":["GET"]}}],"collection":[{"href":"https:\/\/1xbet.team-dignitas.net\/fr\/wp-json\/wp\/v2\/pages"}],"about":[{"href":"https:\/\/1xbet.team-dignitas.net\/fr\/wp-json\/wp\/v2\/types\/page"}],"author":[{"embeddable":true,"href":"https:\/\/1xbet.team-dignitas.net\/fr\/wp-json\/wp\/v2\/users\/1"}],"replies":[{"embeddable":true,"href":"https:\/\/1xbet.team-dignitas.net\/fr\/wp-json\/wp\/v2\/comments?post=132"}],"version-history":[{"count":12,"href":"https:\/\/1xbet.team-dignitas.net\/fr\/wp-json\/wp\/v2\/pages\/132\/revisions"}],"predecessor-version":[{"id":848,"href":"https:\/\/1xbet.team-dignitas.net\/fr\/wp-json\/wp\/v2\/pages\/132\/revisions\/848"}],"wp:featuredmedia":[{"embeddable":true,"href":"https:\/\/1xbet.team-dignitas.net\/fr\/wp-json\/wp\/v2\/media\/628"}],"wp:attachment":[{"href":"https:\/\/1xbet.team-dignitas.net\/fr\/wp-json\/wp\/v2\/media?parent=132"}],"curies":[{"name":"wp","href":"https:\/\/api.w.org\/{rel}","templated":true}]}}