{"id":128,"date":"2023-11-20T10:51:46","date_gmt":"2023-11-20T07:51:46","guid":{"rendered":"http:\/\/1xbet.team-dignitas.net\/fr\/?page_id=128"},"modified":"2026-01-15T13:23:58","modified_gmt":"2026-01-15T10:23:58","slug":"live-kabaddi","status":"publish","type":"page","link":"https:\/\/1xbet.team-dignitas.net\/fr\/live-kabaddi\/","title":{"rendered":"Paris d\u2019avant-match et en direct sur Kabaddi sur 1xBet"},"content":{"rendered":"<p>Le march\u00e9 russe des paris est devenu plus attrayant que jamais pour les bookmakers. De nombreux op\u00e9rateurs r\u00e9put\u00e9s sont apparus ici, dont <a href=\"https:\/\/1xbet.team-dignitas.net\/fr\/\">1xbet<\/a> . Son histoire commence il y a plus de 15 ans, et pendant tout ce temps, il a \u00e9t\u00e9 au sommet de l&rsquo;industrie. Ils sont l&rsquo;un des rares bookmakers \u00e0 proposer chaque jour plus de 1 000 \u00e9v\u00e9nements, couvrant plus de 20 sports. Cela inclut des disciplines populaires telles que le cricket et le football et des cat\u00e9gories exotiques telles que le kabaddi.<img loading=\"lazy\" decoding=\"async\" class=\"alignnone size-full wp-image-554\" src=\"https:\/\/1xbet.team-dignitas.net\/fr\/wp-content\/uploads\/kabaddi-1xbet.png\" alt=\"kabaddi 1xbet\" width=\"1300\" height=\"735\" srcset=\"https:\/\/1xbet.team-dignitas.net\/fr\/wp-content\/uploads\/kabaddi-1xbet.png 1300w, https:\/\/1xbet.team-dignitas.net\/fr\/wp-content\/uploads\/kabaddi-1xbet-768x434.png 768w\" sizes=\"auto, (max-width: 1300px) 100vw, 1300px\" \/><\/p>\n<p>Kabaddi a gagn\u00e9 en popularit\u00e9 ces derniers temps. Il est connu non seulement en Russie, mais aussi \u00e0 l&rsquo;\u00e9tranger. Si vous regardez souvent ces \u00e9v\u00e9nements au stade ou \u00e0 la t\u00e9l\u00e9vision, vous pouvez \u00e9galement transformer cela en revenus suppl\u00e9mentaires en pariant sur 1xBet.<\/p>\n<h2>Kabaddi Sports: informations de base<\/h2>\n<p>Les premi\u00e8res mentions de ce sport ont \u00e9t\u00e9 enregistr\u00e9es il y a plusieurs si\u00e8cles. Cependant, il a pris sa forme moderne en 1921, lorsque le premier syst\u00e8me de r\u00e8gles a \u00e9t\u00e9 \u00e9labor\u00e9 pour les matchs jou\u00e9s en Russie et dans les pays d&rsquo;Asie du Sud. Deux ans plus tard, les r\u00e8gles ont subi quelques modifications et ont \u00e9t\u00e9 utilis\u00e9es pour la premi\u00e8re fois lors du tournoi All India Kabaddi.<\/p>\n<p>En ce qui concerne le sport, il y a quelques choses que vous devez savoir avant de vous rendre sur 1xBet et de tenter votre chance en pariant :<\/p>\n<ul>\n<li style=\"font-weight: 400;\" aria-level=\"1\">Le match se compose de deux p\u00e9riodes (20 minutes chacune).<\/li>\n<li style=\"font-weight: 400;\" aria-level=\"1\">La pause entre les p\u00e9riodes est de 5 minutes.<\/li>\n<li style=\"font-weight: 400;\" aria-level=\"1\">Deux \u00e9quipes (7 athl\u00e8tes chacune) participent \u00e0 l&rsquo;\u00e9v\u00e9nement.<\/li>\n<li style=\"font-weight: 400;\" aria-level=\"1\">Le but de chaque \u00e9quipe est de marquer le plus de points possible en attaquant le terrain adverse et en frappant le plus de d\u00e9fenseurs possible.<\/li>\n<\/ul>\n<p>Il existe aujourd&rsquo;hui deux versions du jeu. Le Standard (aussi appel\u00e9 \u00ab classique \u00bb) implique un terrain rectangulaire sur lequel deux \u00e9quipes de 7 joueurs marquent des points. Un champ circulaire caract\u00e9rise la variante cercle et peut inclure plusieurs sous-types, chacun avec ses propres r\u00e8gles.<\/p>\n<h2>Comment parier sur un match Kabaddi<\/h2>\n<p>Ainsi, vous savez d\u00e9j\u00e0 que 1xBet est l\u2019un des principaux bookmakers sur le march\u00e9 INR. Comment commencer \u00e0 parier sur les matchs kabaddi en utilisant cette plateforme riche en fonctionnalit\u00e9s ? Suivez simplement les instructions ci-dessous:<\/p>\n<ol>\n<li style=\"font-weight: 400;\" aria-level=\"1\"><b>Registre. <\/b>Selon la m\u00e9thode d&rsquo;inscription que vous choisissez, vous passerez de quelques secondes \u00e0 quelques minutes.<\/li>\n<li style=\"font-weight: 400;\" aria-level=\"1\"><b>D\u00e9posez votre bankroll. <\/b>1xBet prend en charge les m\u00e9thodes de paiement courantes (telles que UPI et PayTM), avec INR dans la liste des devises disponibles. Vos fonds arriveront instantan\u00e9ment.<\/li>\n<li style=\"font-weight: 400;\" aria-level=\"1\"><b>Placez votre pari. <\/b>V\u00e9rifiez les \u00e9v\u00e9nements stock\u00e9s dans la section kabaddi et s\u00e9lectionnez celui qui convient. Ajoutez-le \u00e0 votre coupon et confirmez votre ench\u00e8re.<\/li>\n<li style=\"font-weight: 400;\" aria-level=\"1\"><b>R\u00e9cup\u00e9rez vos gains. <\/b>Si le pari est r\u00e9ussi, votre r\u00e9compense en esp\u00e8ces sera automatiquement cr\u00e9dit\u00e9e.<\/li>\n<li style=\"font-weight: 400;\" aria-level=\"1\"><b>R\u00e9p\u00e9tez la proc\u00e9dure. <\/b>Placez un autre pari et gagnez encore plus d&rsquo;argent.<\/li>\n<\/ol>\n<p>Les paris sur Kabaddi ne sont pas diff\u00e9rents de ce que vivent les passionn\u00e9s lorsqu&rsquo;ils pr\u00e9disent l&rsquo;issue des matchs de football, de cricket, de basket-ball et d&rsquo;autres matchs. S\u00e9lectionnez simplement un jeu avec des march\u00e9s\/cotes appropri\u00e9s et ajoutez-le \u00e0 votre coupon.<\/p>\n<p><img loading=\"lazy\" decoding=\"async\" class=\"alignnone size-full wp-image-555\" src=\"https:\/\/1xbet.team-dignitas.net\/fr\/wp-content\/uploads\/kabaddi-1x-bet.png\" alt=\"suivre kabaddi 1xbet\" width=\"1300\" height=\"735\" srcset=\"https:\/\/1xbet.team-dignitas.net\/fr\/wp-content\/uploads\/kabaddi-1x-bet.png 1300w, https:\/\/1xbet.team-dignitas.net\/fr\/wp-content\/uploads\/kabaddi-1x-bet-768x434.png 768w\" sizes=\"auto, (max-width: 1300px) 100vw, 1300px\" \/><\/p>\n<h3>Suivez les matchs de Kabaddi via l\u2019application 1xBet<\/h3>\n<p>La beaut\u00e9 est que 1xBet offre un service de qualit\u00e9 sur tous les types de plateformes. Si vous n&rsquo;avez pas d&rsquo;ordinateur\/ordinateur portable \u00e0 proximit\u00e9, installez l&rsquo;application iPhone\/iPad ou Android pour placer des paris kabaddi en d\u00e9placement. En plus des pr\u00e9visions, le programme propose de nombreux autres services.<\/p>\n<ul>\n<li style=\"font-weight: 400;\" aria-level=\"1\">Derni\u00e8res nouvelles et mises \u00e0 jour.<\/li>\n<li style=\"font-weight: 400;\" aria-level=\"1\">Statistiques d\u00e9taill\u00e9es et informations sur les \u00e9quipes et les athl\u00e8tes individuels.<\/li>\n<li style=\"font-weight: 400;\" aria-level=\"1\">\u00c9v\u00e9nements en direct avec paris instantan\u00e9s.<\/li>\n<li style=\"font-weight: 400;\" aria-level=\"1\">Entretiens d&rsquo;apr\u00e8s-match.<\/li>\n<li style=\"font-weight: 400;\" aria-level=\"1\">Liste compl\u00e8te des bonus et promotions.<\/li>\n<\/ul>\n<p>Si vous \u00eates int\u00e9ress\u00e9 par un acc\u00e8s 24h\/24 et 7j\/7 aux matchs et aux r\u00e9sultats, les applications 1xBet sont ce dont vous avez besoin. Placer des paris en d\u00e9placement est aussi simple que sur un appareil de bureau. Tout ce que vous avez \u00e0 faire est de cr\u00e9er et d&rsquo;approvisionner votre compte pour s\u00e9lectionner l&rsquo;\u00e9v\u00e9nement appropri\u00e9. Vous pouvez v\u00e9rifier \u00e0 quoi ressemble 1xBet sur les smartphones\/tablettes en ouvrant son site mobile via n\u2019importe quel navigateur, que ce soit Safari, Chrome ou tout autre navigateur.<\/p>\n<h2>Options de paris Kabaddi sur 1xBet<\/h2>\n<p>Comme d\u00e9j\u00e0 mentionn\u00e9, la plateforme 1xBet h\u00e9berge chaque jour plus de 1 000 \u00e9v\u00e9nements dans le monde. Cela signifie que vous disposez de nombreuses options en mati\u00e8re de matchs kabaddi. Voici quelques options de paris disponibles aujourd\u2019hui.<\/p>\n<ul>\n<li style=\"font-weight: 400;\" aria-level=\"1\"><b>Paris d&rsquo;avant-match. <\/b>Cela inclut les pr\u00e9visions planifi\u00e9es. Vous devez rechercher les \u00e9v\u00e9nements qui commenceront dans quelques minutes, heures ou jours et placer votre pari sur les march\u00e9s\/cotes appropri\u00e9s. L\u2019avantage est que vous pouvez \u00e9tudier les statistiques de l\u2019\u00e9quipe pour faire un pari \u00e9clair\u00e9.<\/li>\n<\/ul>\n<ul>\n<li style=\"font-weight: 400;\" aria-level=\"1\"><b>Paris pendant le match. <\/b>Ce sont des paris que vous placez en direct. Les titulaires de compte 1xBet ont acc\u00e8s aux \u00e9v\u00e9nements Kabaddi en direct. Vous pouvez modifier votre approche\/strat\u00e9gie et placer des paris instantan\u00e9s en fonction de l&rsquo;\u00e9quipe qui a l&rsquo;avantage et de celle qui est la plus proche de gagner. Des statistiques mises \u00e0 jour compl\u00e8tent cela.<\/li>\n<\/ul>\n<p>Que vous souhaitiez placer des paris programm\u00e9s ou que vous souhaitiez une exp\u00e9rience de paris en direct plus immersive, 1xBet a ce qu&rsquo;il vous faut. Les deux options sont incluses dans les applications mobiles.<\/p>\n<h2>Offre de bienvenue 1xBet pour les d\u00e9butants<\/h2>\n<p>Le bonus de bienvenue est l&rsquo;une des raisons de rejoindre le bookmaker aujourd&rsquo;hui. En tant que nouveau client, vous avez droit \u00e0 un cadeau de bienvenue g\u00e9ant 100%. Son co\u00fbt maximum atteint 20 000 INR. Votre bankroll de d\u00e9part sera de 40 000 INR si vous investissez 20 000 et le double de ce montant avec le bonus. Cependant, il convient de noter qu\u2019il ne peut \u00eatre pris qu\u2019une seule fois. Gardez \u00e9galement \u00e0 l\u2019esprit les exigences et conditions obligatoires, telles que les tarifs et les dates d\u2019expiration, pour tirer le meilleur parti de votre argent gratuit.<\/p>\n<p><img loading=\"lazy\" decoding=\"async\" class=\"alignnone size-full wp-image-583\" src=\"https:\/\/1xbet.team-dignitas.net\/fr\/wp-content\/uploads\/support.png\" alt=\"soutien technique\" width=\"1300\" height=\"735\" srcset=\"https:\/\/1xbet.team-dignitas.net\/fr\/wp-content\/uploads\/support.png 1300w, https:\/\/1xbet.team-dignitas.net\/fr\/wp-content\/uploads\/support-768x434.png 768w\" sizes=\"auto, (max-width: 1300px) 100vw, 1300px\" \/><\/p>\n<h2>Soutien<\/h2>\n<p>M\u00eame les joueurs professionnels sont parfois confront\u00e9s \u00e0 des probl\u00e8mes. Par cons\u00e9quent, chaque bookmaker doit disposer d\u2019un service d\u2019assistance client efficace. 1xBey excelle dans ce domaine. L&rsquo;\u00e9quipe d&rsquo;assistance est disponible 24h\/24 pour r\u00e9soudre votre probl\u00e8me instantan\u00e9ment. Ces gars-l\u00e0 peuvent \u00eatre contact\u00e9s par chat en direct, par t\u00e9l\u00e9phone ou par e-mail.<\/p>\n<p>Le chat en direct est la meilleure solution si vous souhaitez une r\u00e9ponse dans les secondes qui suivent l&rsquo;envoi de votre demande. L&rsquo;e-mail peut \u00eatre utile si vous devez d\u00e9crire votre probl\u00e8me, joindre des fichiers, etc. Dans l&rsquo;ensemble, le support de 1xBet fait bonne impression. Des experts qualifi\u00e9s r\u00e9pondront \u00e0 toute question concernant votre exp\u00e9rience de pari, les bonus, les transactions, etc.<\/p>\n<h2>FAQ<\/h2>\n<div class=\"expert-review-faq expert-review-faq--style-simple-1 expert-review-faq--color-blue-1\"><div class=\"expert-review-faq-item\" itemscope itemprop=\"mainEntity\" itemtype=\"https:\/\/schema.org\/Question\">  <div class=\"expert-review-faq-item__question js-expert-review-faq-item-question\" itemprop=\"name\">1xBet a-t-il une license ?<\/div>  <div class=\"expert-review-faq-item__answer js-expert-review-faq-item-answer\" style=\"display:none\" itemscope itemprop=\"acceptedAnswer\" itemtype=\"https:\/\/schema.org\/Answer\"><span itemprop=\"text\">Oui, la plateforme est agr\u00e9\u00e9e par la Curacao Gaming Authority et vous pouvez trouver le document correspondant sur son site Web.<\/div><\/div><div class=\"expert-review-faq-item\" itemscope itemprop=\"mainEntity\" itemtype=\"https:\/\/schema.org\/Question\">  <div class=\"expert-review-faq-item__question js-expert-review-faq-item-question\" itemprop=\"name\">Puis-je placer des paris en d\u00e9placement ?<\/div>  <div class=\"expert-review-faq-item__answer js-expert-review-faq-item-answer\" style=\"display:none\" itemscope itemprop=\"acceptedAnswer\" itemtype=\"https:\/\/schema.org\/Answer\"><span itemprop=\"text\">Oui, le bookmaker propose d\u2019excellentes applications pour les gadgets iPhone\/iPad et Android, ainsi que des versions mobiles du site.<\/div><\/div><div class=\"expert-review-faq-item\" itemscope itemprop=\"mainEntity\" itemtype=\"https:\/\/schema.org\/Question\">  <div class=\"expert-review-faq-item__question js-expert-review-faq-item-question\" itemprop=\"name\">Y a-t-il un bonus de bienvenue ?<\/div>  <div class=\"expert-review-faq-item__answer js-expert-review-faq-item-answer\" style=\"display:none\" itemscope itemprop=\"acceptedAnswer\" itemtype=\"https:\/\/schema.org\/Answer\"><span itemprop=\"text\">Les nouveaux arrivants b\u00e9n\u00e9ficient d\u2019une offre de bienvenue \u00e0 100% (maximum 20 mille XOF) sur les paris sportifs.<\/div><\/div><\/div>\n","protected":false},"excerpt":{"rendered":"<p>Le march\u00e9 russe des paris est devenu plus attrayant que jamais pour les bookmakers. De nombreux op\u00e9rateurs r\u00e9put\u00e9s sont apparus ici, dont 1xbet . Son histoire commence il y a plus de 15 ans, et pendant tout ce temps, il a \u00e9t\u00e9 au sommet de l&rsquo;industrie. Ils sont l&rsquo;un des rares bookmakers \u00e0 proposer chaque [&hellip;]<\/p>\n","protected":false},"author":1,"featured_media":554,"parent":0,"menu_order":0,"comment_status":"open","ping_status":"closed","template":"","meta":{"footnotes":""},"class_list":["post-128","page","type-page","status-publish","has-post-thumbnail","hentry"],"yoast_head":"<!-- This site is optimized with the Yoast SEO plugin v22.3 - https:\/\/yoast.com\/wordpress\/plugins\/seo\/ -->\n<title>Paris Kabaddi : paris rentables sur 1xBet avec des cotes \u00e9lev\u00e9es<\/title>\n<meta name=\"description\" content=\"Vous voulez en savoir plus sur les paris kabaddi sur 1xBet ? Alors lisez la suite pour en savoir plus sur les options de paris, l\u2019inscription et bien plus encore !\" \/>\n<meta name=\"robots\" content=\"index, follow, max-snippet:-1, max-image-preview:large, max-video-preview:-1\" \/>\n<link rel=\"canonical\" href=\"https:\/\/1xbet.team-dignitas.net\/fr\/live-kabaddi\/\" \/>\n<meta property=\"og:type\" content=\"article\" \/>\n<meta property=\"og:title\" content=\"Paris Kabaddi : paris rentables sur 1xBet avec des cotes \u00e9lev\u00e9es\" \/>\n<meta property=\"og:description\" content=\"Vous voulez en savoir plus sur les paris kabaddi sur 1xBet ? Alors lisez la suite pour en savoir plus sur les options de paris, l\u2019inscription et bien plus encore !\" \/>\n<meta property=\"og:url\" content=\"https:\/\/1xbet.team-dignitas.net\/fr\/live-kabaddi\/\" \/>\n<meta property=\"og:site_name\" content=\"1xBet\" \/>\n<meta property=\"article:publisher\" content=\"https:\/\/www.facebook.com\/groups\/krsk2019\/\" \/>\n<meta property=\"article:modified_time\" content=\"2026-01-15T10:23:58+00:00\" \/>\n<meta property=\"og:image\" content=\"https:\/\/1xbet.team-dignitas.net\/fr\/wp-content\/uploads\/kabaddi-1xbet.png\" \/>\n\t<meta property=\"og:image:width\" content=\"1300\" \/>\n\t<meta property=\"og:image:height\" content=\"735\" \/>\n\t<meta property=\"og:image:type\" content=\"image\/png\" \/>\n<meta name=\"twitter:card\" content=\"summary_large_image\" \/>\n<meta name=\"twitter:site\" content=\"@xbet_casinos\" \/>\n<meta name=\"twitter:label1\" content=\"Dur\u00e9e de lecture estim\u00e9e\" \/>\n\t<meta name=\"twitter:data1\" content=\"7 minutes\" \/>\n<script type=\"application\/ld+json\" class=\"yoast-schema-graph\">{\"@context\":\"https:\/\/schema.org\",\"@graph\":[{\"@type\":\"WebPage\",\"@id\":\"https:\/\/1xbet.team-dignitas.net\/fr\/live-kabaddi\/\",\"url\":\"https:\/\/1xbet.team-dignitas.net\/fr\/live-kabaddi\/\",\"name\":\"Paris Kabaddi : paris rentables sur 1xBet avec des cotes \u00e9lev\u00e9es\",\"isPartOf\":{\"@id\":\"https:\/\/1xbet.team-dignitas.net\/fr\/#website\"},\"primaryImageOfPage\":{\"@id\":\"https:\/\/1xbet.team-dignitas.net\/fr\/live-kabaddi\/#primaryimage\"},\"image\":{\"@id\":\"https:\/\/1xbet.team-dignitas.net\/fr\/live-kabaddi\/#primaryimage\"},\"thumbnailUrl\":\"https:\/\/1xbet.team-dignitas.net\/fr\/wp-content\/uploads\/kabaddi-1xbet.png\",\"datePublished\":\"2023-11-20T07:51:46+00:00\",\"dateModified\":\"2026-01-15T10:23:58+00:00\",\"description\":\"Vous voulez en savoir plus sur les paris kabaddi sur 1xBet ? Alors lisez la suite pour en savoir plus sur les options de paris, l\u2019inscription et bien plus encore !\",\"breadcrumb\":{\"@id\":\"https:\/\/1xbet.team-dignitas.net\/fr\/live-kabaddi\/#breadcrumb\"},\"inLanguage\":\"fr-FR\",\"potentialAction\":[{\"@type\":\"ReadAction\",\"target\":[\"https:\/\/1xbet.team-dignitas.net\/fr\/live-kabaddi\/\"]}]},{\"@type\":\"ImageObject\",\"inLanguage\":\"fr-FR\",\"@id\":\"https:\/\/1xbet.team-dignitas.net\/fr\/live-kabaddi\/#primaryimage\",\"url\":\"https:\/\/1xbet.team-dignitas.net\/fr\/wp-content\/uploads\/kabaddi-1xbet.png\",\"contentUrl\":\"https:\/\/1xbet.team-dignitas.net\/fr\/wp-content\/uploads\/kabaddi-1xbet.png\",\"width\":1300,\"height\":735,\"caption\":\"kabaddi 1xbet\"},{\"@type\":\"BreadcrumbList\",\"@id\":\"https:\/\/1xbet.team-dignitas.net\/fr\/live-kabaddi\/#breadcrumb\",\"itemListElement\":[{\"@type\":\"ListItem\",\"position\":1,\"name\":\"Accueil\",\"item\":\"https:\/\/1xbet.team-dignitas.net\/fr\/\"},{\"@type\":\"ListItem\",\"position\":2,\"name\":\"Paris d\u2019avant-match et en direct sur Kabaddi sur 1xBet\"}]},{\"@type\":\"WebSite\",\"@id\":\"https:\/\/1xbet.team-dignitas.net\/fr\/#website\",\"url\":\"https:\/\/1xbet.team-dignitas.net\/fr\/\",\"name\":\"1xBet\",\"description\":\"1xBet est le meilleur bookmaker et casino\",\"potentialAction\":[{\"@type\":\"SearchAction\",\"target\":{\"@type\":\"EntryPoint\",\"urlTemplate\":\"https:\/\/1xbet.team-dignitas.net\/fr\/?s={search_term_string}\"},\"query-input\":\"required name=search_term_string\"}],\"inLanguage\":\"fr-FR\"}]}<\/script>\n<!-- \/ Yoast SEO plugin. -->","yoast_head_json":{"title":"Paris Kabaddi : paris rentables sur 1xBet avec des cotes \u00e9lev\u00e9es","description":"Vous voulez en savoir plus sur les paris kabaddi sur 1xBet ? Alors lisez la suite pour en savoir plus sur les options de paris, l\u2019inscription et bien plus encore !","robots":{"index":"index","follow":"follow","max-snippet":"max-snippet:-1","max-image-preview":"max-image-preview:large","max-video-preview":"max-video-preview:-1"},"canonical":"https:\/\/1xbet.team-dignitas.net\/fr\/live-kabaddi\/","og_type":"article","og_title":"Paris Kabaddi : paris rentables sur 1xBet avec des cotes \u00e9lev\u00e9es","og_description":"Vous voulez en savoir plus sur les paris kabaddi sur 1xBet ? Alors lisez la suite pour en savoir plus sur les options de paris, l\u2019inscription et bien plus encore !","og_url":"https:\/\/1xbet.team-dignitas.net\/fr\/live-kabaddi\/","og_site_name":"1xBet","article_publisher":"https:\/\/www.facebook.com\/groups\/krsk2019\/","article_modified_time":"2026-01-15T10:23:58+00:00","og_image":[{"width":1300,"height":735,"url":"https:\/\/1xbet.team-dignitas.net\/fr\/wp-content\/uploads\/kabaddi-1xbet.png","type":"image\/png"}],"twitter_card":"summary_large_image","twitter_site":"@xbet_casinos","twitter_misc":{"Dur\u00e9e de lecture estim\u00e9e":"7 minutes"},"schema":{"@context":"https:\/\/schema.org","@graph":[{"@type":"WebPage","@id":"https:\/\/1xbet.team-dignitas.net\/fr\/live-kabaddi\/","url":"https:\/\/1xbet.team-dignitas.net\/fr\/live-kabaddi\/","name":"Paris Kabaddi : paris rentables sur 1xBet avec des cotes \u00e9lev\u00e9es","isPartOf":{"@id":"https:\/\/1xbet.team-dignitas.net\/fr\/#website"},"primaryImageOfPage":{"@id":"https:\/\/1xbet.team-dignitas.net\/fr\/live-kabaddi\/#primaryimage"},"image":{"@id":"https:\/\/1xbet.team-dignitas.net\/fr\/live-kabaddi\/#primaryimage"},"thumbnailUrl":"https:\/\/1xbet.team-dignitas.net\/fr\/wp-content\/uploads\/kabaddi-1xbet.png","datePublished":"2023-11-20T07:51:46+00:00","dateModified":"2026-01-15T10:23:58+00:00","description":"Vous voulez en savoir plus sur les paris kabaddi sur 1xBet ? Alors lisez la suite pour en savoir plus sur les options de paris, l\u2019inscription et bien plus encore !","breadcrumb":{"@id":"https:\/\/1xbet.team-dignitas.net\/fr\/live-kabaddi\/#breadcrumb"},"inLanguage":"fr-FR","potentialAction":[{"@type":"ReadAction","target":["https:\/\/1xbet.team-dignitas.net\/fr\/live-kabaddi\/"]}]},{"@type":"ImageObject","inLanguage":"fr-FR","@id":"https:\/\/1xbet.team-dignitas.net\/fr\/live-kabaddi\/#primaryimage","url":"https:\/\/1xbet.team-dignitas.net\/fr\/wp-content\/uploads\/kabaddi-1xbet.png","contentUrl":"https:\/\/1xbet.team-dignitas.net\/fr\/wp-content\/uploads\/kabaddi-1xbet.png","width":1300,"height":735,"caption":"kabaddi 1xbet"},{"@type":"BreadcrumbList","@id":"https:\/\/1xbet.team-dignitas.net\/fr\/live-kabaddi\/#breadcrumb","itemListElement":[{"@type":"ListItem","position":1,"name":"Accueil","item":"https:\/\/1xbet.team-dignitas.net\/fr\/"},{"@type":"ListItem","position":2,"name":"Paris d\u2019avant-match et en direct sur Kabaddi sur 1xBet"}]},{"@type":"WebSite","@id":"https:\/\/1xbet.team-dignitas.net\/fr\/#website","url":"https:\/\/1xbet.team-dignitas.net\/fr\/","name":"1xBet","description":"1xBet est le meilleur bookmaker et casino","potentialAction":[{"@type":"SearchAction","target":{"@type":"EntryPoint","urlTemplate":"https:\/\/1xbet.team-dignitas.net\/fr\/?s={search_term_string}"},"query-input":"required name=search_term_string"}],"inLanguage":"fr-FR"}]}},"_links":{"self":[{"href":"https:\/\/1xbet.team-dignitas.net\/fr\/wp-json\/wp\/v2\/pages\/128","targetHints":{"allow":["GET"]}}],"collection":[{"href":"https:\/\/1xbet.team-dignitas.net\/fr\/wp-json\/wp\/v2\/pages"}],"about":[{"href":"https:\/\/1xbet.team-dignitas.net\/fr\/wp-json\/wp\/v2\/types\/page"}],"author":[{"embeddable":true,"href":"https:\/\/1xbet.team-dignitas.net\/fr\/wp-json\/wp\/v2\/users\/1"}],"replies":[{"embeddable":true,"href":"https:\/\/1xbet.team-dignitas.net\/fr\/wp-json\/wp\/v2\/comments?post=128"}],"version-history":[{"count":12,"href":"https:\/\/1xbet.team-dignitas.net\/fr\/wp-json\/wp\/v2\/pages\/128\/revisions"}],"predecessor-version":[{"id":845,"href":"https:\/\/1xbet.team-dignitas.net\/fr\/wp-json\/wp\/v2\/pages\/128\/revisions\/845"}],"wp:featuredmedia":[{"embeddable":true,"href":"https:\/\/1xbet.team-dignitas.net\/fr\/wp-json\/wp\/v2\/media\/554"}],"wp:attachment":[{"href":"https:\/\/1xbet.team-dignitas.net\/fr\/wp-json\/wp\/v2\/media?parent=128"}],"curies":[{"name":"wp","href":"https:\/\/api.w.org\/{rel}","templated":true}]}}