{"id":115,"date":"2023-11-20T10:46:05","date_gmt":"2023-11-20T07:46:05","guid":{"rendered":"http:\/\/1xbet.team-dignitas.net\/fr\/?page_id=115"},"modified":"2026-01-15T13:20:24","modified_gmt":"2026-01-15T10:20:24","slug":"tennis-1xbet","status":"publish","type":"page","link":"https:\/\/1xbet.team-dignitas.net\/fr\/tennis-1xbet\/","title":{"rendered":"Ma\u00eetriser les paris sur le tennis sur 1xBet"},"content":{"rendered":"<p>Les paris sur le tennis offrent g\u00e9n\u00e9ralement une exp\u00e9rience passionnante \u00e0 tous les amateurs de sport. Avec son attrait mondial et ses tournois toute l\u2019ann\u00e9e, le tennis offre d\u2019innombrables opportunit\u00e9s de paris. Avec <a href=\"https:\/\/1xbet.team-dignitas.net\/fr\/\">1xbet,<\/a> parier sur le tennis est simple et agr\u00e9able, que vous soyez fan des tournois du Grand Chelem ou de l&rsquo;ATP.<img loading=\"lazy\" decoding=\"async\" class=\"alignnone size-full wp-image-584\" src=\"https:\/\/1xbet.team-dignitas.net\/fr\/wp-content\/uploads\/tennis-betting-1xbet.png\" alt=\"paris-sur-le-tennis-1xbet\" width=\"1300\" height=\"735\" srcset=\"https:\/\/1xbet.team-dignitas.net\/fr\/wp-content\/uploads\/tennis-betting-1xbet.png 1300w, https:\/\/1xbet.team-dignitas.net\/fr\/wp-content\/uploads\/tennis-betting-1xbet-768x434.png 768w\" sizes=\"auto, (max-width: 1300px) 100vw, 1300px\" \/><\/p>\n<h2>Commen\u00e7ons par parier sur le tennis sur 1xBet<\/h2>\n<p>Il est tr\u00e8s simple de commencer \u00e0 parier sur le tennis sur 1xBet. Vous devez d\u2019abord cr\u00e9er un profil. Ce processus est rapide et peut \u00eatre effectu\u00e9 via le site officiel 1xBet ou l\u2019application mobile si vous l\u2019avez d\u00e9j\u00e0 t\u00e9l\u00e9charg\u00e9. Voici des instructions simples:<\/p>\n<ul>\n<li style=\"font-weight: 400;\" aria-level=\"1\">Ouvrez le site Web 1xBet via un navigateur ou l\u2019application officielle.<\/li>\n<li style=\"font-weight: 400;\" aria-level=\"1\">Registre. Cliquez sur le bouton d&rsquo;inscription et remplissez toutes vos coordonn\u00e9es.<\/li>\n<li style=\"font-weight: 400;\" aria-level=\"1\">Fonds de d\u00e9p\u00f4t. Rechargez votre compte en utilisant l&rsquo;une des m\u00e9thodes propos\u00e9es.<\/li>\n<\/ul>\n<p>Une fois votre compte pr\u00eat et financ\u00e9, vous pouvez explorer toutes les options de tennis sur le site Web. Naviguez dans la section tennis, consultez les matchs disponibles et planifiez vos paris. Les paris sur le tennis sur 1xBet sont non seulement abordables, mais \u00e9galement s\u00fbrs.<\/p>\n<p><img loading=\"lazy\" decoding=\"async\" class=\"alignnone size-full wp-image-614\" src=\"https:\/\/1xbet.team-dignitas.net\/fr\/wp-content\/uploads\/betting-tennis-1xbet.png\" alt=\"tennis-1xbet\" width=\"1300\" height=\"735\" srcset=\"https:\/\/1xbet.team-dignitas.net\/fr\/wp-content\/uploads\/betting-tennis-1xbet.png 1300w, https:\/\/1xbet.team-dignitas.net\/fr\/wp-content\/uploads\/betting-tennis-1xbet-768x434.png 768w\" sizes=\"auto, (max-width: 1300px) 100vw, 1300px\" \/><\/p>\n<h2>Comprendre les options de paris sur le tennis sur 1xBet<\/h2>\n<p>La plateforme propose diverses options de paris dans la section tennis pour r\u00e9pondre \u00e0 diff\u00e9rentes pr\u00e9f\u00e9rences. Vous pouvez parier sur l&rsquo;issue d&rsquo;un match, sur la performance d&rsquo;un joueur ou sur des \u00e9v\u00e9nements de jeu sp\u00e9cifiques. Comprendre ces options est essentiel pour faire des paris \u00e9clair\u00e9s.<\/p>\n<p>1xBet propose une large gamme d\u2019options de paris pour ceux qui ont des connaissances avanc\u00e9es dans ce domaine. Si vous d\u00e9butez dans les paris sur le tennis, des paris de base tels que Match Winner sont disponibles sur la plateforme. Si vous recherchez quelque chose de plus stimulant, vous pouvez envisager de parier avec handicap. Ce pari donne \u00e0 un joueur un avantage virtuel, augmentant la difficult\u00e9 des paris et le gain potentiel. Cela \u00e9galise les chances et peut conduire \u00e0 des profits plus \u00e9lev\u00e9s.<\/p>\n<p>Une autre option populaire est le pari Total Match, o\u00f9 vous pouvez pr\u00e9dire le nombre total de jeux ou de sets dans un match. Cela ne n\u00e9cessite pas de choisir un gagnant ; estimez simplement combien de temps durera le match. Pour ceux qui aiment les d\u00e9tails, les paris Correct Score vous permettent de pr\u00e9dire le score exact d\u2019un match ou d\u2019un set.<\/p>\n<p>Chaque type de pari propose diff\u00e9rentes mani\u00e8res de profiter des matchs de tennis. Que vous pariez pour le plaisir ou que vous visiez un gros gain, 1xBet propose des options adapt\u00e9es \u00e0 votre style. N\u2019oubliez pas qu\u2019il est important de parier de mani\u00e8re responsable et selon vos moyens.<\/p>\n<h2>Comment parier sur le tennis sur 1xBet<\/h2>\n<p>Parier sur le tennis sur 1xBet est simple et amusant. Que vous utilisiez un ordinateur ou un appareil mobile, le processus sera clair. Voici comment commencer \u00e0 parier sur le tennis:<\/p>\n<ol>\n<li style=\"font-weight: 400;\" aria-level=\"1\">Connectez-vous \u00e0 votre compte 1xBet. Connectez-vous \u00e0 votre profil via le site officiel ou l&rsquo;application mobile.<\/li>\n<li style=\"font-weight: 400;\" aria-level=\"1\">Fonds de d\u00e9p\u00f4t. Choisissez un moyen pratique de d\u00e9poser de l\u2019argent directement sur votre compte.<\/li>\n<li style=\"font-weight: 400;\" aria-level=\"1\">S\u00e9lectionnez Tennis sous Sports. Sur la page principale, recherchez et s\u00e9lectionnez le tennis dans la liste des sports.<\/li>\n<li style=\"font-weight: 400;\" aria-level=\"1\">S\u00e9lectionnez une correspondance. Parcourez les matchs de tennis et choisissez celui qui vous int\u00e9resse.<\/li>\n<li style=\"font-weight: 400;\" aria-level=\"1\">S\u00e9lectionnez votre pari. S\u00e9lectionnez votre type de pari. Apr\u00e8s cela, saisissez le montant de la mise et confirmez-le.<\/li>\n<\/ol>\n<p>Une fois votre pari plac\u00e9, il vous suffit d\u2019attendre que le match se d\u00e9roule. Si votre pari est gagnant, vos gains seront cr\u00e9dit\u00e9s sur votre profil. Vous pouvez d\u00e9cider de retirer vos gains ou de les utiliser plus tard. Le plaisir de regarder un match et de savoir qu&rsquo;il vous int\u00e9resse ajoute encore plus d&rsquo;excitation \u00e0 l&rsquo;exp\u00e9rience visuelle.<\/p>\n<p><img loading=\"lazy\" decoding=\"async\" class=\"alignnone size-full wp-image-624\" src=\"https:\/\/1xbet.team-dignitas.net\/fr\/wp-content\/uploads\/bonus-for-tennis.png\" alt=\"bonus pour le tennis\" width=\"1300\" height=\"735\" srcset=\"https:\/\/1xbet.team-dignitas.net\/fr\/wp-content\/uploads\/bonus-for-tennis.png 1300w, https:\/\/1xbet.team-dignitas.net\/fr\/wp-content\/uploads\/bonus-for-tennis-768x434.png 768w\" sizes=\"auto, (max-width: 1300px) 100vw, 1300px\" \/><\/p>\n<h2>Bonus et promotions pour les parieurs sur le tennis<\/h2>\n<p>1xBet \u00e9tend ses options de paris sur le tennis avec une gamme de bonus all\u00e9chants. Pour les d\u00e9butants, un g\u00e9n\u00e9reux bonus de bienvenue de 100 % augmente votre d\u00e9p\u00f4t initial, doublant ainsi les fonds de votre compte. Cette offre de bienvenue est une excellente fa\u00e7on de commencer votre aventure de paris en fournissant des ressources suppl\u00e9mentaires pour exp\u00e9rimenter diff\u00e9rentes options de paris sur le tennis.<\/p>\n<p>Les joueurs r\u00e9guliers ne sont pas exclus, puisque 1xBet propose des promotions et des bonus constants. Celles-ci peuvent inclure des offres de cashback, des bonus de d\u00e9p\u00f4t et des promotions sp\u00e9ciales pour marquer les grands \u00e9v\u00e9nements de tennis. Ces bonus am\u00e9liorent votre exp\u00e9rience de pari, vous donnant de meilleures chances de parier et de gagner.<\/p>\n<p>V\u00e9rifiez toujours les termes et conditions pour profiter au maximum de ces offres. Chaque bonus comporte certaines exigences, comme miser un certain montant avant le retrait. Comprendre ces exigences vous permettra de profiter pleinement des bonus et des promotions 1xBet.<\/p>\n<h2>Application mobile 1xBet pour parier sur le tennis<\/h2>\n<p>Parier en d\u00e9placement est facile avec l\u2019application mobile 1xBet, compatible avec iOS et Android. Cette application fournit une liste compl\u00e8te de fonctionnalit\u00e9s dans un format pratique et mobile. Gr\u00e2ce \u00e0 l&rsquo;application, vous pouvez vous inscrire, d\u00e9poser des fonds, placer des paris, retirer des gains et utiliser toutes les autres fonctions du site officiel.<\/p>\n<p>L&rsquo;application reproduit le site Web, vous garantissant ainsi toutes les fonctionnalit\u00e9s. Il est optimis\u00e9 pour fonctionner correctement sur tous les appareils pour une exp\u00e9rience de pari fluide. Avec l&rsquo;application 1xBet, vous pouvez facilement suivre les matchs de tennis en direct, placer des paris en temps r\u00e9el et acc\u00e9der \u00e0 toutes les options de paris sur le tennis disponibles sur la plateforme. Que ce soit \u00e0 la maison ou en d\u00e9placement, l&rsquo;application 1xBet garantit que vous \u00eates toujours \u00e0 port\u00e9e de main de votre prochain pari passionnant sur le tennis.<\/p>\n<p><img loading=\"lazy\" decoding=\"async\" class=\"alignnone size-full wp-image-585\" src=\"https:\/\/1xbet.team-dignitas.net\/fr\/wp-content\/uploads\/tennis-betting-tips.png\" alt=\"Conseils et strat\u00e9gie de paris\" width=\"1300\" height=\"735\" srcset=\"https:\/\/1xbet.team-dignitas.net\/fr\/wp-content\/uploads\/tennis-betting-tips.png 1300w, https:\/\/1xbet.team-dignitas.net\/fr\/wp-content\/uploads\/tennis-betting-tips-768x434.png 768w\" sizes=\"auto, (max-width: 1300px) 100vw, 1300px\" \/><\/p>\n<h2>Conseils et strat\u00e9gies pour parier sur le tennis<\/h2>\n<p>Pour augmenter vos chances, il est important d\u2019avoir une strat\u00e9gie. Le tennis, comme tout sport, n\u00e9cessite des connaissances et une compr\u00e9hension pour r\u00e9ussir ses paris. Voici quelques conseils pour vous aider \u00e0 faire des paris plus intelligents:<\/p>\n<ul>\n<li style=\"font-weight: 400;\" aria-level=\"1\">Comprendre les joueurs. Conna\u00eetre les forces et les faiblesses des joueurs. Consid\u00e9rez leur efficacit\u00e9 sur diff\u00e9rentes surfaces (terre, gazon, terrain dur).<\/li>\n<li style=\"font-weight: 400;\" aria-level=\"1\">Consid\u00e9rez le format du match. Diff\u00e9rents tournois ont des formats diff\u00e9rents. Le meilleur des trois ou le meilleur des cinq options peuvent affecter les performances d&rsquo;un joueur.<\/li>\n<li style=\"font-weight: 400;\" aria-level=\"1\">D\u00e9couvrez les derni\u00e8res performances. D\u00e9couvrez les performances des joueurs lors de leurs derniers matchs. Cela peut \u00eatre un indicateur critique.<\/li>\n<li style=\"font-weight: 400;\" aria-level=\"1\">Surveillez les blessures. Les blessures des joueurs peuvent affecter consid\u00e9rablement l\u2019issue d\u2019un match. V\u00e9rifiez toujours les derni\u00e8res nouvelles.<\/li>\n<li style=\"font-weight: 400;\" aria-level=\"1\">V\u00e9rifiez les enregistrements des r\u00e9unions personnelles. Certains joueurs sont plus performants contre certains adversaires. Les enregistrements face \u00e0 face peuvent \u00eatre tr\u00e8s r\u00e9v\u00e9lateurs.<\/li>\n<\/ul>\n<p>En suivant ces conseils, vous serez en mesure de prendre des d\u00e9cisions plus \u00e9clair\u00e9es lors du placement de vos paris sur le tennis. N&rsquo;oubliez pas qu&rsquo;aucune strat\u00e9gie n&rsquo;est garantie de gagner, alors pariez de mani\u00e8re responsable et selon vos moyens.<\/p>\n<h2>Tournois de tennis populaires sur 1xBet<\/h2>\n<p>1xBet propose une large gamme de tournois de tennis pour les amateurs de paris. Parmi eux, vous pouvez trouver plusieurs tournois populaires sur lesquels vous pouvez parier:<\/p>\n<ul>\n<li style=\"font-weight: 400;\" aria-level=\"1\">Tournois prestigieux du Grand Chelem. Cette cat\u00e9gorie pr\u00e9sente des \u00e9v\u00e9nements c\u00e9l\u00e8bres tels que l&rsquo;Open d&rsquo;Australie, l&rsquo;Open de France, Wimbledon, l&rsquo;US Open, etc.<\/li>\n<li style=\"font-weight: 400;\" aria-level=\"1\">Circuits ATP et WTA. Y compris divers tournois internationaux tout au long de l&rsquo;ann\u00e9e.<\/li>\n<li style=\"font-weight: 400;\" aria-level=\"1\">Coupe Davis et Fed Cup. Comp\u00e9titions par \u00e9quipes prestigieuses en tennis masculin et f\u00e9minin.<\/li>\n<\/ul>\n<p>Ces tournois offrent une vari\u00e9t\u00e9 de matchs et d&rsquo;opportunit\u00e9s de paris. Des tournois du Grand Chelem \u00e0 enjeux \u00e9lev\u00e9s aux matchs comp\u00e9titifs des circuits ATP et WTA, il y a toujours quelque chose d&rsquo;int\u00e9ressant sur lequel parier.<\/p>\n<h2>Support client pour les joueurs<\/h2>\n<p>1xBet prend le support client au s\u00e9rieux. L&rsquo;\u00e9quipe d&rsquo;assistance vous aidera si vous avez des probl\u00e8mes ou des questions concernant les paris. Ils sont disponibles 24h\/24 et 7j\/7 par chat, e-mail et t\u00e9l\u00e9phone. Ils sont tr\u00e8s comp\u00e9tents et apportent une aide rapide. Avec des temps de r\u00e9ponse rapides et des connaissances approfondies, nos experts r\u00e9soudront efficacement tous les probl\u00e8mes techniques que vous pourriez rencontrer. Si vous avez besoin d&rsquo;aide pour placer un pari, retirer vos gains ou comprendre une promotion, l&rsquo;assistance est toujours l\u00e0 pour vous aider.<\/p>\n<h2>Conclusion<\/h2>\n<p>1xBet propose une plateforme de paris sur le tennis compl\u00e8te et amusante. Avec un large choix de tournois, d&rsquo;options de paris et de pr\u00e9cieux conseils et strat\u00e9gies, les joueurs nouveaux et exp\u00e9riment\u00e9s peuvent vivre une exp\u00e9rience enrichissante.<\/p>\n<h2>Section des questions fr\u00e9quemment pos\u00e9es<\/h2>\n<div class=\"expert-review-faq expert-review-faq--style-simple-1 expert-review-faq--color-blue-1\"><div class=\"expert-review-faq-item\" itemscope itemprop=\"mainEntity\" itemtype=\"https:\/\/schema.org\/Question\">  <div class=\"expert-review-faq-item__question js-expert-review-faq-item-question\" itemprop=\"name\">Les paris sur le tennis sur 1xBet conviennent-ils aux d\u00e9butants ?<\/div>  <div class=\"expert-review-faq-item__answer js-expert-review-faq-item-answer\" style=\"display:none\" itemscope itemprop=\"acceptedAnswer\" itemtype=\"https:\/\/schema.org\/Answer\"><span itemprop=\"text\">Oui, 1xBet propose une plateforme conviviale, id\u00e9ale pour les d\u00e9butants gr\u00e2ce \u00e0 sa navigation facile et ses diverses options de paris.<\/div><\/div><div class=\"expert-review-faq-item\" itemscope itemprop=\"mainEntity\" itemtype=\"https:\/\/schema.org\/Question\">  <div class=\"expert-review-faq-item__question js-expert-review-faq-item-question\" itemprop=\"name\">La plateforme de jeu est-elle s\u00fbre ?<\/div>  <div class=\"expert-review-faq-item__answer js-expert-review-faq-item-answer\" style=\"display:none\" itemscope itemprop=\"acceptedAnswer\" itemtype=\"https:\/\/schema.org\/Answer\"><span itemprop=\"text\">Bien s\u00fbr, car le site dispose d'une licence Cura\u00e7ao. Le cryptage SSL est \u00e9galement utilis\u00e9 pour assurer la s\u00e9curit\u00e9 des donn\u00e9es des joueurs.<\/div><\/div><div class=\"expert-review-faq-item\" itemscope itemprop=\"mainEntity\" itemtype=\"https:\/\/schema.org\/Question\">  <div class=\"expert-review-faq-item__question js-expert-review-faq-item-question\" itemprop=\"name\">Y a-t-il des bonus sp\u00e9ciaux lorsque l\u2019on parie sur le tennis sur 1xBet ?<\/div>  <div class=\"expert-review-faq-item__answer js-expert-review-faq-item-answer\" style=\"display:none\" itemscope itemprop=\"acceptedAnswer\" itemtype=\"https:\/\/schema.org\/Answer\"><span itemprop=\"text\">Pour confirmer votre identit\u00e9, remplissez simplement un formulaire dans votre compte personnel et envoyez une photo de votre passeport au support technique. Il ne faudra pas plus de trois jours \u00e0 l'administration pour v\u00e9rifier les donn\u00e9es. Apr\u00e8s une v\u00e9rification r\u00e9ussie, vous pouvez retirer vos gains facilement et rapidement.<\/div><\/div><div class=\"expert-review-faq-item\" itemscope itemprop=\"mainEntity\" itemtype=\"https:\/\/schema.org\/Question\">  <div class=\"expert-review-faq-item__question js-expert-review-faq-item-question\" itemprop=\"name\">Comment savoir sur quel tournoi de tennis parier ?<\/div>  <div class=\"expert-review-faq-item__answer js-expert-review-faq-item-answer\" style=\"display:none\" itemscope itemprop=\"acceptedAnswer\" itemtype=\"https:\/\/schema.org\/Answer\"><span itemprop=\"text\">Choisissez des tournois en fonction de votre connaissance des joueurs et de la surface, ainsi que de l'importance du tournoi et de la forme des joueurs.<\/div><\/div><\/div>\n","protected":false},"excerpt":{"rendered":"<p>Les paris sur le tennis offrent g\u00e9n\u00e9ralement une exp\u00e9rience passionnante \u00e0 tous les amateurs de sport. Avec son attrait mondial et ses tournois toute l\u2019ann\u00e9e, le tennis offre d\u2019innombrables opportunit\u00e9s de paris. Avec 1xbet, parier sur le tennis est simple et agr\u00e9able, que vous soyez fan des tournois du Grand Chelem ou de l&rsquo;ATP. Commen\u00e7ons [&hellip;]<\/p>\n","protected":false},"author":1,"featured_media":584,"parent":0,"menu_order":0,"comment_status":"open","ping_status":"closed","template":"","meta":{"footnotes":""},"class_list":["post-115","page","type-page","status-publish","has-post-thumbnail","hentry"],"yoast_head":"<!-- This site is optimized with the Yoast SEO plugin v22.3 - https:\/\/yoast.com\/wordpress\/plugins\/seo\/ -->\n<title>Le guide complet des paris sur le tennis sur 1xBet \u2013 Strat\u00e9gie, astuces et bonus<\/title>\n<meta name=\"description\" content=\"Poursuivez votre lecture pour d\u00e9couvrir un guide d\u00e9taill\u00e9 couvrant tout, du d\u00e9marrage \u00e0 la maximisation de vos gains gr\u00e2ce \u00e0 des strat\u00e9gies de paris efficaces. D\u00e9couvrez comment tirer le meilleur parti de vos paris sur le tennis sur 1xBet.\" \/>\n<meta name=\"robots\" content=\"index, follow, max-snippet:-1, max-image-preview:large, max-video-preview:-1\" \/>\n<link rel=\"canonical\" href=\"https:\/\/1xbet.team-dignitas.net\/fr\/tennis-1xbet\/\" \/>\n<meta property=\"og:type\" content=\"article\" \/>\n<meta property=\"og:title\" content=\"Le guide complet des paris sur le tennis sur 1xBet \u2013 Strat\u00e9gie, astuces et bonus\" \/>\n<meta property=\"og:description\" content=\"Poursuivez votre lecture pour d\u00e9couvrir un guide d\u00e9taill\u00e9 couvrant tout, du d\u00e9marrage \u00e0 la maximisation de vos gains gr\u00e2ce \u00e0 des strat\u00e9gies de paris efficaces. D\u00e9couvrez comment tirer le meilleur parti de vos paris sur le tennis sur 1xBet.\" \/>\n<meta property=\"og:url\" content=\"https:\/\/1xbet.team-dignitas.net\/fr\/tennis-1xbet\/\" \/>\n<meta property=\"og:site_name\" content=\"1xBet\" \/>\n<meta property=\"article:publisher\" content=\"https:\/\/www.facebook.com\/groups\/krsk2019\/\" \/>\n<meta property=\"article:modified_time\" content=\"2026-01-15T10:20:24+00:00\" \/>\n<meta property=\"og:image\" content=\"https:\/\/1xbet.team-dignitas.net\/fr\/wp-content\/uploads\/tennis-betting-1xbet.png\" \/>\n\t<meta property=\"og:image:width\" content=\"1300\" \/>\n\t<meta property=\"og:image:height\" content=\"735\" \/>\n\t<meta property=\"og:image:type\" content=\"image\/png\" \/>\n<meta name=\"twitter:card\" content=\"summary_large_image\" \/>\n<meta name=\"twitter:site\" content=\"@xbet_casinos\" \/>\n<meta name=\"twitter:label1\" content=\"Dur\u00e9e de lecture estim\u00e9e\" \/>\n\t<meta name=\"twitter:data1\" content=\"9 minutes\" \/>\n<script type=\"application\/ld+json\" class=\"yoast-schema-graph\">{\"@context\":\"https:\/\/schema.org\",\"@graph\":[{\"@type\":\"WebPage\",\"@id\":\"https:\/\/1xbet.team-dignitas.net\/fr\/tennis-1xbet\/\",\"url\":\"https:\/\/1xbet.team-dignitas.net\/fr\/tennis-1xbet\/\",\"name\":\"Le guide complet des paris sur le tennis sur 1xBet \u2013 Strat\u00e9gie, astuces et bonus\",\"isPartOf\":{\"@id\":\"https:\/\/1xbet.team-dignitas.net\/fr\/#website\"},\"primaryImageOfPage\":{\"@id\":\"https:\/\/1xbet.team-dignitas.net\/fr\/tennis-1xbet\/#primaryimage\"},\"image\":{\"@id\":\"https:\/\/1xbet.team-dignitas.net\/fr\/tennis-1xbet\/#primaryimage\"},\"thumbnailUrl\":\"https:\/\/1xbet.team-dignitas.net\/fr\/wp-content\/uploads\/tennis-betting-1xbet.png\",\"datePublished\":\"2023-11-20T07:46:05+00:00\",\"dateModified\":\"2026-01-15T10:20:24+00:00\",\"description\":\"Poursuivez votre lecture pour d\u00e9couvrir un guide d\u00e9taill\u00e9 couvrant tout, du d\u00e9marrage \u00e0 la maximisation de vos gains gr\u00e2ce \u00e0 des strat\u00e9gies de paris efficaces. D\u00e9couvrez comment tirer le meilleur parti de vos paris sur le tennis sur 1xBet.\",\"breadcrumb\":{\"@id\":\"https:\/\/1xbet.team-dignitas.net\/fr\/tennis-1xbet\/#breadcrumb\"},\"inLanguage\":\"fr-FR\",\"potentialAction\":[{\"@type\":\"ReadAction\",\"target\":[\"https:\/\/1xbet.team-dignitas.net\/fr\/tennis-1xbet\/\"]}]},{\"@type\":\"ImageObject\",\"inLanguage\":\"fr-FR\",\"@id\":\"https:\/\/1xbet.team-dignitas.net\/fr\/tennis-1xbet\/#primaryimage\",\"url\":\"https:\/\/1xbet.team-dignitas.net\/fr\/wp-content\/uploads\/tennis-betting-1xbet.png\",\"contentUrl\":\"https:\/\/1xbet.team-dignitas.net\/fr\/wp-content\/uploads\/tennis-betting-1xbet.png\",\"width\":1300,\"height\":735,\"caption\":\"tennis-betting-1xbet\"},{\"@type\":\"BreadcrumbList\",\"@id\":\"https:\/\/1xbet.team-dignitas.net\/fr\/tennis-1xbet\/#breadcrumb\",\"itemListElement\":[{\"@type\":\"ListItem\",\"position\":1,\"name\":\"Accueil\",\"item\":\"https:\/\/1xbet.team-dignitas.net\/fr\/\"},{\"@type\":\"ListItem\",\"position\":2,\"name\":\"Ma\u00eetriser les paris sur le tennis sur 1xBet\"}]},{\"@type\":\"WebSite\",\"@id\":\"https:\/\/1xbet.team-dignitas.net\/fr\/#website\",\"url\":\"https:\/\/1xbet.team-dignitas.net\/fr\/\",\"name\":\"1xBet\",\"description\":\"1xBet est le meilleur bookmaker et casino\",\"potentialAction\":[{\"@type\":\"SearchAction\",\"target\":{\"@type\":\"EntryPoint\",\"urlTemplate\":\"https:\/\/1xbet.team-dignitas.net\/fr\/?s={search_term_string}\"},\"query-input\":\"required name=search_term_string\"}],\"inLanguage\":\"fr-FR\"}]}<\/script>\n<!-- \/ Yoast SEO plugin. -->","yoast_head_json":{"title":"Le guide complet des paris sur le tennis sur 1xBet \u2013 Strat\u00e9gie, astuces et bonus","description":"Poursuivez votre lecture pour d\u00e9couvrir un guide d\u00e9taill\u00e9 couvrant tout, du d\u00e9marrage \u00e0 la maximisation de vos gains gr\u00e2ce \u00e0 des strat\u00e9gies de paris efficaces. D\u00e9couvrez comment tirer le meilleur parti de vos paris sur le tennis sur 1xBet.","robots":{"index":"index","follow":"follow","max-snippet":"max-snippet:-1","max-image-preview":"max-image-preview:large","max-video-preview":"max-video-preview:-1"},"canonical":"https:\/\/1xbet.team-dignitas.net\/fr\/tennis-1xbet\/","og_type":"article","og_title":"Le guide complet des paris sur le tennis sur 1xBet \u2013 Strat\u00e9gie, astuces et bonus","og_description":"Poursuivez votre lecture pour d\u00e9couvrir un guide d\u00e9taill\u00e9 couvrant tout, du d\u00e9marrage \u00e0 la maximisation de vos gains gr\u00e2ce \u00e0 des strat\u00e9gies de paris efficaces. D\u00e9couvrez comment tirer le meilleur parti de vos paris sur le tennis sur 1xBet.","og_url":"https:\/\/1xbet.team-dignitas.net\/fr\/tennis-1xbet\/","og_site_name":"1xBet","article_publisher":"https:\/\/www.facebook.com\/groups\/krsk2019\/","article_modified_time":"2026-01-15T10:20:24+00:00","og_image":[{"width":1300,"height":735,"url":"https:\/\/1xbet.team-dignitas.net\/fr\/wp-content\/uploads\/tennis-betting-1xbet.png","type":"image\/png"}],"twitter_card":"summary_large_image","twitter_site":"@xbet_casinos","twitter_misc":{"Dur\u00e9e de lecture estim\u00e9e":"9 minutes"},"schema":{"@context":"https:\/\/schema.org","@graph":[{"@type":"WebPage","@id":"https:\/\/1xbet.team-dignitas.net\/fr\/tennis-1xbet\/","url":"https:\/\/1xbet.team-dignitas.net\/fr\/tennis-1xbet\/","name":"Le guide complet des paris sur le tennis sur 1xBet \u2013 Strat\u00e9gie, astuces et bonus","isPartOf":{"@id":"https:\/\/1xbet.team-dignitas.net\/fr\/#website"},"primaryImageOfPage":{"@id":"https:\/\/1xbet.team-dignitas.net\/fr\/tennis-1xbet\/#primaryimage"},"image":{"@id":"https:\/\/1xbet.team-dignitas.net\/fr\/tennis-1xbet\/#primaryimage"},"thumbnailUrl":"https:\/\/1xbet.team-dignitas.net\/fr\/wp-content\/uploads\/tennis-betting-1xbet.png","datePublished":"2023-11-20T07:46:05+00:00","dateModified":"2026-01-15T10:20:24+00:00","description":"Poursuivez votre lecture pour d\u00e9couvrir un guide d\u00e9taill\u00e9 couvrant tout, du d\u00e9marrage \u00e0 la maximisation de vos gains gr\u00e2ce \u00e0 des strat\u00e9gies de paris efficaces. D\u00e9couvrez comment tirer le meilleur parti de vos paris sur le tennis sur 1xBet.","breadcrumb":{"@id":"https:\/\/1xbet.team-dignitas.net\/fr\/tennis-1xbet\/#breadcrumb"},"inLanguage":"fr-FR","potentialAction":[{"@type":"ReadAction","target":["https:\/\/1xbet.team-dignitas.net\/fr\/tennis-1xbet\/"]}]},{"@type":"ImageObject","inLanguage":"fr-FR","@id":"https:\/\/1xbet.team-dignitas.net\/fr\/tennis-1xbet\/#primaryimage","url":"https:\/\/1xbet.team-dignitas.net\/fr\/wp-content\/uploads\/tennis-betting-1xbet.png","contentUrl":"https:\/\/1xbet.team-dignitas.net\/fr\/wp-content\/uploads\/tennis-betting-1xbet.png","width":1300,"height":735,"caption":"tennis-betting-1xbet"},{"@type":"BreadcrumbList","@id":"https:\/\/1xbet.team-dignitas.net\/fr\/tennis-1xbet\/#breadcrumb","itemListElement":[{"@type":"ListItem","position":1,"name":"Accueil","item":"https:\/\/1xbet.team-dignitas.net\/fr\/"},{"@type":"ListItem","position":2,"name":"Ma\u00eetriser les paris sur le tennis sur 1xBet"}]},{"@type":"WebSite","@id":"https:\/\/1xbet.team-dignitas.net\/fr\/#website","url":"https:\/\/1xbet.team-dignitas.net\/fr\/","name":"1xBet","description":"1xBet est le meilleur bookmaker et casino","potentialAction":[{"@type":"SearchAction","target":{"@type":"EntryPoint","urlTemplate":"https:\/\/1xbet.team-dignitas.net\/fr\/?s={search_term_string}"},"query-input":"required name=search_term_string"}],"inLanguage":"fr-FR"}]}},"_links":{"self":[{"href":"https:\/\/1xbet.team-dignitas.net\/fr\/wp-json\/wp\/v2\/pages\/115","targetHints":{"allow":["GET"]}}],"collection":[{"href":"https:\/\/1xbet.team-dignitas.net\/fr\/wp-json\/wp\/v2\/pages"}],"about":[{"href":"https:\/\/1xbet.team-dignitas.net\/fr\/wp-json\/wp\/v2\/types\/page"}],"author":[{"embeddable":true,"href":"https:\/\/1xbet.team-dignitas.net\/fr\/wp-json\/wp\/v2\/users\/1"}],"replies":[{"embeddable":true,"href":"https:\/\/1xbet.team-dignitas.net\/fr\/wp-json\/wp\/v2\/comments?post=115"}],"version-history":[{"count":10,"href":"https:\/\/1xbet.team-dignitas.net\/fr\/wp-json\/wp\/v2\/pages\/115\/revisions"}],"predecessor-version":[{"id":843,"href":"https:\/\/1xbet.team-dignitas.net\/fr\/wp-json\/wp\/v2\/pages\/115\/revisions\/843"}],"wp:featuredmedia":[{"embeddable":true,"href":"https:\/\/1xbet.team-dignitas.net\/fr\/wp-json\/wp\/v2\/media\/584"}],"wp:attachment":[{"href":"https:\/\/1xbet.team-dignitas.net\/fr\/wp-json\/wp\/v2\/media?parent=115"}],"curies":[{"name":"wp","href":"https:\/\/api.w.org\/{rel}","templated":true}]}}